{"id":5698,"date":"2022-09-22T13:40:09","date_gmt":"2022-09-22T10:40:09","guid":{"rendered":"https:\/\/nordicministorages.ee\/privaatsuspoliitika\/"},"modified":"2026-03-04T10:19:24","modified_gmt":"2026-03-04T08:19:24","slug":"privaatsuspoliitika","status":"publish","type":"page","link":"https:\/\/nordicministorages.ee\/et\/privaatsuspoliitika\/","title":{"rendered":"Privaatsuspoliitika"},"content":{"rendered":"\t\t<div data-elementor-type=\"wp-page\" data-elementor-id=\"5698\" class=\"elementor elementor-5698 elementor-88\" data-elementor-post-type=\"page\">\n\t\t\t\t\t\t<section class=\"elementor-section elementor-top-section elementor-element elementor-element-faf855f elementor-section-boxed elementor-section-height-default elementor-section-height-default\" data-id=\"faf855f\" data-element_type=\"section\" data-e-type=\"section\">\n\t\t\t\t\t\t<div class=\"elementor-container elementor-column-gap-default\">\n\t\t\t\t\t<div class=\"elementor-column elementor-col-100 elementor-top-column elementor-element elementor-element-53d4230\" data-id=\"53d4230\" data-element_type=\"column\" data-e-type=\"column\">\n\t\t\t<div class=\"elementor-widget-wrap elementor-element-populated\">\n\t\t\t\t\t\t<div class=\"elementor-element elementor-element-ec22ee8 elementor-widget elementor-widget-text-editor\" data-id=\"ec22ee8\" data-element_type=\"widget\" data-e-type=\"widget\" data-widget_type=\"text-editor.default\">\n\t\t\t\t<div class=\"elementor-widget-container\">\n\t\t\t\t\t\t\t\t\t<h1><span style=\"font-weight: 400;\">Isikuandmete t\u00f6\u00f6tlemine (privaatsuspoliitika, turvakaamerad ja k\u00fcpsised)<\/span><\/h1><p>Kontaktinfo:<br>Kui Sul tekib k\u00fcsimusi, siis palun kirjuta <a href=\"mailto:klienditugi@nordicministorages.ee\">klienditugi@nordicministorages.ee<\/a> v\u00f5i helista +372 53 552 332 (klienditugi).<\/p><p><b>Korduma kippuvad k\u00fcsimused ehk mida Sa tegelikult teada soovid<\/b><\/p><p><b>Kas jagate minu andmeid kellegi teisega?<\/b><\/p><p><span style=\"font-weight: 400;\">Vastus: EI!<\/span><\/p><p><b>Mida teete turvakaamerate videosalvestistega?<\/b><\/p><p><span style=\"font-weight: 400;\">L\u00fchike vastus: tavajuhul mitte midagi. Salvestamise eesm\u00e4rk on Kasutajate ja Nordic Mini Storages vara kaitse ning turvaintsidentide t\u00f5endite s\u00e4ilitamine ehk et oleks v\u00f5imalik tuvastada, kes l\u00f5hkus midagi \u00e4ra, k\u00e4is vargil v\u00f5i p\u00f5hjustas muud varalist kahju. Sinu algatusel s.t. kui meile helistad ja palud abi v\u00f5i juhendamist v\u00f5ime avada reaalajas turvakaamera pildi Sinu j\u00e4lgimiseks \u2013 et saaksime Sind kiiremini ja paremini juhendada.  <\/span><\/p><p><span style=\"font-weight: 400;\">Pikem vastus: Kasutame nii \u00f6elda musta kasti lahendust. See t\u00e4hendab, et tavajuhul salvestis kustutatakse automaatselt 1 kuu m\u00f6\u00f6dudes ilma, et seda keegi vaataks. Kui on toimunud turvaintsident ehk midagi on kahjustatud, l\u00f5hutud v\u00f5i varastatud, siis otsitakse salvestustest vastav koht \u00fcles ja seda konkreetset kohta (t\u00f5endit) s\u00e4ilitatakse kuni intsidendi lahendamise ning varalise kahju h\u00fcvitamiseni.  <\/span><\/p><p><span style=\"font-weight: 400;\">Kui helistad meile ning palud kohest abi v\u00f5i juhendamist v\u00f5ime v\u00e4lja pakkuda, et juhendamise ajaks avame ka reaalajas turvakaamera pildi. Eesm\u00e4rk on Sind kiiremini ja paremini juhendada.<br> <\/span><\/p><p><span style=\"font-weight: 400;\">Kui oled Nordic Mini Storages t\u00f6\u00f6taja, teenusepakkuja v\u00f5i t\u00f6\u00f6tad Nordic Mini Storages teenusepakkuja juures, siis v\u00f5ime kasutada turvakaamera videosalvestist kontrollimaks, kas tellitud t\u00f6\u00f6 on reaalselt teostatud ning hindamaks tehtud t\u00f6\u00f6 kvaliteeti. Nordic Mini Storages minilaod toimivad kaughalduse teel. <\/span><\/p><p><b>Kes nimeliselt minu andmeid n\u00e4eb?<\/b><\/p><p><span style=\"font-weight: 400;\">K\u00f5iki Sinu andmeid n\u00e4eb Nordic Mini Storages \u00fcks asutajatest Peeter P\u00e4rtel. Lisaks on pea k\u00f5igele ligip\u00e4\u00e4s meie virtuaalassistendil Anna-Liisal, et ta saaks vajadusel Sulle kiiresti abiks olla (n\u00e4iteks ta n\u00e4eb millised kirjad Sulle on v\u00e4lja saadetud ja saab neid uuesti saata). Raamatupidaja n\u00e4eb seda infot, mis on m\u00fc\u00fcgiarvetel, kuid arved ise j\u00f5uavad raamatupidamisse automaatselt ehk tal pole aega uurida rohkem kui on vaja v\u00e4heste k\u00e4sitsi tehtud \u00fclekannete sidumiseks arvetega.  <\/span><\/p><p><b>Mul on veel k\u00fcsimusi. Kuhu kirjutada? <\/b><\/p><p>Kiirema vastuse saad kui kirjutad <a href=\"mailto:klienditugi@nordicministorages.ee\">klienditugi@nordicministorages.ee<\/a><\/p><p><b>Isikuandmete t\u00f6\u00f6tlemine (privaatsuspoliitika, turvakaamerad ja k\u00fcpsised)<\/b><\/p><p><span style=\"font-weight: 400;\">K\u00e4esolev privaatsuspoliitika ja k\u00fcpsiste kasutamise kokkulepe kehtivad alates 01.03.2026 ning reguleerivad isikuandmete t\u00f6\u00f6tlemist ja k\u00fcpsiste kasutamist Nordic Mini Storages O\u00dc (edaspidi Nordic Mini Storages) veebilehel, mis asub domeenis nordicministorages.ee (edaspidi veebileht) ning Nordic Mini Storages hallatavatel kinnistutel ning neil paiknevates hoonetes, mis k\u00e4esoleval ajal on Rae vallas, J\u00fcri alevikus, Aleviku p\u00f5ik 6; Aleviku p\u00f5ik 4; Aleviku p\u00f5ik L1 ja L2 ehk t\u00e4nav ise (edaspidi kinnistu J\u00fcri) ja P\u00e4rnu linnas, Oja tn 114 ruum 104 (edaspidi kinnistu P\u00e4rnu) ja koos edaspidi kinnistud.<\/span><\/p><p>Nordic Mini Storages isikuandmete vastutav t\u00f6\u00f6tleja on Nordic Mini Storages O\u00dc (registrikood 16076057) asukohaga Aleviku p\u00f5ik 6, J\u00fcri alevik, Rae vald, tel 53 552 332 ja e-kiri <a href=\"mailto:klienditugi@nordicministorages.ee\">klienditugi@nordicministorages.ee<\/a> ja \u00fc\u00fcrisuhtes on lisaks isikuandmete vastutav t\u00f6\u00f6tleja vastava kinnistu omanik: Aleviku p\u00f5ik 6, J\u00fcri alevik, Rae vald \u2013 J\u00fcri Nutilaod O\u00dc ja Oja tn 114-104, P\u00e4rnu \u2013 Nordic Mini Storages P\u00e4rnu O\u00dc.<\/p><p>Kui mingil p\u00f5hjusel tunned, et Nordic Mini Storages on Sulle liiga teinud, siis anna sellest meile kohe teada <a href=\"mailto:klienditugi@nordicministorages.ee\">klienditugi@nordicministorages.ee<\/a> ja anname endast parima, et olukorda parandada.<\/p><p><b>M\u00f5isted<\/b><\/p><p><span style=\"font-weight: 400;\">Isikuandmete t\u00f6\u00f6tlemine on igasugune veebilehe kasutaja v\u00f5i kinnistu kasutaja (edaspidi kasutaja) isikuandmetega tehtav tegevus \u2013 andmete kogumine, t\u00f6\u00f6tlemine, talletamine, parandamine v\u00f5i kustutamine.<\/span><\/p><p><span style=\"font-weight: 400;\">Kasutajad on k\u00f5ik isikud, kes k\u00fclastavad veebilehte, k\u00fclastavad kinnistuid, tarbivad teenuseid v\u00f5i edastavad meile omalt poolt infot. N\u00e4iteks veebilehe lugemine, kinnistule parkimine, kinnistul asuva hoone k\u00fclastamine, teenuste tellimine v\u00f5i meiega meili teel \u00fchenduse v\u00f5tmine. <\/span><\/p><p><span style=\"font-weight: 400;\">Teenused on k\u00f5ik Nordic Mini Storages poolt pakutavad tasuta ja tasulised tooted ja teenused, s.h tasuta tellitavad e-raamatud, tasuline parkimine v\u00f5i minilao \u00fc\u00fcrimine.<\/span><\/p><p><span style=\"font-weight: 400;\">Tooted on Nordic Mini Storages poolt m\u00fc\u00fcdavad Bluetooth lao avamise puldid, pakkematerjalid ning vahel ka muud kasulikku.<\/span><\/p><p><b>Milliseid isikuandmeid t\u00f6\u00f6deldakse<\/b><\/p><p><span style=\"font-weight: 400;\">\u2212 nimi, telefoninumber ja e-posti aadress<\/span><\/p><p><span style=\"font-weight: 400;\">\u2013 \u00fc\u00fcrilepingu s\u00f5lmimise eelselt ja kestel info makseh\u00e4irete kohta;<\/span><\/p><p><span style=\"font-weight: 400;\">\u2013 \u00fc\u00fcrisuhte ajal Kliendi poolt \u00fc\u00fcrilepingu t\u00e4itmist ja rikkumist puudutavad andmed;<\/span><\/p><p><span style=\"font-weight: 400;\">\u2212 pangakonto number ja\/v\u00f5i pangakaardi andmed andmed;<\/span><\/p><p><span style=\"font-weight: 400;\">\u2212 kaupade ja teenuste maksumus ning maksetega seotud andmed (ostuajalugu);<\/span><\/p><p><span style=\"font-weight: 400;\">\u2212 klienditoe andmed;<\/span><\/p><p><span style=\"font-weight: 400;\">\u2013 kinnistule sisenenud isiku visuaalne teave (videovalve), mille alusel saab tuvastada isiku;<\/span><\/p><p><span style=\"font-weight: 400;\">\u2013 veebilehe k\u00fclastatavuse statistika;<\/span><\/p><p><span style=\"font-weight: 400;\">\u2013 otseturustusteadete avamise statistika.<\/span><\/p><p><b>Mis eesm\u00e4rgil isikuandmeid t\u00f6\u00f6deldakse ja \u00f5iguslik alus<\/b><\/p><p><span style=\"font-weight: 400;\">Isikuandmeid kasutatakse nii tasuta info kohaletoimetamiseks, kui tasuliste teenuste osutamiseks s.h. \u00fc\u00fcrilepingu ettevalmistamiseks ja s\u00f5lmimiseks ja Kliendi tellimuste haldamiseks.<\/span><\/p><p><span style=\"font-weight: 400;\">Ostuajaloo andmeid (ostu kuup\u00e4ev, kaup, kogus, Kliendi andmed) kasutatakse ostetud kaupade ja teenuste \u00fclevaate koostamiseks, kaasturundajatele tasu arvestamiseks ning kliendieelistuste anal\u00fc\u00fcsimiseks.<\/span><\/p><p><span style=\"font-weight: 400;\">Pangakonto numbrit ja\/v\u00f5i pangakaardi andmeid andmeid kasutatakse Kliendile maksete tagastamiseks. P\u00fcsitellimuse korral (\u00fc\u00fcrileping) kasutatakse pangakaardi andmeid p\u00fcsimaksete perioodilisel tasumisel. <\/span><\/p><p><span style=\"font-weight: 400;\">Isikuandmeid nagu e-post, telefoni nr, Kliendi nimi, t\u00f6\u00f6deldakse selleks, et lahendada kaupade ja teenuste osutamise seonduvaid k\u00fcsimusi (klienditugi).<\/span><\/p><p><span style=\"font-weight: 400;\">Kinnistule sisenenud isiku visuaalset teavet kasutatakse isiku tuvastamiseks 1) kui palud ise ennast telefoni teel juhendada ning klienditugi leiab, et saab abiks olla kiiremini kui avab reaalajas turvakaamera pildi; 2) turvakaamera videosalvestist kasutame kui on toimunud turvaintsident ehk midagi on kahjustatud, l\u00f5hutud v\u00f5i varastatud eesm\u00e4rgiga s\u00e4ilitada t\u00f5endid; 3) kui oled Nordic Mini Storages t\u00f6\u00f6taja, teenusepakkuja v\u00f5i t\u00f6\u00f6tad Nordic Mini Storages teenusepakkuja juures, siis kasutame turvakaamera videosalvestist kontrollimaks, kas tellitud t\u00f6\u00f6 on reaalselt teostatud ning hindamaks tehtud t\u00f6\u00f6 kvaliteeti.   <\/span><\/p><p><span style=\"font-weight: 400;\">Nordic Mini Storages veebilehtede kasutaja IP-aadressi v\u00f5i teisi v\u00f5rguidentifikaatoreid t\u00f6\u00f6deldakse veebilehe ja veebipoe kui info\u00fchiskonna teenuse osutamiseks ning veebi kasutusstatistika tegemiseks.<\/span><\/p><p><b>Vastuv\u00f5tjad, kellele isikuandmed edastatakse<\/b><\/p><p><span style=\"font-weight: 400;\">Isikuandmed edastatakse Nordic Mini Storages klienditoele ostude ja ostuajaloo haldamiseks ja kliendiprobleemide lahendamiseks.<\/span><\/p><p><span style=\"font-weight: 400;\">Isikuandmed edastatakse \u00fc\u00fcrilepingu s\u00f5lmimise eelselt ja v\u00e4ltel Creditinfo Eesti AS-ile Makseh\u00e4ireregistrist kinnituse saamiseks, et Kliendil puuduvad makseh\u00e4ired.<\/span><\/p><p><span style=\"font-weight: 400;\">Isikuandmed edastatakse teenusepakkujale raamatupidamistoimingute tegemiseks.<\/span><\/p><p><span style=\"font-weight: 400;\">Isikuandmeid edastatakse infotehnoloogia teenuste pakkujatele, kui see on vajalik Nordic Mini Storages veebilehtede funktsionaalsuse v\u00f5i andmemajutuse tagamiseks.<\/span><\/p><p><span style=\"font-weight: 400;\">Nordic Mini Storages sisestatud maksekaardi andmeid ei n\u00e4e. Tehingu tegemiseks suunatakse kaardi valdaja turvalisesse keskkonda (Stripe). Maksmise hetkel toimub kaardi valdaja kaardiandmete sisestus kaardi valdaja poolt turvalises serveris paiknevasse andmebaasi ning andmeid s\u00e4ilitatakse samuti Stripe serveris. Nordic Mini Storages veebipood s\u00e4ilitab p\u00fcsimakse korral kaardiga seotud unikaalse tokeni, millega saab algatada korduvmakseid.   <\/span><\/p><p><b>Turvakaameratega seotud isikuandmete t\u00f6\u00f6tlemine<\/b><\/p><p><span style=\"font-weight: 400;\">Turvakaamerate kasutamise eesm\u00e4rgid on: 1) klienditoele reaalajas pildi edastamine juhul kui Kasutaja on kinnistul ning palub telefoni teel abi v\u00f5i juhendamist ning seda kiirendab turvakaamera pildi kasutamine; 2) salvestamise peamine eesm\u00e4rk on Kasutajate ja Nordic Mini Storages vara kaitse ning turvaintsidentide t\u00f5endite s\u00e4ilitamine ehk et oleks v\u00f5imalik tuvastada, kes l\u00f5hkus midagi \u00e4ra, k\u00e4is vargil v\u00f5i p\u00f5hjustas muud varalist kahju; 3) kontrollimaks, kas t\u00f6\u00f6tajad v\u00f5i teenusepakkujad on tellitud t\u00f6\u00f6d reaalselt juba teostanud ning millise kvaliteediga. Selleks on kinnistutele paigaldatud k\u00f5rgresolutsiooniga turvakaamerad.    <\/span><\/p><p><span style=\"font-weight: 400;\">Kasutame musta kasti lahendust. See t\u00e4hendab, et kaamerate pilti ei j\u00e4lgita reaalajas ning tavajuhul salvestis kustutatakse automaatselt 1 kuu m\u00f6\u00f6dudes ilma, et seda keegi vaataks. Kui on toimunud intsident, siis otsitakse salvestustest vastav koht \u00fcles ja seda konkreetset kohta (t\u00f5endit) s\u00e4ilitatakse kuni intsidendi lahendamise ning varalise kahju h\u00fcvitamiseni.  <\/span><\/p><p><span style=\"font-weight: 400;\">Turvakaamera salvestised hoitakse konfidentsiaalsena ning neid kolmandatele isikutele ei avaldata, v.a. kui salvestisega tutvuda soovijal on selleks \u00f5igustatud huvi v\u00f5i kui salvestise v\u00e4ljaandmine m\u00f5nele asutusele on vastavalt \u00f5igusaktile kohustuslik v\u00f5i vajalik lepingu t\u00e4itmiseks (n\u00e4iteks kindlustusjuhtumi toimumisel).<\/span><\/p><p><b>Lingid teistele lehtedele ja manustatud sisu<\/b><\/p><p><span style=\"font-weight: 400;\">Osadel lehtedel, n\u00e4iteks blogis, on viited teistele kodulehtedele v\u00f5i sisaldavad manustatud sisu, n\u00e4iteks Youtube v\u00f5i Vimeo video, mida saad otse lehel vaadata. Manustatud sisu tarbimisel tehnilises m\u00f5ttes k\u00fclastad teist kodulehte, kus kehtivad selle kodulehe tingimused. <\/span><\/p><p><span style=\"font-weight: 400;\">Need lehed v\u00f5ivad teie kohta koguda andmeid, asendada k\u00fcpsiseid v\u00f5i edastada teie andmeid kolmandatele osapooltele.<\/span><\/p><p><b>Turvalisus ja andmetele ligip\u00e4\u00e4s<\/b><\/p><p><span style=\"font-weight: 400;\">Isikuandmeid hoitakse serverites, mis asuvad Euroopa Liidu liikmesriigi v\u00f5i Euroopa Liidu majanduspiirkonnaga liitunud riikide territooriumil. Andmeid v\u00f5idakse edastada riikidesse, mille andmekaitse taset on Euroopa Komisjon hinnanud piisavaks ning USA ettev\u00f5tetele, kes on liitund andmekaitse kilbi (Privacy Shield) raamistikuga. <\/span><\/p><p><span style=\"font-weight: 400;\">Juurdep\u00e4\u00e4s isikuandmetele on Nordic Mini Storages t\u00f6\u00f6tajatel ja teenusepakkujatel, kes saavad isikuandmetega tutvuda selleks, et lahendada veebilehe kasutamisega seonduvaid tehnilisi k\u00fcsimusi ning osutada klienditoe teenust. Turvakaamera salvestistele on ligip\u00e4\u00e4s Nordic Mini Storages t\u00f6\u00f6tajatel ja reaalajas vaatamisele klienditoel. <\/span><\/p><p><span style=\"font-weight: 400;\">Nordic Mini Storages rakendab asjakohaseid f\u00fc\u00fcsilisi, organisatsioonilisi ja infotehnilisi turvameetmeid, et kaitsta isikuandmeid juhusliku v\u00f5i ebaseadusliku h\u00e4vitamise, kaotsimineku, muutmise v\u00f5i loata juurdep\u00e4\u00e4su ja avalikustamise eest.<\/span><\/p><p><span style=\"font-weight: 400;\">Isikuandmete edastamine Nordic Mini Storages volitatud t\u00f6\u00f6tlejatele (nt transporditeenuse pakkuja, andmemajutus ja virtuaalassistent) toimub veebipoe ja volitatud t\u00f6\u00f6tlejatega s\u00f5lmitud lepingute alusel. Volitatud t\u00f6\u00f6tlejaid on kohustatud tagama isikuandmete t\u00f6\u00f6tlemisel asjakohased kaitsemeetmed. <\/span><\/p><p><b>Isikuandmetega tutvumine ja parandamine<\/b><\/p><p><span style=\"font-weight: 400;\">Isikuandmetega saab tutvuda ja teha parandusi veebilehe kasutajaprofiilis. Kui ost on sooritatud ilma kasutajakontota, siis saab tutvuda isikuandmetega klienditoe vahendusel. Turvakaamera salvestisega tutvumiseks tuleb edastada digiallkirjastatud avaldus ning avaldada soov v\u00f5imalikult t\u00e4pselt koos p\u00f5hjendatud aluse \u00e4ran\u00e4itamisega ning kinnistu, millelt Nordic Mini Storages t\u00f6\u00f6taja peaks salvestust otsima.  <\/span><\/p><p><b>N\u00f5usoleku tagasiv\u00f5tmine<\/b><\/p><p><span style=\"font-weight: 400;\">Kui isikundmete t\u00f6\u00f6tlemine toimub Kliendi n\u00f5usoleku alusel, siis on Kliendil \u00f5igus n\u00f5usolek tagasi v\u00f5tta teavitades sellest kliendituge e-posti teel.<\/span><\/p><p><b>S\u00e4ilitamine<\/b><\/p><p><span style=\"font-weight: 400;\">Nordic Mini Storages s\u00e4ilitab isikuandmeid nii kaua, kuni see on eesm\u00e4rgi t\u00e4itmiseks v\u00f5i seadusest tulenevalt vajalik. N\u00e4iteks meililistis olevat e-maili aadressi seni, kuni kasutaja avaldab soovi see sealt eemaldada. <\/span><\/p><p><span style=\"font-weight: 400;\">Nordic Mini Storages kliendikonto sulgemisel kustutatakse isikuandmed, va juhul kui selliseid andmeid on vaja s\u00e4ilitada raamatupidamise jaoks v\u00f5i tarbijavaidluste lahendamiseks.<\/span><\/p><p><span style=\"font-weight: 400;\">Kui Nordic Mini Storages veebipoes on ost sooritatud ilma kliendikontota, siis s\u00e4ilitatakse ostuajalugu kolm aastat.<\/span><\/p><p><span style=\"font-weight: 400;\">Maksetega ja tarbijavaidlustega seotud vaidluste korral s\u00e4ilitatakse isikuandmed kuni n\u00f5ude t\u00e4itmiseni v\u00f5i aegumist\u00e4htaja l\u00f5puni.<\/span><\/p><p><span style=\"font-weight: 400;\">Raamatupidamise jaoks vajalikud isikuandmed s\u00e4ilitatakse seitse aastat.<\/span><\/p><p><b>Kustutamine<\/b><\/p><p><span style=\"font-weight: 400;\">Isikuandmete kustutamiseks tuleb v\u00f5tta \u00fchendust klienditoega e-posti teel. Kustutamistaotlusele vastatakse mitte hiljem kui kuu aja jooksul ning t\u00e4psustakse andmete kustutamise perioodi. <\/span><\/p><p><b>\u00dclekandmine<\/b><\/p><p><span style=\"font-weight: 400;\">E-posti teel esitatud isikuandmete \u00fclekandmise taotlusele vastatakse hiljemalt kuu aja jooksul. Klienditugi tuvastab isikusamasuse ja teavitab isikuandmetest, mis kuuluvad \u00fclekandmisele. <\/span><\/p><p><b>Otseturustusteated<\/b><\/p><p><span style=\"font-weight: 400;\">E-kirja aadressi ja telefoninumbrit kasutatakse otseturundusteadete saatmiseks, kui Kasutaja on andnud vastava n\u00f5usoleku. Kui Kasutaja ei soovi saada otseturustusteateid, siis tuleb valida e-kirja jaluses vastav viide v\u00f5i v\u00f5tta \u00fchendust klienditoega. <\/span><\/p><p><span style=\"font-weight: 400;\">Kui isikuandmeid t\u00f6\u00f6deldakse otseturunduse eesm\u00e4rgil (profileerimine), on kliendil \u00f5igus oma isikuandmete nii algse kui ka edasise t\u00f6\u00f6tlemise, sealhulgas otseturundusega seotud profiilianal\u00fc\u00fcsi tegemise suhtes igal ajal vastuv\u00e4iteid esitada teavitades sellest kliendituge e-posti teel.<\/span><\/p><p><b>K\u00fcpsised<\/b><\/p><p><span style=\"font-weight: 400;\">Nordic Mini Storages veebilehtedel kasutatakse k\u00fcpsiseid, eesm\u00e4rgiga tagada parem kasutajakogemus ja efektiivsem turundustegevus ning koguda kasutusstatistikat.<\/span><\/p><p><span style=\"font-weight: 400;\">K\u00fcpsis on v\u00e4ike tekstifail, mille veebilehitseja salvestab automaatselt kasutaja poolt kasutatavasse seadmesse. K\u00fcpsiseid kasutatakse teabe kogumiseks selle kohta, kuidas kasutaja veebilehte kasutab, et kasutaja jaoks veebilehe kasutamist isiklikumaks ja kasutajas\u00f5bralikumaks muuta. K\u00fcpsised v\u00f5ivad olla loodud erinevate teenusepakkujate poolt, n\u00e4iteks Google ja Facebook. K\u00fcpsisefailid ei ole arvuti jaoks ohtlikud.   <\/span><\/p><p><span style=\"font-weight: 400;\">K\u00fcpsiseid on kahte t\u00fc\u00fcpi:<\/span><\/p><p><span style=\"font-weight: 400;\">P\u00fcsivaid k\u00fcpsiseid, mis j\u00e4\u00e4vad kasutaja arvutis olevasse k\u00fcpsiste faili p\u00fcsivalt. Neid v\u00f5idakse kasutada n\u00e4iteks kasutaja kui veebilehe korduvk\u00fclastaja \u00e4ratundmiseks ja veebilehe sisu kohandamiseks vastavalt kasutaja vajadustele v\u00f5i statistiliste andmete kogumiseks. <\/span><\/p><p><span style=\"font-weight: 400;\">Seansik\u00fcpsised on ajutised ja kaovad, kui kasutaja veebilehelt lahkub v\u00f5i oma veebilehitseja sulgeb. Seansik\u00fcpsiseid v\u00f5idakse kasutada veebilehe teatud funktsioonide, n\u00e4iteks teenuse v\u00f5i toote taotlemise jms v\u00f5imaldamiseks. <\/span><\/p><p><span style=\"font-weight: 400;\">K\u00fcpsiseid kasutatakse teabe kogumiseks selle kohta, kuidas veebilehte kasutatakse, et seda kasutajatele isiklikumaks ja kasutajas\u00f5bralikumaks muuta. Lisaks aitavad k\u00fcpsised koguda kasutajastatistikat, mis v\u00f5imaldab m\u00f5\u00f5ta ja parandada veebilehe toimivust ning annab alusandmed, et viia l\u00e4bi efektiivne turundustegevus. <\/span><\/p><p><span style=\"font-weight: 400;\">Kasutaja loetakse k\u00fcpsistega n\u00f5ustunuks, kui tema veebilehitseja seadistustes on k\u00fcpsised lubatud. Veebilehitsejad lubavad tihtipeale vaikimisi k\u00fcpsisefailide s\u00e4ilitamist tarbija seadmesse. Kasutaja v\u00f5ib oma seadmes k\u00fcpsiste kasutamise \u00e4ra keelata v\u00f5i need kustutada, muutes oma veebilehitseja vastavaid seadeid. K\u00fcpsiste mittekasutamisel ei pruugi veebileht korrektselt t\u00f6\u00f6tada. Juhiseid brauserist k\u00fcpsiste kustutamiseks ja seadistamiseks:     <\/span><a href=\"https:\/\/support.google.com\/chrome\/answer\/95647\"><span style=\"font-weight: 400;\">Google Chrome<\/span><\/a><span style=\"font-weight: 400;\">, <\/span><a href=\"https:\/\/support.mozilla.org\/en-US\/kb\/clear-cookies-and-site-data-firefox\"><span style=\"font-weight: 400;\">Mozilla Firefox<\/span><\/a><span style=\"font-weight: 400;\">, <\/span><a href=\"https:\/\/support.microsoft.com\/en-us\/help\/4027947\/microsoft-edge-delete-cookies\"><span style=\"font-weight: 400;\">Microsoft Edge<\/span><\/a><span style=\"font-weight: 400;\">.<\/span><\/p><p><span style=\"font-weight: 400;\">Kasutusstatistika kogumiseks kasutab Nordic Mini Storages Google Analytics teenust, kogudes andmeid k\u00fclastatud alalehtede, k\u00fclastusaja ja muu statistika kohta.<\/span><\/p><p><span style=\"font-weight: 400;\">Google Analytics v\u00f5ib siiski koguda andmeid kasutajate aktiivsuse kohta ka ilma k\u00fcpsisefaile kasutamata. Selleks, et Google Analytics ei saaks andmeid kasutada, paigalda oma seadmesse Google Analytics\u2019i blokeeriv rakendus:  <\/span><a href=\"https:\/\/tools.google.com\/dlpage\/gaoptout?hl=en\">Google Analyticsist loobumise brauserilaiend.<\/a><\/p><p>J\u00e4rgnevate linkide kaudu leiab rohkem informatsiooni <a href=\"https:\/\/www.facebook.com\/ads\/about\/\">Facebooki reklaamide<\/a> ja F<a href=\"https:\/\/www.facebook.com\/business\/a\/facebook-pixel-tracking-benefits\">acebook Pixel kohta.<\/a><\/p><p><b>Privaatsustingimuste muutmine<\/b><\/p><p><span style=\"font-weight: 400;\">Nordic Mini Storages j\u00e4tab endale \u00f5iguse muuta privaatsustingimusi \u00fchepoolselt. Privaatsustingimused on oma uusimas versioonis alati veebilehel saadaval. <\/span><\/p><p><b>Autori\u00f5igused<\/b><\/p><p><span style=\"font-weight: 400;\">Kui pole m\u00e4rgitud teisiti, on kogu veebilehe sisu autori\u00f5iguste valdaja Nordic Mini Storages. See t\u00e4hendab, et sisu kasutamine mis tahes kujul (ka osaliselt) on lubatud ainult Nordic Mini Storages loal. <\/span><\/p><p><span style=\"font-weight: 400;\">Igale koopiale peab olema lisatud algsele Nordic Mini Storages veebilehele viitav link s.t. link lehele kus info paikneb.<\/span><\/p><p><b>Kommentaarid ja k\u00fcsimused<\/b><\/p><p><span style=\"font-weight: 400;\">Blogisse on iga\u00fchel lubatud postitada k\u00fcsimusi, kommentaare ja arvamusi.<\/span><\/p><p><span style=\"font-weight: 400;\">Veebilehe omanikul on \u00f5igus sobimatu sisuga kommentaare kustutada v\u00f5i nende sisu toimetada. Nordic Mini Storages veebilehtedele ei ole lubatud postitada materjali, mis on sihilikult vale, eksitav, solvav, vaenu \u00f5hutav v\u00f5i mistahes muul moel ebaseaduslik. <\/span><\/p><p>K\u00f5igi privaatsuspoliitika ja k\u00fcpsiste kasutamise kohta tekkivate k\u00fcsimustega palume v\u00f5tta meiega \u00fchendust aadressil <a href=\"mailto:klienditugi@nordicministorages.ee\">klienditugi@nordicministorages.ee<\/a><\/p><p><b>Vaidluste lahendamine<\/b><\/p><p>Isikuandmete t\u00f6\u00f6tlemisega seotud vaidluste lahendamine toimub klienditoe vahendusel e-posti teel <a href=\"mailto:klienditugi@nordicministorages.ee\">klienditugi@nordicministorages.ee<\/a><\/p><p>J\u00e4relevalveasutus on Eesti Andmekaitse Inspektsioon (<a href=\"mailto:info@aki.ee\">info@aki.ee<\/a>).<\/p>\t\t\t\t\t\t\t\t<\/div>\n\t\t\t\t<\/div>\n\t\t\t\t\t<\/div>\n\t\t<\/div>\n\t\t\t\t\t<\/div>\n\t\t<\/section>\n\t\t\t\t<\/div>\n\t\t","protected":false},"excerpt":{"rendered":"<p>Isikuandmete t\u00f6\u00f6tlemine (privaatsuspoliitika, turvakaamerad ja k\u00fcpsised) Kontaktinfo:Kui Sul tekib k\u00fcsimusi, siis palun kirjuta klienditugi@nordicministorages.ee v\u00f5i helista +372 53 552 332 (klienditugi). Korduma kippuvad k\u00fcsimused ehk mida Sa tegelikult teada soovid Kas jagate minu andmeid kellegi teisega? Vastus: EI! Mida teete turvakaamerate videosalvestistega? L\u00fchike vastus: tavajuhul mitte midagi. Salvestamise eesm\u00e4rk on Kasutajate ja Nordic Mini Storages [&hellip;]<\/p>\n","protected":false},"author":2,"featured_media":0,"parent":0,"menu_order":0,"comment_status":"closed","ping_status":"closed","template":"","meta":{"_acf_changed":false,"footnotes":""},"class_list":["post-5698","page","type-page","status-publish","hentry"],"acf":[],"aioseo_notices":[],"_links":{"self":[{"href":"https:\/\/nordicministorages.ee\/et\/wp-json\/wp\/v2\/pages\/5698","targetHints":{"allow":["GET"]}}],"collection":[{"href":"https:\/\/nordicministorages.ee\/et\/wp-json\/wp\/v2\/pages"}],"about":[{"href":"https:\/\/nordicministorages.ee\/et\/wp-json\/wp\/v2\/types\/page"}],"author":[{"embeddable":true,"href":"https:\/\/nordicministorages.ee\/et\/wp-json\/wp\/v2\/users\/2"}],"replies":[{"embeddable":true,"href":"https:\/\/nordicministorages.ee\/et\/wp-json\/wp\/v2\/comments?post=5698"}],"version-history":[{"count":25,"href":"https:\/\/nordicministorages.ee\/et\/wp-json\/wp\/v2\/pages\/5698\/revisions"}],"predecessor-version":[{"id":7366,"href":"https:\/\/nordicministorages.ee\/et\/wp-json\/wp\/v2\/pages\/5698\/revisions\/7366"}],"wp:attachment":[{"href":"https:\/\/nordicministorages.ee\/et\/wp-json\/wp\/v2\/media?parent=5698"}],"curies":[{"name":"wp","href":"https:\/\/api.w.org\/{rel}","templated":true}]}}