{"id":5750,"date":"2023-07-06T10:58:49","date_gmt":"2023-07-06T07:58:49","guid":{"rendered":"https:\/\/nordicministorages.ee\/tanan-teid\/"},"modified":"2026-03-11T12:50:57","modified_gmt":"2026-03-11T10:50:57","slug":"tanan-teid","status":"publish","type":"page","link":"https:\/\/nordicministorages.ee\/et\/tanan-teid\/","title":{"rendered":"Ait\u00e4h (J\u00fcri)"},"content":{"rendered":"\t\t<div data-elementor-type=\"wp-page\" data-elementor-id=\"5750\" class=\"elementor elementor-5750 elementor-1139\" data-elementor-post-type=\"page\">\n\t\t\t\t\t\t<section class=\"elementor-section elementor-top-section elementor-element elementor-element-8c94190 elementor-section-boxed elementor-section-height-default elementor-section-height-default\" data-id=\"8c94190\" data-element_type=\"section\" data-e-type=\"section\">\n\t\t\t\t\t\t<div class=\"elementor-container elementor-column-gap-default\">\n\t\t\t\t\t<div class=\"elementor-column elementor-col-50 elementor-top-column elementor-element elementor-element-e58362c\" data-id=\"e58362c\" data-element_type=\"column\" data-e-type=\"column\">\n\t\t\t<div class=\"elementor-widget-wrap elementor-element-populated\">\n\t\t\t\t\t\t<div class=\"elementor-element elementor-element-a3d3eec elementor-widget elementor-widget-heading\" data-id=\"a3d3eec\" data-element_type=\"widget\" data-e-type=\"widget\" data-widget_type=\"heading.default\">\n\t\t\t\t<div class=\"elementor-widget-container\">\n\t\t\t\t\t<h2 class=\"elementor-heading-title elementor-size-default\">Ait\u00e4h, et \u00fc\u00fcrisid nutilao!<\/h2>\t\t\t\t<\/div>\n\t\t\t\t<\/div>\n\t\t\t\t<div class=\"elementor-element elementor-element-0614d4a elementor-widget elementor-widget-text-editor\" data-id=\"0614d4a\" data-element_type=\"widget\" data-e-type=\"widget\" data-widget_type=\"text-editor.default\">\n\t\t\t\t<div class=\"elementor-widget-container\">\n\t\t\t\t\t\t\t\t\t<p><strong>J\u00e4rgi kolme sammu, et saada juurdep\u00e4\u00e4s oma nutilaole.<\/strong><\/p>\t\t\t\t\t\t\t\t<\/div>\n\t\t\t\t<\/div>\n\t\t\t\t<div class=\"elementor-element elementor-element-5fbf800 elementor-icon-list--layout-traditional elementor-list-item-link-full_width elementor-widget elementor-widget-icon-list\" data-id=\"5fbf800\" data-element_type=\"widget\" data-e-type=\"widget\" data-widget_type=\"icon-list.default\">\n\t\t\t\t<div class=\"elementor-widget-container\">\n\t\t\t\t\t\t\t<ul class=\"elementor-icon-list-items\">\n\t\t\t\t\t\t\t<li class=\"elementor-icon-list-item\">\n\t\t\t\t\t\t\t\t\t\t\t<span class=\"elementor-icon-list-icon\">\n\t\t\t\t\t\t\t<i aria-hidden=\"true\" class=\"fas fa-check\"><\/i>\t\t\t\t\t\t<\/span>\n\t\t\t\t\t\t\t\t\t\t<span class=\"elementor-icon-list-text\">Allkirjasta \u00fc\u00fcrileping s\u00f5numis v\u00f5i e-kirjas oleva lingi kaudu.<\/span>\n\t\t\t\t\t\t\t\t\t<\/li>\n\t\t\t\t\t\t<\/ul>\n\t\t\t\t\t\t<\/div>\n\t\t\t\t<\/div>\n\t\t\t\t<div class=\"elementor-element elementor-element-33a779b elementor-widget elementor-widget-text-editor\" data-id=\"33a779b\" data-element_type=\"widget\" data-e-type=\"widget\" data-widget_type=\"text-editor.default\">\n\t\t\t\t<div class=\"elementor-widget-container\">\n\t\t\t\t\t\t\t\t\t<p>Saad peagi SMS-i ja e-kirja, kus on link \u00fc\u00fcrilepingu allkirjastamiseks.<\/p><p>Lepingu saad allkirjastada ID-kaardi, mobiil-ID v\u00f5i Smart-ID abil.<\/p>\t\t\t\t\t\t\t\t<\/div>\n\t\t\t\t<\/div>\n\t\t\t\t<div class=\"elementor-element elementor-element-cf49fe8 elementor-icon-list--layout-traditional elementor-list-item-link-full_width elementor-widget elementor-widget-icon-list\" data-id=\"cf49fe8\" data-element_type=\"widget\" data-e-type=\"widget\" id=\"app\" data-widget_type=\"icon-list.default\">\n\t\t\t\t<div class=\"elementor-widget-container\">\n\t\t\t\t\t\t\t<ul class=\"elementor-icon-list-items\">\n\t\t\t\t\t\t\t<li class=\"elementor-icon-list-item\">\n\t\t\t\t\t\t\t\t\t\t\t<span class=\"elementor-icon-list-icon\">\n\t\t\t\t\t\t\t<i aria-hidden=\"true\" class=\"fas fa-check\"><\/i>\t\t\t\t\t\t<\/span>\n\t\t\t\t\t\t\t\t\t\t<span class=\"elementor-icon-list-text\">Laadi mobiilirakendus Storage Smart Entry Nok\u0113 (\u00e4pp) oma telefoni.<\/span>\n\t\t\t\t\t\t\t\t\t<\/li>\n\t\t\t\t\t\t<\/ul>\n\t\t\t\t\t\t<\/div>\n\t\t\t\t<\/div>\n\t\t\t\t<div class=\"elementor-element elementor-element-5dc1c72 elementor-widget elementor-widget-text-editor\" data-id=\"5dc1c72\" data-element_type=\"widget\" data-e-type=\"widget\" data-widget_type=\"text-editor.default\">\n\t\t\t\t<div class=\"elementor-widget-container\">\n\t\t\t\t\t\t\t\t\t<p>Selle rakendusega saad avada hoone ja oma nutilao ukse.<\/p>\t\t\t\t\t\t\t\t<\/div>\n\t\t\t\t<\/div>\n\t\t\t\t<section class=\"elementor-section elementor-inner-section elementor-element elementor-element-c7eec20 elementor-section-boxed elementor-section-height-default elementor-section-height-default\" data-id=\"c7eec20\" data-element_type=\"section\" data-e-type=\"section\">\n\t\t\t\t\t\t<div class=\"elementor-container elementor-column-gap-default\">\n\t\t\t\t\t<div class=\"elementor-column elementor-col-50 elementor-inner-column elementor-element elementor-element-6b05d2a\" data-id=\"6b05d2a\" data-element_type=\"column\" data-e-type=\"column\">\n\t\t\t<div class=\"elementor-widget-wrap elementor-element-populated\">\n\t\t\t\t\t\t<div class=\"elementor-element elementor-element-75cb26e elementor-widget__width-auto elementor-widget elementor-widget-image\" data-id=\"75cb26e\" data-element_type=\"widget\" data-e-type=\"widget\" data-widget_type=\"image.default\">\n\t\t\t\t<div class=\"elementor-widget-container\">\n\t\t\t\t\t\t\t\t\t\t\t\t\t\t\t\t<a href=\"https:\/\/itunes.apple.com\/ee\/app\/storage-smart-entry-by-nok%C4%93\/id1241055944?ls=1&#038;mt=8#\">\n\t\t\t\t\t\t\t<img decoding=\"async\" src=\"https:\/\/nordicministorages.ee\/wp-content\/uploads\/elementor\/thumbs\/appstore_dark-q7i9kevbckfcz327aq8p32t646k9m4oz4fssf2swye.png\" title=\"appstore_dark.png\" alt=\"appstore_dark.png\" loading=\"lazy\" \/>\t\t\t\t\t\t\t\t<\/a>\n\t\t\t\t\t\t\t\t\t\t\t\t\t\t\t<\/div>\n\t\t\t\t<\/div>\n\t\t\t\t\t<\/div>\n\t\t<\/div>\n\t\t\t\t<div class=\"elementor-column elementor-col-50 elementor-inner-column elementor-element elementor-element-149b703\" data-id=\"149b703\" data-element_type=\"column\" data-e-type=\"column\">\n\t\t\t<div class=\"elementor-widget-wrap elementor-element-populated\">\n\t\t\t\t\t\t<div class=\"elementor-element elementor-element-7b6a401 elementor-widget__width-auto elementor-widget elementor-widget-image\" data-id=\"7b6a401\" data-element_type=\"widget\" data-e-type=\"widget\" data-widget_type=\"image.default\">\n\t\t\t\t<div class=\"elementor-widget-container\">\n\t\t\t\t\t\t\t\t\t\t\t\t\t\t\t\t<a href=\"https:\/\/play.google.com\/store\/apps\/details?id=com.noke.nokeaccess\">\n\t\t\t\t\t\t\t<img decoding=\"async\" src=\"https:\/\/nordicministorages.ee\/wp-content\/uploads\/elementor\/thumbs\/googlestore_dark-q7i9jmo5qlv9ohctoe075pc4jgtrx0rqufyqid8oly.png\" title=\"googlestore_dark.png\" alt=\"googlestore_dark.png\" loading=\"lazy\" \/>\t\t\t\t\t\t\t\t<\/a>\n\t\t\t\t\t\t\t\t\t\t\t\t\t\t\t<\/div>\n\t\t\t\t<\/div>\n\t\t\t\t\t<\/div>\n\t\t<\/div>\n\t\t\t\t\t<\/div>\n\t\t<\/section>\n\t\t\t\t<div class=\"elementor-element elementor-element-4410cf2 elementor-icon-list--layout-traditional elementor-list-item-link-full_width elementor-widget elementor-widget-icon-list\" data-id=\"4410cf2\" data-element_type=\"widget\" data-e-type=\"widget\" data-widget_type=\"icon-list.default\">\n\t\t\t\t<div class=\"elementor-widget-container\">\n\t\t\t\t\t\t\t<ul class=\"elementor-icon-list-items\">\n\t\t\t\t\t\t\t<li class=\"elementor-icon-list-item\">\n\t\t\t\t\t\t\t\t\t\t\t<span class=\"elementor-icon-list-icon\">\n\t\t\t\t\t\t\t<i aria-hidden=\"true\" class=\"fas fa-check\"><\/i>\t\t\t\t\t\t<\/span>\n\t\t\t\t\t\t\t\t\t\t<span class=\"elementor-icon-list-text\">Saad SMS-i teel juurdep\u00e4\u00e4sukoodi, et p\u00e4\u00e4seda hoonesse ja oma nutilattu.<\/span>\n\t\t\t\t\t\t\t\t\t<\/li>\n\t\t\t\t\t\t<\/ul>\n\t\t\t\t\t\t<\/div>\n\t\t\t\t<\/div>\n\t\t\t\t<div class=\"elementor-element elementor-element-7a0819d elementor-widget elementor-widget-text-editor\" data-id=\"7a0819d\" data-element_type=\"widget\" data-e-type=\"widget\" data-widget_type=\"text-editor.default\">\n\t\t\t\t<div class=\"elementor-widget-container\">\n\t\t\t\t\t\t\t\t\t<p>Saadame Sulle juurdep\u00e4\u00e4sukoodi, mis tuleb sisestada rakendusse \u00fc\u00fcrilepingu algusp\u00e4eval.<\/p><p>Kui soovid alustada lepingut samal p\u00e4eval, saad SMS-i kohe.<\/p><p>Muidu saadetakse SMS \u00fc\u00fcrilepingu algusp\u00e4eval.<\/p>\t\t\t\t\t\t\t\t<\/div>\n\t\t\t\t<\/div>\n\t\t\t\t\t<\/div>\n\t\t<\/div>\n\t\t\t\t<div class=\"elementor-column elementor-col-50 elementor-top-column elementor-element elementor-element-e9a6182\" data-id=\"e9a6182\" data-element_type=\"column\" data-e-type=\"column\">\n\t\t\t<div class=\"elementor-widget-wrap elementor-element-populated\">\n\t\t\t\t\t\t<div class=\"elementor-element elementor-element-7b2d397 elementor-widget elementor-widget-image\" data-id=\"7b2d397\" data-element_type=\"widget\" data-e-type=\"widget\" data-widget_type=\"image.default\">\n\t\t\t\t<div class=\"elementor-widget-container\">\n\t\t\t\t\t\t\t\t\t\t\t\t\t\t\t<img fetchpriority=\"high\" decoding=\"async\" width=\"800\" height=\"544\" src=\"https:\/\/nordicministorages.ee\/wp-content\/uploads\/2025\/03\/J-G-P2-1024x696.jpg\" class=\"attachment-large size-large wp-image-4787\" alt=\"\" srcset=\"https:\/\/nordicministorages.ee\/wp-content\/uploads\/2025\/03\/J-G-P2-1024x696.jpg 1024w, https:\/\/nordicministorages.ee\/wp-content\/uploads\/2025\/03\/J-G-P2-300x204.jpg 300w, https:\/\/nordicministorages.ee\/wp-content\/uploads\/2025\/03\/J-G-P2-768x522.jpg 768w, https:\/\/nordicministorages.ee\/wp-content\/uploads\/2025\/03\/J-G-P2-600x408.jpg 600w, https:\/\/nordicministorages.ee\/wp-content\/uploads\/2025\/03\/J-G-P2.jpg 1500w\" sizes=\"(max-width: 800px) 100vw, 800px\" \/>\t\t\t\t\t\t\t\t\t\t\t\t\t\t\t<\/div>\n\t\t\t\t<\/div>\n\t\t\t\t\t<\/div>\n\t\t<\/div>\n\t\t\t\t\t<\/div>\n\t\t<\/section>\n\t\t\t\t<section class=\"elementor-section elementor-top-section elementor-element elementor-element-44a73da elementor-section-boxed elementor-section-height-default elementor-section-height-default\" data-id=\"44a73da\" data-element_type=\"section\" data-e-type=\"section\" data-settings=\"{&quot;background_background&quot;:&quot;classic&quot;}\">\n\t\t\t\t\t\t\t<div class=\"elementor-background-overlay\"><\/div>\n\t\t\t\t\t\t\t<div class=\"elementor-container elementor-column-gap-default\">\n\t\t\t\t\t<div class=\"elementor-column elementor-col-50 elementor-top-column elementor-element elementor-element-8f51274\" data-id=\"8f51274\" data-element_type=\"column\" data-e-type=\"column\">\n\t\t\t<div class=\"elementor-widget-wrap elementor-element-populated\">\n\t\t\t\t\t\t<div class=\"elementor-element elementor-element-827fd9c elementor-widget elementor-widget-heading\" data-id=\"827fd9c\" data-element_type=\"widget\" data-e-type=\"widget\" data-widget_type=\"heading.default\">\n\t\t\t\t<div class=\"elementor-widget-container\">\n\t\t\t\t\t<h3 class=\"elementor-heading-title elementor-size-default\">Laadi alla mobiilirakendus.<\/h3>\t\t\t\t<\/div>\n\t\t\t\t<\/div>\n\t\t\t\t<div class=\"elementor-element elementor-element-2bf9ac4 elementor-widget elementor-widget-text-editor\" data-id=\"2bf9ac4\" data-element_type=\"widget\" data-e-type=\"widget\" data-widget_type=\"text-editor.default\">\n\t\t\t\t<div class=\"elementor-widget-container\">\n\t\t\t\t\t\t\t\t\t<p>Storage Smart Entry Nok\u0113 rakendus v\u00f5imaldab Sul oma nutitelefoniga sujuvalt p\u00e4\u00e4seda laohoonesse ja oma hoiuruumi.<\/p><p>Sa ei pea muretsema v\u00f5tme kaotamise p\u00e4rast. <\/p><p>Rakenduse kaudu saad h\u00f5lpsasti jagada juurdep\u00e4\u00e4su oma nutilaole, nii et pereliikmed, kolleegid ja teised saaksid samuti seda kasutada.<\/p><p>Rakendusega saab avada ka hoone v\u00e4lisukse, seega saad mugavalt siseneda hoonesse 24 tundi \u00f6\u00f6p\u00e4evas.<\/p>\t\t\t\t\t\t\t\t<\/div>\n\t\t\t\t<\/div>\n\t\t\t\t<section class=\"elementor-section elementor-inner-section elementor-element elementor-element-df4008e elementor-section-boxed elementor-section-height-default elementor-section-height-default\" data-id=\"df4008e\" data-element_type=\"section\" data-e-type=\"section\">\n\t\t\t\t\t\t<div class=\"elementor-container elementor-column-gap-default\">\n\t\t\t\t\t<div class=\"elementor-column elementor-col-50 elementor-inner-column elementor-element elementor-element-93ebd0c\" data-id=\"93ebd0c\" data-element_type=\"column\" data-e-type=\"column\">\n\t\t\t<div class=\"elementor-widget-wrap elementor-element-populated\">\n\t\t\t\t\t\t<div class=\"elementor-element elementor-element-fc54776 elementor-widget__width-auto elementor-widget elementor-widget-image\" data-id=\"fc54776\" data-element_type=\"widget\" data-e-type=\"widget\" data-widget_type=\"image.default\">\n\t\t\t\t<div class=\"elementor-widget-container\">\n\t\t\t\t\t\t\t\t\t\t\t\t\t\t\t\t<a href=\"https:\/\/itunes.apple.com\/ee\/app\/storage-smart-entry-by-nok%C4%93\/id1241055944?ls=1&#038;mt=8#\">\n\t\t\t\t\t\t\t<img decoding=\"async\" src=\"https:\/\/nordicministorages.ee\/wp-content\/uploads\/elementor\/thumbs\/appstore_dark-q7i9kevbckfcz327aq8p32t646k9m4oz4fssf2swye.png\" title=\"appstore_dark.png\" alt=\"appstore_dark.png\" loading=\"lazy\" \/>\t\t\t\t\t\t\t\t<\/a>\n\t\t\t\t\t\t\t\t\t\t\t\t\t\t\t<\/div>\n\t\t\t\t<\/div>\n\t\t\t\t\t<\/div>\n\t\t<\/div>\n\t\t\t\t<div class=\"elementor-column elementor-col-50 elementor-inner-column elementor-element elementor-element-55904a7\" data-id=\"55904a7\" data-element_type=\"column\" data-e-type=\"column\">\n\t\t\t<div class=\"elementor-widget-wrap elementor-element-populated\">\n\t\t\t\t\t\t<div class=\"elementor-element elementor-element-25f48b1 elementor-widget__width-auto elementor-widget elementor-widget-image\" data-id=\"25f48b1\" data-element_type=\"widget\" data-e-type=\"widget\" data-widget_type=\"image.default\">\n\t\t\t\t<div class=\"elementor-widget-container\">\n\t\t\t\t\t\t\t\t\t\t\t\t\t\t\t\t<a href=\"https:\/\/play.google.com\/store\/apps\/details?id=com.noke.nokeaccess\">\n\t\t\t\t\t\t\t<img decoding=\"async\" src=\"https:\/\/nordicministorages.ee\/wp-content\/uploads\/elementor\/thumbs\/googlestore_dark-q7i9jmo5qlv9ohctoe075pc4jgtrx0rqufyqid8oly.png\" title=\"googlestore_dark.png\" alt=\"googlestore_dark.png\" loading=\"lazy\" \/>\t\t\t\t\t\t\t\t<\/a>\n\t\t\t\t\t\t\t\t\t\t\t\t\t\t\t<\/div>\n\t\t\t\t<\/div>\n\t\t\t\t\t<\/div>\n\t\t<\/div>\n\t\t\t\t\t<\/div>\n\t\t<\/section>\n\t\t\t\t\t<\/div>\n\t\t<\/div>\n\t\t\t\t<div class=\"elementor-column elementor-col-50 elementor-top-column elementor-element elementor-element-c2835df\" data-id=\"c2835df\" data-element_type=\"column\" data-e-type=\"column\">\n\t\t\t<div class=\"elementor-widget-wrap elementor-element-populated\">\n\t\t\t\t\t\t<div class=\"elementor-element elementor-element-eba556d elementor-widget elementor-widget-image\" data-id=\"eba556d\" data-element_type=\"widget\" data-e-type=\"widget\" data-widget_type=\"image.default\">\n\t\t\t\t<div class=\"elementor-widget-container\">\n\t\t\t\t\t\t\t\t\t\t\t\t\t\t\t<img decoding=\"async\" width=\"324\" height=\"633\" src=\"https:\/\/nordicministorages.ee\/wp-content\/uploads\/2023\/08\/NMS-2023-08-A-01.png\" class=\"attachment-large size-large wp-image-6727\" alt=\"\" srcset=\"https:\/\/nordicministorages.ee\/wp-content\/uploads\/2023\/08\/NMS-2023-08-A-01.png 324w, https:\/\/nordicministorages.ee\/wp-content\/uploads\/2023\/08\/NMS-2023-08-A-01-154x300.png 154w, https:\/\/nordicministorages.ee\/wp-content\/uploads\/2023\/08\/NMS-2023-08-A-01-60x117.png 60w, https:\/\/nordicministorages.ee\/wp-content\/uploads\/2023\/08\/NMS-2023-08-A-01-110x215.png 110w\" sizes=\"(max-width: 324px) 100vw, 324px\" \/>\t\t\t\t\t\t\t\t\t\t\t\t\t\t\t<\/div>\n\t\t\t\t<\/div>\n\t\t\t\t\t<\/div>\n\t\t<\/div>\n\t\t\t\t\t<\/div>\n\t\t<\/section>\n\t\t\t\t<\/div>\n\t\t","protected":false},"excerpt":{"rendered":"<p>Ait\u00e4h, et \u00fc\u00fcrisid nutilao! J\u00e4rgi kolme sammu, et saada juurdep\u00e4\u00e4s oma nutilaole. Allkirjasta \u00fc\u00fcrileping s\u00f5numis v\u00f5i e-kirjas oleva lingi kaudu. Saad peagi SMS-i ja e-kirja, kus on link \u00fc\u00fcrilepingu allkirjastamiseks. Lepingu saad allkirjastada ID-kaardi, mobiil-ID v\u00f5i Smart-ID abil. Laadi mobiilirakendus Storage Smart Entry Nok\u0113 (\u00e4pp) oma telefoni. Selle rakendusega saad avada hoone ja oma nutilao [&hellip;]<\/p>\n","protected":false},"author":1,"featured_media":0,"parent":0,"menu_order":0,"comment_status":"closed","ping_status":"closed","template":"","meta":{"_acf_changed":false,"footnotes":""},"class_list":["post-5750","page","type-page","status-publish","hentry"],"acf":[],"aioseo_notices":[],"_links":{"self":[{"href":"https:\/\/nordicministorages.ee\/et\/wp-json\/wp\/v2\/pages\/5750","targetHints":{"allow":["GET"]}}],"collection":[{"href":"https:\/\/nordicministorages.ee\/et\/wp-json\/wp\/v2\/pages"}],"about":[{"href":"https:\/\/nordicministorages.ee\/et\/wp-json\/wp\/v2\/types\/page"}],"author":[{"embeddable":true,"href":"https:\/\/nordicministorages.ee\/et\/wp-json\/wp\/v2\/users\/1"}],"replies":[{"embeddable":true,"href":"https:\/\/nordicministorages.ee\/et\/wp-json\/wp\/v2\/comments?post=5750"}],"version-history":[{"count":24,"href":"https:\/\/nordicministorages.ee\/et\/wp-json\/wp\/v2\/pages\/5750\/revisions"}],"predecessor-version":[{"id":7410,"href":"https:\/\/nordicministorages.ee\/et\/wp-json\/wp\/v2\/pages\/5750\/revisions\/7410"}],"wp:attachment":[{"href":"https:\/\/nordicministorages.ee\/et\/wp-json\/wp\/v2\/media?parent=5750"}],"curies":[{"name":"wp","href":"https:\/\/api.w.org\/{rel}","templated":true}]}}