{"id":5756,"date":"2023-07-12T14:43:01","date_gmt":"2023-07-12T11:43:01","guid":{"rendered":"https:\/\/nordicministorages.ee\/meie-kohta\/"},"modified":"2026-02-12T14:51:11","modified_gmt":"2026-02-12T12:51:11","slug":"meie-kohta","status":"publish","type":"page","link":"https:\/\/nordicministorages.ee\/et\/meie-kohta\/","title":{"rendered":"Meist"},"content":{"rendered":"<style>\/*! elementor - v3.15.0 - 20-08-2023 *\/\n.elementor-heading-title{padding:0;margin:0;line-height:1}.elementor-widget-heading .elementor-heading-title[class*=elementor-size-]>a{color:inherit;font-size:inherit;line-height:inherit}.elementor-widget-heading .elementor-heading-title.elementor-size-small{font-size:15px}.elementor-widget-heading .elementor-heading-title.elementor-size-medium{font-size:19px}.elementor-widget-heading .elementor-heading-title.elementor-size-large{font-size:29px}.elementor-widget-heading .elementor-heading-title.elementor-size-xl{font-size:39px}.elementor-widget-heading .elementor-heading-title.elementor-size-xxl{font-size:59px}<\/style>\n<h2>Meist<\/h2>\n<p><strong>Nordic Mini Storages&#8217;is pakub miniladusid eraisikutele ja ettev\u00f5tetele ning on partner turvalise ja h\u00f5lpsasti ligip\u00e4\u00e4setava hoiulahenduse leidmiseks. <\/strong><\/p>\n<p>Oleme uhked, et pakume erinevaid miniladusid alates kompaktsetest 2 m\u00b2 suurustest ruumidest kuni suuremate 10 m\u00b2 suuruste ruumideni.<\/p>\n<p>Meie eesm\u00e4rk on pakkuda mugavust. See v\u00e4ljendub meie lihtsas rendiprotsessis, mis tagab, et meie kliendid saavad oma renditud ruumid k\u00e4tte samal p\u00e4eval, kui nad need broneerivad.<\/p>\n<style>\/*! elementor - v3.15.0 - 20-08-2023 *\/\n.elementor-widget-image{text-align:center}.elementor-widget-image a{display:inline-block}.elementor-widget-image a img[src$=\".svg\"]{width:48px}.elementor-widget-image img{vertical-align:middle;display:inline-block}<\/style>\n<p>\t\t\t\t\t\t\t\t\t\t\t\t<img loading=\"lazy\" decoding=\"async\" width=\"800\" height=\"1000\" src=\"https:\/\/nordicministorages.ee\/wp-content\/uploads\/2023\/06\/NordicMiniStorage-33-1-819x1024.jpg\" alt=\"\" loading=\"lazy\" srcset=\"https:\/\/nordicministorages.ee\/wp-content\/uploads\/2023\/06\/NordicMiniStorage-33-1-819x1024.jpg 819w, https:\/\/nordicministorages.ee\/wp-content\/uploads\/2023\/06\/NordicMiniStorage-33-1-240x300.jpg 240w, https:\/\/nordicministorages.ee\/wp-content\/uploads\/2023\/06\/NordicMiniStorage-33-1-768x960.jpg 768w, https:\/\/nordicministorages.ee\/wp-content\/uploads\/2023\/06\/NordicMiniStorage-33-1-1229x1536.jpg 1229w, https:\/\/nordicministorages.ee\/wp-content\/uploads\/2023\/06\/NordicMiniStorage-33-1-60x75.jpg 60w, https:\/\/nordicministorages.ee\/wp-content\/uploads\/2023\/06\/NordicMiniStorage-33-1-110x138.jpg 110w, https:\/\/nordicministorages.ee\/wp-content\/uploads\/2023\/06\/NordicMiniStorage-33-1-600x750.jpg 600w, https:\/\/nordicministorages.ee\/wp-content\/uploads\/2023\/06\/NordicMiniStorage-33-1.jpg 1536w\" sizes=\"auto, (max-width: 800px) 100vw, 800px\"><br \/>\n\t\t\t\t\t\t\t\t\t\t\t\t\t\t\t<img loading=\"lazy\" decoding=\"async\" width=\"800\" height=\"1000\" src=\"https:\/\/nordicministorages.ee\/wp-content\/uploads\/2023\/06\/NordicMiniStorage-35-819x1024.jpg\" alt=\"\" loading=\"lazy\" srcset=\"https:\/\/nordicministorages.ee\/wp-content\/uploads\/2023\/06\/NordicMiniStorage-35-819x1024.jpg 819w, https:\/\/nordicministorages.ee\/wp-content\/uploads\/2023\/06\/NordicMiniStorage-35-240x300.jpg 240w, https:\/\/nordicministorages.ee\/wp-content\/uploads\/2023\/06\/NordicMiniStorage-35-768x960.jpg 768w, https:\/\/nordicministorages.ee\/wp-content\/uploads\/2023\/06\/NordicMiniStorage-35-1229x1536.jpg 1229w, https:\/\/nordicministorages.ee\/wp-content\/uploads\/2023\/06\/NordicMiniStorage-35-60x75.jpg 60w, https:\/\/nordicministorages.ee\/wp-content\/uploads\/2023\/06\/NordicMiniStorage-35-110x138.jpg 110w, https:\/\/nordicministorages.ee\/wp-content\/uploads\/2023\/06\/NordicMiniStorage-35-600x750.jpg 600w, https:\/\/nordicministorages.ee\/wp-content\/uploads\/2023\/06\/NordicMiniStorage-35.jpg 1536w\" sizes=\"auto, (max-width: 800px) 100vw, 800px\">\t\t\t\t\t\t\t\t\t\t\t\t\t\t\t<\/p>\n<p><strong>Meie kaasaegne l\u00e4henemine hoiustamisele on rohkemat, kui lihtsalt sobiva ruumi pakkumine.<\/strong><\/p>\n<p>Elades digiajastul, oleme integreerinud tehnoloogia oma teenustesse.<\/p>\n<p>Kliendid saavad nutiladu h\u00f5lpsasti rentida veebis ning uuendusliku mobiilirakenduse abil muutub kliendi nutitelefon v\u00f5tmeks, mis v\u00f5imaldab sujuvat juurdep\u00e4\u00e4su nii laohoonele kui ka renditud minilaole.<\/p>\n<p>\t\t\t\t\t\t\t\t\t\t\t\t\t\t\t<img loading=\"lazy\" decoding=\"async\" width=\"800\" height=\"1000\" src=\"https:\/\/nordicministorages.ee\/wp-content\/uploads\/2023\/06\/NordicMiniStorage-34-819x1024.jpg\" alt=\"\" loading=\"lazy\" srcset=\"https:\/\/nordicministorages.ee\/wp-content\/uploads\/2023\/06\/NordicMiniStorage-34-819x1024.jpg 819w, https:\/\/nordicministorages.ee\/wp-content\/uploads\/2023\/06\/NordicMiniStorage-34-240x300.jpg 240w, https:\/\/nordicministorages.ee\/wp-content\/uploads\/2023\/06\/NordicMiniStorage-34-768x960.jpg 768w, https:\/\/nordicministorages.ee\/wp-content\/uploads\/2023\/06\/NordicMiniStorage-34-1229x1536.jpg 1229w, https:\/\/nordicministorages.ee\/wp-content\/uploads\/2023\/06\/NordicMiniStorage-34-60x75.jpg 60w, https:\/\/nordicministorages.ee\/wp-content\/uploads\/2023\/06\/NordicMiniStorage-34-110x138.jpg 110w, https:\/\/nordicministorages.ee\/wp-content\/uploads\/2023\/06\/NordicMiniStorage-34-600x750.jpg 600w, https:\/\/nordicministorages.ee\/wp-content\/uploads\/2023\/06\/NordicMiniStorage-34.jpg 1536w\" sizes=\"auto, (max-width: 800px) 100vw, 800px\"><br \/>\n\t\t\t\t\t\t\t\t\t\t\t\t\t\t\t<img loading=\"lazy\" decoding=\"async\" width=\"800\" height=\"1000\" src=\"https:\/\/nordicministorages.ee\/wp-content\/uploads\/2023\/06\/NordicMiniStorage-32-1-819x1024.jpg\" alt=\"\" loading=\"lazy\" srcset=\"https:\/\/nordicministorages.ee\/wp-content\/uploads\/2023\/06\/NordicMiniStorage-32-1-819x1024.jpg 819w, https:\/\/nordicministorages.ee\/wp-content\/uploads\/2023\/06\/NordicMiniStorage-32-1-240x300.jpg 240w, https:\/\/nordicministorages.ee\/wp-content\/uploads\/2023\/06\/NordicMiniStorage-32-1-768x960.jpg 768w, https:\/\/nordicministorages.ee\/wp-content\/uploads\/2023\/06\/NordicMiniStorage-32-1-1229x1536.jpg 1229w, https:\/\/nordicministorages.ee\/wp-content\/uploads\/2023\/06\/NordicMiniStorage-32-1-60x75.jpg 60w, https:\/\/nordicministorages.ee\/wp-content\/uploads\/2023\/06\/NordicMiniStorage-32-1-110x138.jpg 110w, https:\/\/nordicministorages.ee\/wp-content\/uploads\/2023\/06\/NordicMiniStorage-32-1-600x750.jpg 600w, https:\/\/nordicministorages.ee\/wp-content\/uploads\/2023\/06\/NordicMiniStorage-32-1.jpg 1536w\" sizes=\"auto, (max-width: 800px) 100vw, 800px\">\t\t\t\t\t\t\t\t\t\t\t\t\t\t\t<\/p>\n<p><strong>Selline tehnoloogia \u00fchendamine tagab meie klientidele 24\/7 juurdep\u00e4\u00e4su oma asjadele, mis teeb minilao \u00fc\u00fcrimise veelgi mugavamaks.<\/strong><\/p>\n<p>Nordic Mini Storages&#8217;i puhul on turvalisus esmat\u00e4htis. Meie hoone on varustatud moodsate turvameetmetega, sh valvekaamerate ja tugeva turvas\u00fcsteemiga. <\/p>\n<p>Lisaks sellele on iga minilao temperatuur kontrollitud, mis tagab, et klientide isiklike v\u00f5i \u00e4ritegevusega seotud esemete seisukord ei halvene, olenemata ilmastikuoludest v\u00e4ljas. Ja neile, kes liiklevad autoga, pakume tasuta parkimist otse meie laohoone ees, muutes esemete sisse- ja v\u00e4ljaviimise protsessi muretuks. <\/p>\n<p>Kliendid kiidavad meie puhtaid ja moodsaid laoruume, meie t\u00e4ielikult automatiseeritud rendiprotsessi ja isiklikku l\u00e4henemist. <\/p>\n<p>Olenemata sellest, kas klient hoiustab majapidamistarbeid, ettev\u00f5tte inventari v\u00f5i hooajalisi asju, Nordic Mini Storages lubab turvalist, k\u00e4ttesaadavat ja vajadustele kohandatud ladustamist.<\/p>\n","protected":false},"excerpt":{"rendered":"<p>Meist Nordic Mini Storages&#8217;is pakub miniladusid eraisikutele ja ettev\u00f5tetele ning on partner turvalise ja h\u00f5lpsasti ligip\u00e4\u00e4setava hoiulahenduse leidmiseks. Oleme uhked, et pakume erinevaid miniladusid alates kompaktsetest 2 m\u00b2 suurustest ruumidest kuni suuremate 10 m\u00b2 suuruste ruumideni. Meie eesm\u00e4rk on pakkuda mugavust. See v\u00e4ljendub meie lihtsas rendiprotsessis, mis tagab, et meie kliendid saavad oma renditud ruumid [&hellip;]<\/p>\n","protected":false},"author":1,"featured_media":0,"parent":0,"menu_order":0,"comment_status":"closed","ping_status":"closed","template":"","meta":{"_acf_changed":false,"footnotes":""},"class_list":["post-5756","page","type-page","status-publish","hentry"],"acf":[],"aioseo_notices":[],"_links":{"self":[{"href":"https:\/\/nordicministorages.ee\/et\/wp-json\/wp\/v2\/pages\/5756","targetHints":{"allow":["GET"]}}],"collection":[{"href":"https:\/\/nordicministorages.ee\/et\/wp-json\/wp\/v2\/pages"}],"about":[{"href":"https:\/\/nordicministorages.ee\/et\/wp-json\/wp\/v2\/types\/page"}],"author":[{"embeddable":true,"href":"https:\/\/nordicministorages.ee\/et\/wp-json\/wp\/v2\/users\/1"}],"replies":[{"embeddable":true,"href":"https:\/\/nordicministorages.ee\/et\/wp-json\/wp\/v2\/comments?post=5756"}],"version-history":[{"count":16,"href":"https:\/\/nordicministorages.ee\/et\/wp-json\/wp\/v2\/pages\/5756\/revisions"}],"predecessor-version":[{"id":7000,"href":"https:\/\/nordicministorages.ee\/et\/wp-json\/wp\/v2\/pages\/5756\/revisions\/7000"}],"wp:attachment":[{"href":"https:\/\/nordicministorages.ee\/et\/wp-json\/wp\/v2\/media?parent=5756"}],"curies":[{"name":"wp","href":"https:\/\/api.w.org\/{rel}","templated":true}]}}