{"id":5768,"date":"2023-07-20T10:54:03","date_gmt":"2023-07-20T07:54:03","guid":{"rendered":"https:\/\/nordicministorages.ee\/ladustamisruumid-ettevotetele\/"},"modified":"2026-02-12T11:37:45","modified_gmt":"2026-02-12T09:37:45","slug":"ladustamisruumid-ettevotetele","status":"publish","type":"page","link":"https:\/\/nordicministorages.ee\/et\/ladustamisruumid-ettevotetele\/","title":{"rendered":"Laoruumid ettev\u00f5tetele"},"content":{"rendered":"\t\t<div data-elementor-type=\"wp-page\" data-elementor-id=\"5768\" class=\"elementor elementor-5768 elementor-1764\" data-elementor-post-type=\"page\">\n\t\t\t\t\t\t<section class=\"elementor-section elementor-top-section elementor-element elementor-element-8aca59a elementor-section-boxed elementor-section-height-default elementor-section-height-default\" data-id=\"8aca59a\" data-element_type=\"section\" data-e-type=\"section\">\n\t\t\t\t\t\t<div class=\"elementor-container elementor-column-gap-default\">\n\t\t\t\t\t<div class=\"elementor-column elementor-col-50 elementor-top-column elementor-element elementor-element-cf072f4\" data-id=\"cf072f4\" data-element_type=\"column\" data-e-type=\"column\">\n\t\t\t<div class=\"elementor-widget-wrap elementor-element-populated\">\n\t\t\t\t\t\t<div class=\"elementor-element elementor-element-3f15e8a elementor-widget elementor-widget-heading\" data-id=\"3f15e8a\" data-element_type=\"widget\" data-e-type=\"widget\" data-widget_type=\"heading.default\">\n\t\t\t\t<div class=\"elementor-widget-container\">\n\t\t\t\t\t<h2 class=\"elementor-heading-title elementor-size-default\">Laoruumid ettev\u00f5tetele<\/h2>\t\t\t\t<\/div>\n\t\t\t\t<\/div>\n\t\t\t\t<div class=\"elementor-element elementor-element-582afb5 elementor-widget elementor-widget-text-editor\" data-id=\"582afb5\" data-element_type=\"widget\" data-e-type=\"widget\" data-widget_type=\"text-editor.default\">\n\t\t\t\t<div class=\"elementor-widget-container\">\n\t\t\t\t\t\t\t\t\t<p>Nutilaod pakuvad ettev\u00f5tetele paindlikku ja kuluefektiivset lahendust oma inventari, seadmete ja arhiivi hoiustamiseks.<\/p><p>Kui ettev\u00f5tted kasvavad, kasvab ka nende ladustatavate esemete maht \u00fcleliigsetest laovarudest, hooajatoodetest ja reklaammaterjalidest oluliste dokumentideni.<\/p><p>Nutilao rentimine v\u00f5imaldab ettev\u00f5tetel kasutada t\u00f5husalt oma p\u00f5hilisi kontori- v\u00f5i jaem\u00fc\u00fcgiruume, viies mittevajalikud esemed turvalisse kohta, tagades, et p\u00f5hiruumid p\u00fcsivad puhtad ja optimeeritud p\u00f5hitegevuseks.<\/p>\t\t\t\t\t\t\t\t<\/div>\n\t\t\t\t<\/div>\n\t\t\t\t<div class=\"elementor-element elementor-element-fdb1291 elementor-widget__width-auto elementor-hidden-mobile elementor-widget elementor-widget-button\" data-id=\"fdb1291\" data-element_type=\"widget\" data-e-type=\"widget\" data-widget_type=\"button.default\">\n\t\t\t\t<div class=\"elementor-widget-container\">\n\t\t\t\t\t\t\t\t\t<div class=\"elementor-button-wrapper\">\n\t\t\t\t\t<a class=\"elementor-button elementor-button-link elementor-size-lg\" href=\"https:\/\/nordicministorages.ee\/kaavakuja-6\/rent-a-unit\/\">\n\t\t\t\t\t\t<span class=\"elementor-button-content-wrapper\">\n\t\t\t\t\t\t\t\t\t<span class=\"elementor-button-text\">RENDI LAORUUM<\/span>\n\t\t\t\t\t<\/span>\n\t\t\t\t\t<\/a>\n\t\t\t\t<\/div>\n\t\t\t\t\t\t\t\t<\/div>\n\t\t\t\t<\/div>\n\t\t\t\t\t<\/div>\n\t\t<\/div>\n\t\t\t\t<div class=\"elementor-column elementor-col-50 elementor-top-column elementor-element elementor-element-1f80cac\" data-id=\"1f80cac\" data-element_type=\"column\" data-e-type=\"column\">\n\t\t\t<div class=\"elementor-widget-wrap elementor-element-populated\">\n\t\t\t\t\t\t<div class=\"elementor-element elementor-element-cf14a8b elementor-invisible elementor-widget elementor-widget-image\" data-id=\"cf14a8b\" data-element_type=\"widget\" data-e-type=\"widget\" data-settings=\"{&quot;_animation&quot;:&quot;fadeInLeft&quot;,&quot;_animation_delay&quot;:&quot;100&quot;}\" data-widget_type=\"image.default\">\n\t\t\t\t<div class=\"elementor-widget-container\">\n\t\t\t\t\t\t\t\t\t\t\t\t\t\t\t<img fetchpriority=\"high\" decoding=\"async\" width=\"800\" height=\"800\" src=\"https:\/\/nordicministorages.ee\/wp-content\/uploads\/2023\/09\/W_-_2023-09_-_FC_-_01_frame-1024x1024.jpg\" class=\"attachment-large size-large wp-image-5769\" alt=\"\" srcset=\"https:\/\/nordicministorages.ee\/wp-content\/uploads\/2023\/09\/W_-_2023-09_-_FC_-_01_frame-1024x1024.jpg 1024w, https:\/\/nordicministorages.ee\/wp-content\/uploads\/2023\/09\/W_-_2023-09_-_FC_-_01_frame-300x300.jpg 300w, https:\/\/nordicministorages.ee\/wp-content\/uploads\/2023\/09\/W_-_2023-09_-_FC_-_01_frame-150x150.jpg 150w, https:\/\/nordicministorages.ee\/wp-content\/uploads\/2023\/09\/W_-_2023-09_-_FC_-_01_frame-768x768.jpg 768w, https:\/\/nordicministorages.ee\/wp-content\/uploads\/2023\/09\/W_-_2023-09_-_FC_-_01_frame-60x60.jpg 60w, https:\/\/nordicministorages.ee\/wp-content\/uploads\/2023\/09\/W_-_2023-09_-_FC_-_01_frame-110x110.jpg 110w, https:\/\/nordicministorages.ee\/wp-content\/uploads\/2023\/09\/W_-_2023-09_-_FC_-_01_frame-600x600.jpg 600w, https:\/\/nordicministorages.ee\/wp-content\/uploads\/2023\/09\/W_-_2023-09_-_FC_-_01_frame-100x100.jpg 100w, https:\/\/nordicministorages.ee\/wp-content\/uploads\/2023\/09\/W_-_2023-09_-_FC_-_01_frame.jpg 1080w\" sizes=\"(max-width: 800px) 100vw, 800px\" \/>\t\t\t\t\t\t\t\t\t\t\t\t\t\t\t<\/div>\n\t\t\t\t<\/div>\n\t\t\t\t<div class=\"elementor-element elementor-element-a13a8ce elementor-widget__width-initial elementor-absolute elementor-widget-tablet__width-initial elementor-invisible elementor-widget elementor-widget-image\" data-id=\"a13a8ce\" data-element_type=\"widget\" data-e-type=\"widget\" data-settings=\"{&quot;_position&quot;:&quot;absolute&quot;,&quot;_animation&quot;:&quot;zoomIn&quot;,&quot;_animation_delay&quot;:&quot;500&quot;}\" data-widget_type=\"image.default\">\n\t\t\t\t<div class=\"elementor-widget-container\">\n\t\t\t\t\t\t\t\t\t\t\t\t\t\t\t<img decoding=\"async\" width=\"600\" height=\"600\" src=\"https:\/\/nordicministorages.ee\/wp-content\/uploads\/2023\/06\/lines-02.png\" class=\"attachment-large size-large wp-image-7147\" alt=\"\" srcset=\"https:\/\/nordicministorages.ee\/wp-content\/uploads\/2023\/06\/lines-02.png 600w, https:\/\/nordicministorages.ee\/wp-content\/uploads\/2023\/06\/lines-02-300x300.png 300w, https:\/\/nordicministorages.ee\/wp-content\/uploads\/2023\/06\/lines-02-150x150.png 150w, https:\/\/nordicministorages.ee\/wp-content\/uploads\/2023\/06\/lines-02-60x60.png 60w, https:\/\/nordicministorages.ee\/wp-content\/uploads\/2023\/06\/lines-02-110x110.png 110w, https:\/\/nordicministorages.ee\/wp-content\/uploads\/2023\/06\/lines-02-100x100.png 100w\" sizes=\"(max-width: 600px) 100vw, 600px\" \/>\t\t\t\t\t\t\t\t\t\t\t\t\t\t\t<\/div>\n\t\t\t\t<\/div>\n\t\t\t\t\t<\/div>\n\t\t<\/div>\n\t\t\t\t\t<\/div>\n\t\t<\/section>\n\t\t\t\t<section class=\"elementor-section elementor-top-section elementor-element elementor-element-44fff7b elementor-section-boxed elementor-section-height-default elementor-section-height-default\" data-id=\"44fff7b\" data-element_type=\"section\" data-e-type=\"section\">\n\t\t\t\t\t\t<div class=\"elementor-container elementor-column-gap-default\">\n\t\t\t\t\t<div class=\"elementor-column elementor-col-50 elementor-top-column elementor-element elementor-element-1624c97\" data-id=\"1624c97\" data-element_type=\"column\" data-e-type=\"column\">\n\t\t\t<div class=\"elementor-widget-wrap elementor-element-populated\">\n\t\t\t\t\t\t<div class=\"elementor-element elementor-element-d478ab4 elementor-invisible elementor-widget elementor-widget-image\" data-id=\"d478ab4\" data-element_type=\"widget\" data-e-type=\"widget\" data-settings=\"{&quot;_animation&quot;:&quot;fadeInLeft&quot;,&quot;_animation_delay&quot;:&quot;100&quot;}\" data-widget_type=\"image.default\">\n\t\t\t\t<div class=\"elementor-widget-container\">\n\t\t\t\t\t\t\t\t\t\t\t\t\t\t\t<img decoding=\"async\" width=\"800\" height=\"800\" src=\"https:\/\/nordicministorages.ee\/wp-content\/uploads\/2023\/09\/W_-_2023-09_-_FC_-_02_frame-1024x1024.jpg\" class=\"attachment-large size-large wp-image-5770\" alt=\"\" srcset=\"https:\/\/nordicministorages.ee\/wp-content\/uploads\/2023\/09\/W_-_2023-09_-_FC_-_02_frame-1024x1024.jpg 1024w, https:\/\/nordicministorages.ee\/wp-content\/uploads\/2023\/09\/W_-_2023-09_-_FC_-_02_frame-300x300.jpg 300w, https:\/\/nordicministorages.ee\/wp-content\/uploads\/2023\/09\/W_-_2023-09_-_FC_-_02_frame-150x150.jpg 150w, https:\/\/nordicministorages.ee\/wp-content\/uploads\/2023\/09\/W_-_2023-09_-_FC_-_02_frame-768x768.jpg 768w, https:\/\/nordicministorages.ee\/wp-content\/uploads\/2023\/09\/W_-_2023-09_-_FC_-_02_frame-60x60.jpg 60w, https:\/\/nordicministorages.ee\/wp-content\/uploads\/2023\/09\/W_-_2023-09_-_FC_-_02_frame-110x110.jpg 110w, https:\/\/nordicministorages.ee\/wp-content\/uploads\/2023\/09\/W_-_2023-09_-_FC_-_02_frame-600x600.jpg 600w, https:\/\/nordicministorages.ee\/wp-content\/uploads\/2023\/09\/W_-_2023-09_-_FC_-_02_frame-100x100.jpg 100w, https:\/\/nordicministorages.ee\/wp-content\/uploads\/2023\/09\/W_-_2023-09_-_FC_-_02_frame.jpg 1080w\" sizes=\"(max-width: 800px) 100vw, 800px\" \/>\t\t\t\t\t\t\t\t\t\t\t\t\t\t\t<\/div>\n\t\t\t\t<\/div>\n\t\t\t\t<div class=\"elementor-element elementor-element-9d3ab6b elementor-widget__width-initial elementor-absolute elementor-widget-tablet__width-initial elementor-invisible elementor-widget elementor-widget-image\" data-id=\"9d3ab6b\" data-element_type=\"widget\" data-e-type=\"widget\" data-settings=\"{&quot;_position&quot;:&quot;absolute&quot;,&quot;_animation&quot;:&quot;zoomIn&quot;,&quot;_animation_delay&quot;:&quot;500&quot;}\" data-widget_type=\"image.default\">\n\t\t\t\t<div class=\"elementor-widget-container\">\n\t\t\t\t\t\t\t\t\t\t\t\t\t\t\t<img decoding=\"async\" width=\"600\" height=\"600\" src=\"https:\/\/nordicministorages.ee\/wp-content\/uploads\/2023\/06\/lines-02.png\" class=\"attachment-large size-large wp-image-7147\" alt=\"\" srcset=\"https:\/\/nordicministorages.ee\/wp-content\/uploads\/2023\/06\/lines-02.png 600w, https:\/\/nordicministorages.ee\/wp-content\/uploads\/2023\/06\/lines-02-300x300.png 300w, https:\/\/nordicministorages.ee\/wp-content\/uploads\/2023\/06\/lines-02-150x150.png 150w, https:\/\/nordicministorages.ee\/wp-content\/uploads\/2023\/06\/lines-02-60x60.png 60w, https:\/\/nordicministorages.ee\/wp-content\/uploads\/2023\/06\/lines-02-110x110.png 110w, https:\/\/nordicministorages.ee\/wp-content\/uploads\/2023\/06\/lines-02-100x100.png 100w\" sizes=\"(max-width: 600px) 100vw, 600px\" \/>\t\t\t\t\t\t\t\t\t\t\t\t\t\t\t<\/div>\n\t\t\t\t<\/div>\n\t\t\t\t\t<\/div>\n\t\t<\/div>\n\t\t\t\t<div class=\"elementor-column elementor-col-50 elementor-top-column elementor-element elementor-element-abac7c7\" data-id=\"abac7c7\" data-element_type=\"column\" data-e-type=\"column\">\n\t\t\t<div class=\"elementor-widget-wrap elementor-element-populated\">\n\t\t\t\t\t\t<div class=\"elementor-element elementor-element-65fe340 elementor-widget elementor-widget-text-editor\" data-id=\"65fe340\" data-element_type=\"widget\" data-e-type=\"widget\" data-widget_type=\"text-editor.default\">\n\t\t\t\t<div class=\"elementor-widget-container\">\n\t\t\t\t\t\t\t\t\t<p>Lisaks pakuvad nutilaod ettev\u00f5tetele v\u00f5imalust oma laopinda vastavalt oma vajadustele suurendada v\u00f5i v\u00e4hendada.<\/p><p>See on eriti kasulik ettev\u00f5tetele, kus hoiustamise vajadus on k\u00f5ikuv v\u00f5i kes teevad l\u00e4bi muutusi, n\u00e4iteks paigutavad \u00fcmber v\u00f5i renoveerivad kontorit v\u00f5i laienevad.<\/p><p>T\u00e4nu 24\/7 juurdep\u00e4\u00e4sule oma esemetele, t\u00e4iustatud turvameetmetele ja pikaajalise rendikohustuse puudumisele muutub hoiustamine hindamatuks v\u00e4\u00e4rtuseks ettev\u00f5tetele, kes p\u00fc\u00fcavad saavutada tegevuse t\u00f5husust ja rahalist ettevaatust.<\/p>\t\t\t\t\t\t\t\t<\/div>\n\t\t\t\t<\/div>\n\t\t\t\t<div class=\"elementor-element elementor-element-287e5ff elementor-widget__width-auto elementor-hidden-mobile elementor-widget elementor-widget-button\" data-id=\"287e5ff\" data-element_type=\"widget\" data-e-type=\"widget\" data-widget_type=\"button.default\">\n\t\t\t\t<div class=\"elementor-widget-container\">\n\t\t\t\t\t\t\t\t\t<div class=\"elementor-button-wrapper\">\n\t\t\t\t\t<a class=\"elementor-button elementor-button-link elementor-size-lg\" href=\"https:\/\/nordicministorages.ee\/kaavakuja-6\/rent-a-unit\/\">\n\t\t\t\t\t\t<span class=\"elementor-button-content-wrapper\">\n\t\t\t\t\t\t\t\t\t<span class=\"elementor-button-text\">RENDI LAORUUM<\/span>\n\t\t\t\t\t<\/span>\n\t\t\t\t\t<\/a>\n\t\t\t\t<\/div>\n\t\t\t\t\t\t\t\t<\/div>\n\t\t\t\t<\/div>\n\t\t\t\t\t<\/div>\n\t\t<\/div>\n\t\t\t\t\t<\/div>\n\t\t<\/section>\n\t\t\t\t<section class=\"elementor-section elementor-top-section elementor-element elementor-element-a405b6e elementor-section-boxed elementor-section-height-default elementor-section-height-default\" data-id=\"a405b6e\" data-element_type=\"section\" data-e-type=\"section\">\n\t\t\t\t\t\t<div class=\"elementor-container elementor-column-gap-default\">\n\t\t\t\t\t<div class=\"elementor-column elementor-col-100 elementor-top-column elementor-element elementor-element-6cfe538\" data-id=\"6cfe538\" data-element_type=\"column\" data-e-type=\"column\">\n\t\t\t<div class=\"elementor-widget-wrap elementor-element-populated\">\n\t\t\t\t\t\t<section class=\"elementor-section elementor-inner-section elementor-element elementor-element-2094c9c elementor-section-full_width elementor-section-height-default elementor-section-height-default\" data-id=\"2094c9c\" data-element_type=\"section\" data-e-type=\"section\">\n\t\t\t\t\t\t<div class=\"elementor-container elementor-column-gap-default\">\n\t\t\t\t\t<div class=\"elementor-column elementor-col-33 elementor-inner-column elementor-element elementor-element-e7968e8 elementor-invisible\" data-id=\"e7968e8\" data-element_type=\"column\" data-e-type=\"column\" data-settings=\"{&quot;animation&quot;:&quot;fadeInUp&quot;,&quot;animation_delay&quot;:200}\">\n\t\t\t<div class=\"elementor-widget-wrap elementor-element-populated\">\n\t\t\t\t\t\t<div class=\"elementor-element elementor-element-114f7fa elementor-widget__width-initial elementor-widget elementor-widget-spacer\" data-id=\"114f7fa\" data-element_type=\"widget\" data-e-type=\"widget\" data-widget_type=\"spacer.default\">\n\t\t\t\t<div class=\"elementor-widget-container\">\n\t\t\t\t\t\t\t<div class=\"elementor-spacer\">\n\t\t\t<div class=\"elementor-spacer-inner\"><\/div>\n\t\t<\/div>\n\t\t\t\t\t\t<\/div>\n\t\t\t\t<\/div>\n\t\t\t\t<div class=\"elementor-element elementor-element-db6e585 elementor-widget elementor-widget-icon-box\" data-id=\"db6e585\" data-element_type=\"widget\" data-e-type=\"widget\" data-widget_type=\"icon-box.default\">\n\t\t\t\t<div class=\"elementor-widget-container\">\n\t\t\t\t\t\t\t<div class=\"elementor-icon-box-wrapper\">\n\n\t\t\t\n\t\t\t\t\t\t<div class=\"elementor-icon-box-content\">\n\n\t\t\t\t\t\t\t\t\t<h3 class=\"elementor-icon-box-title\">\n\t\t\t\t\t\t<span  >\n\t\t\t\t\t\t\tJuurdep\u00e4\u00e4s samal p\u00e4eval\t\t\t\t\t\t<\/span>\n\t\t\t\t\t<\/h3>\n\t\t\t\t\n\t\t\t\t\t\t\t\t\t<p class=\"elementor-icon-box-description\">\n\t\t\t\t\t\tRendi miniladu kohe ja p\u00e4\u00e4sed ligi v\u00e4hem kui 15 minutiga. Asjad v\u00f5id sisse tuua kohe. \t\t\t\t\t<\/p>\n\t\t\t\t\n\t\t\t<\/div>\n\t\t\t\n\t\t<\/div>\n\t\t\t\t\t\t<\/div>\n\t\t\t\t<\/div>\n\t\t\t\t\t<\/div>\n\t\t<\/div>\n\t\t\t\t<div class=\"elementor-column elementor-col-33 elementor-inner-column elementor-element elementor-element-b715f4f elementor-invisible\" data-id=\"b715f4f\" data-element_type=\"column\" data-e-type=\"column\" data-settings=\"{&quot;animation&quot;:&quot;fadeInUp&quot;,&quot;animation_delay&quot;:300}\">\n\t\t\t<div class=\"elementor-widget-wrap elementor-element-populated\">\n\t\t\t\t\t\t<div class=\"elementor-element elementor-element-47bb6c5 elementor-widget__width-initial elementor-widget elementor-widget-spacer\" data-id=\"47bb6c5\" data-element_type=\"widget\" data-e-type=\"widget\" data-widget_type=\"spacer.default\">\n\t\t\t\t<div class=\"elementor-widget-container\">\n\t\t\t\t\t\t\t<div class=\"elementor-spacer\">\n\t\t\t<div class=\"elementor-spacer-inner\"><\/div>\n\t\t<\/div>\n\t\t\t\t\t\t<\/div>\n\t\t\t\t<\/div>\n\t\t\t\t<div class=\"elementor-element elementor-element-481cf77 elementor-widget elementor-widget-icon-box\" data-id=\"481cf77\" data-element_type=\"widget\" data-e-type=\"widget\" data-widget_type=\"icon-box.default\">\n\t\t\t\t<div class=\"elementor-widget-container\">\n\t\t\t\t\t\t\t<div class=\"elementor-icon-box-wrapper\">\n\n\t\t\t\n\t\t\t\t\t\t<div class=\"elementor-icon-box-content\">\n\n\t\t\t\t\t\t\t\t\t<h3 class=\"elementor-icon-box-title\">\n\t\t\t\t\t\t<span  >\n\t\t\t\t\t\t\tRendi veebis\t\t\t\t\t\t<\/span>\n\t\t\t\t\t<\/h3>\n\t\t\t\t\n\t\t\t\t\t\t\t\t\t<p class=\"elementor-icon-box-description\">\n\t\t\t\t\t\tMeie rentimise protsess on lihtne ja lepingut saab digiallkirjastada.\t\t\t\t\t<\/p>\n\t\t\t\t\n\t\t\t<\/div>\n\t\t\t\n\t\t<\/div>\n\t\t\t\t\t\t<\/div>\n\t\t\t\t<\/div>\n\t\t\t\t\t<\/div>\n\t\t<\/div>\n\t\t\t\t<div class=\"elementor-column elementor-col-33 elementor-inner-column elementor-element elementor-element-50f89ab elementor-invisible\" data-id=\"50f89ab\" data-element_type=\"column\" data-e-type=\"column\" data-settings=\"{&quot;animation&quot;:&quot;fadeInUp&quot;,&quot;animation_delay&quot;:400}\">\n\t\t\t<div class=\"elementor-widget-wrap elementor-element-populated\">\n\t\t\t\t\t\t<div class=\"elementor-element elementor-element-bcbf894 elementor-widget__width-initial elementor-widget elementor-widget-spacer\" data-id=\"bcbf894\" data-element_type=\"widget\" data-e-type=\"widget\" data-widget_type=\"spacer.default\">\n\t\t\t\t<div class=\"elementor-widget-container\">\n\t\t\t\t\t\t\t<div class=\"elementor-spacer\">\n\t\t\t<div class=\"elementor-spacer-inner\"><\/div>\n\t\t<\/div>\n\t\t\t\t\t\t<\/div>\n\t\t\t\t<\/div>\n\t\t\t\t<div class=\"elementor-element elementor-element-8b66c4c elementor-widget elementor-widget-icon-box\" data-id=\"8b66c4c\" data-element_type=\"widget\" data-e-type=\"widget\" data-widget_type=\"icon-box.default\">\n\t\t\t\t<div class=\"elementor-widget-container\">\n\t\t\t\t\t\t\t<div class=\"elementor-icon-box-wrapper\">\n\n\t\t\t\n\t\t\t\t\t\t<div class=\"elementor-icon-box-content\">\n\n\t\t\t\t\t\t\t\t\t<h3 class=\"elementor-icon-box-title\">\n\t\t\t\t\t\t<span  >\n\t\t\t\t\t\t\tTelefon kui ukse v\u00f5ti\t\t\t\t\t\t<\/span>\n\t\t\t\t\t<\/h3>\n\t\t\t\t\n\t\t\t\t\t\t\t\t\t<p class=\"elementor-icon-box-description\">\n\t\t\t\t\t\tLaadi alla meie rakendus ja kasuta oma telefoni v\u00f5tmena, et avada oma hoiuruum.\t\t\t\t\t<\/p>\n\t\t\t\t\n\t\t\t<\/div>\n\t\t\t\n\t\t<\/div>\n\t\t\t\t\t\t<\/div>\n\t\t\t\t<\/div>\n\t\t\t\t\t<\/div>\n\t\t<\/div>\n\t\t\t\t\t<\/div>\n\t\t<\/section>\n\t\t\t\t<section class=\"elementor-section elementor-inner-section elementor-element elementor-element-5d33cee elementor-section-full_width elementor-section-height-default elementor-section-height-default\" data-id=\"5d33cee\" data-element_type=\"section\" data-e-type=\"section\">\n\t\t\t\t\t\t<div class=\"elementor-container elementor-column-gap-default\">\n\t\t\t\t\t<div class=\"elementor-column elementor-col-33 elementor-inner-column elementor-element elementor-element-b14faa9 elementor-invisible\" data-id=\"b14faa9\" data-element_type=\"column\" data-e-type=\"column\" data-settings=\"{&quot;animation&quot;:&quot;fadeInUp&quot;,&quot;animation_delay&quot;:200}\">\n\t\t\t<div class=\"elementor-widget-wrap elementor-element-populated\">\n\t\t\t\t\t\t<div class=\"elementor-element elementor-element-132afbf elementor-widget__width-initial elementor-widget elementor-widget-spacer\" data-id=\"132afbf\" data-element_type=\"widget\" data-e-type=\"widget\" data-widget_type=\"spacer.default\">\n\t\t\t\t<div class=\"elementor-widget-container\">\n\t\t\t\t\t\t\t<div class=\"elementor-spacer\">\n\t\t\t<div class=\"elementor-spacer-inner\"><\/div>\n\t\t<\/div>\n\t\t\t\t\t\t<\/div>\n\t\t\t\t<\/div>\n\t\t\t\t<div class=\"elementor-element elementor-element-10866d6 elementor-widget elementor-widget-icon-box\" data-id=\"10866d6\" data-element_type=\"widget\" data-e-type=\"widget\" data-widget_type=\"icon-box.default\">\n\t\t\t\t<div class=\"elementor-widget-container\">\n\t\t\t\t\t\t\t<div class=\"elementor-icon-box-wrapper\">\n\n\t\t\t\n\t\t\t\t\t\t<div class=\"elementor-icon-box-content\">\n\n\t\t\t\t\t\t\t\t\t<h3 class=\"elementor-icon-box-title\">\n\t\t\t\t\t\t<span  >\n\t\t\t\t\t\t\tOhutu ja turvaline\t\t\t\t\t\t<\/span>\n\t\t\t\t\t<\/h3>\n\t\t\t\t\n\t\t\t\t\t\t\t\t\t<p class=\"elementor-icon-box-description\">\n\t\t\t\t\t\tLaohoone on lukustatud ning seal on turvakaamerad ja valves\u00fcsteem.\t\t\t\t\t<\/p>\n\t\t\t\t\n\t\t\t<\/div>\n\t\t\t\n\t\t<\/div>\n\t\t\t\t\t\t<\/div>\n\t\t\t\t<\/div>\n\t\t\t\t\t<\/div>\n\t\t<\/div>\n\t\t\t\t<div class=\"elementor-column elementor-col-33 elementor-inner-column elementor-element elementor-element-028c0c0 elementor-invisible\" data-id=\"028c0c0\" data-element_type=\"column\" data-e-type=\"column\" data-settings=\"{&quot;animation&quot;:&quot;fadeInUp&quot;,&quot;animation_delay&quot;:300}\">\n\t\t\t<div class=\"elementor-widget-wrap elementor-element-populated\">\n\t\t\t\t\t\t<div class=\"elementor-element elementor-element-9b15c71 elementor-widget__width-initial elementor-widget elementor-widget-spacer\" data-id=\"9b15c71\" data-element_type=\"widget\" data-e-type=\"widget\" data-widget_type=\"spacer.default\">\n\t\t\t\t<div class=\"elementor-widget-container\">\n\t\t\t\t\t\t\t<div class=\"elementor-spacer\">\n\t\t\t<div class=\"elementor-spacer-inner\"><\/div>\n\t\t<\/div>\n\t\t\t\t\t\t<\/div>\n\t\t\t\t<\/div>\n\t\t\t\t<div class=\"elementor-element elementor-element-472d75b elementor-widget elementor-widget-icon-box\" data-id=\"472d75b\" data-element_type=\"widget\" data-e-type=\"widget\" data-widget_type=\"icon-box.default\">\n\t\t\t\t<div class=\"elementor-widget-container\">\n\t\t\t\t\t\t\t<div class=\"elementor-icon-box-wrapper\">\n\n\t\t\t\n\t\t\t\t\t\t<div class=\"elementor-icon-box-content\">\n\n\t\t\t\t\t\t\t\t\t<h3 class=\"elementor-icon-box-title\">\n\t\t\t\t\t\t<span  >\n\t\t\t\t\t\t\tK\u00fcttega ladu\t\t\t\t\t\t<\/span>\n\t\t\t\t\t<\/h3>\n\t\t\t\t\n\t\t\t\t\t\t\t\t\t<p class=\"elementor-icon-box-description\">\n\t\t\t\t\t\tK\u00f5ikides miniladudes on kontrollitud temperatuur, et hoida vara t\u00e4iuslikus seisukorras.\t\t\t\t\t<\/p>\n\t\t\t\t\n\t\t\t<\/div>\n\t\t\t\n\t\t<\/div>\n\t\t\t\t\t\t<\/div>\n\t\t\t\t<\/div>\n\t\t\t\t\t<\/div>\n\t\t<\/div>\n\t\t\t\t<div class=\"elementor-column elementor-col-33 elementor-inner-column elementor-element elementor-element-137e079 elementor-invisible\" data-id=\"137e079\" data-element_type=\"column\" data-e-type=\"column\" data-settings=\"{&quot;animation&quot;:&quot;fadeInUp&quot;,&quot;animation_delay&quot;:300}\">\n\t\t\t<div class=\"elementor-widget-wrap elementor-element-populated\">\n\t\t\t\t\t\t<div class=\"elementor-element elementor-element-45bd722 elementor-widget__width-initial elementor-widget elementor-widget-spacer\" data-id=\"45bd722\" data-element_type=\"widget\" data-e-type=\"widget\" data-widget_type=\"spacer.default\">\n\t\t\t\t<div class=\"elementor-widget-container\">\n\t\t\t\t\t\t\t<div class=\"elementor-spacer\">\n\t\t\t<div class=\"elementor-spacer-inner\"><\/div>\n\t\t<\/div>\n\t\t\t\t\t\t<\/div>\n\t\t\t\t<\/div>\n\t\t\t\t<div class=\"elementor-element elementor-element-2897b2f elementor-widget elementor-widget-icon-box\" data-id=\"2897b2f\" data-element_type=\"widget\" data-e-type=\"widget\" data-widget_type=\"icon-box.default\">\n\t\t\t\t<div class=\"elementor-widget-container\">\n\t\t\t\t\t\t\t<div class=\"elementor-icon-box-wrapper\">\n\n\t\t\t\n\t\t\t\t\t\t<div class=\"elementor-icon-box-content\">\n\n\t\t\t\t\t\t\t\t\t<h3 class=\"elementor-icon-box-title\">\n\t\t\t\t\t\t<span  >\n\t\t\t\t\t\t\tTasuta parkimine\t\t\t\t\t\t<\/span>\n\t\t\t\t\t<\/h3>\n\t\t\t\t\n\t\t\t\t\t\t\t\t\t<p class=\"elementor-icon-box-description\">\n\t\t\t\t\t\tMeie \u00fc\u00fcrnikud saavad tasuta parkida laohoone ees.\t\t\t\t\t<\/p>\n\t\t\t\t\n\t\t\t<\/div>\n\t\t\t\n\t\t<\/div>\n\t\t\t\t\t\t<\/div>\n\t\t\t\t<\/div>\n\t\t\t\t\t<\/div>\n\t\t<\/div>\n\t\t\t\t\t<\/div>\n\t\t<\/section>\n\t\t\t\t\t<\/div>\n\t\t<\/div>\n\t\t\t\t\t<\/div>\n\t\t<\/section>\n\t\t\t\t<\/div>\n\t\t","protected":false},"excerpt":{"rendered":"<p>Laoruumid ettev\u00f5tetele Nutilaod pakuvad ettev\u00f5tetele paindlikku ja kuluefektiivset lahendust oma inventari, seadmete ja arhiivi hoiustamiseks. Kui ettev\u00f5tted kasvavad, kasvab ka nende ladustatavate esemete maht \u00fcleliigsetest laovarudest, hooajatoodetest ja reklaammaterjalidest oluliste dokumentideni. Nutilao rentimine v\u00f5imaldab ettev\u00f5tetel kasutada t\u00f5husalt oma p\u00f5hilisi kontori- v\u00f5i jaem\u00fc\u00fcgiruume, viies mittevajalikud esemed turvalisse kohta, tagades, et p\u00f5hiruumid p\u00fcsivad puhtad ja optimeeritud p\u00f5hitegevuseks. [&hellip;]<\/p>\n","protected":false},"author":11,"featured_media":0,"parent":0,"menu_order":0,"comment_status":"closed","ping_status":"closed","template":"","meta":{"_acf_changed":false,"footnotes":""},"class_list":["post-5768","page","type-page","status-publish","hentry"],"acf":[],"aioseo_notices":[],"_links":{"self":[{"href":"https:\/\/nordicministorages.ee\/et\/wp-json\/wp\/v2\/pages\/5768","targetHints":{"allow":["GET"]}}],"collection":[{"href":"https:\/\/nordicministorages.ee\/et\/wp-json\/wp\/v2\/pages"}],"about":[{"href":"https:\/\/nordicministorages.ee\/et\/wp-json\/wp\/v2\/types\/page"}],"author":[{"embeddable":true,"href":"https:\/\/nordicministorages.ee\/et\/wp-json\/wp\/v2\/users\/11"}],"replies":[{"embeddable":true,"href":"https:\/\/nordicministorages.ee\/et\/wp-json\/wp\/v2\/comments?post=5768"}],"version-history":[{"count":16,"href":"https:\/\/nordicministorages.ee\/et\/wp-json\/wp\/v2\/pages\/5768\/revisions"}],"predecessor-version":[{"id":6946,"href":"https:\/\/nordicministorages.ee\/et\/wp-json\/wp\/v2\/pages\/5768\/revisions\/6946"}],"wp:attachment":[{"href":"https:\/\/nordicministorages.ee\/et\/wp-json\/wp\/v2\/media?parent=5768"}],"curies":[{"name":"wp","href":"https:\/\/api.w.org\/{rel}","templated":true}]}}