{"id":5775,"date":"2023-07-20T10:55:04","date_gmt":"2023-07-20T07:55:04","guid":{"rendered":"https:\/\/nordicministorages.ee\/juhised-laopinna-rentimiseks\/"},"modified":"2026-03-26T13:11:14","modified_gmt":"2026-03-26T11:11:14","slug":"juhised-laopinna-rentimiseks","status":"publish","type":"page","link":"https:\/\/nordicministorages.ee\/et\/juhised-laopinna-rentimiseks\/","title":{"rendered":"Juhend minilao rentimiseks"},"content":{"rendered":"\t\t<div data-elementor-type=\"wp-page\" data-elementor-id=\"5775\" class=\"elementor elementor-5775 elementor-1767\" data-elementor-post-type=\"page\">\n\t\t\t\t\t\t<section class=\"elementor-section elementor-top-section elementor-element elementor-element-7155608 elementor-section-boxed elementor-section-height-default elementor-section-height-default\" data-id=\"7155608\" data-element_type=\"section\" data-e-type=\"section\">\n\t\t\t\t\t\t<div class=\"elementor-container elementor-column-gap-default\">\n\t\t\t\t\t<div class=\"elementor-column elementor-col-50 elementor-top-column elementor-element elementor-element-6b05f42\" data-id=\"6b05f42\" data-element_type=\"column\" data-e-type=\"column\">\n\t\t\t<div class=\"elementor-widget-wrap elementor-element-populated\">\n\t\t\t\t\t\t<div class=\"elementor-element elementor-element-8ecbed2 elementor-widget elementor-widget-heading\" data-id=\"8ecbed2\" data-element_type=\"widget\" data-e-type=\"widget\" data-widget_type=\"heading.default\">\n\t\t\t\t<div class=\"elementor-widget-container\">\n\t\t\t\t\t<h2 class=\"elementor-heading-title elementor-size-default\">Juhend minilao rentimiseks<\/h2>\t\t\t\t<\/div>\n\t\t\t\t<\/div>\n\t\t\t\t<div class=\"elementor-element elementor-element-8bae99c elementor-widget elementor-widget-text-editor\" data-id=\"8bae99c\" data-element_type=\"widget\" data-e-type=\"widget\" data-widget_type=\"text-editor.default\">\n\t\t\t\t<div class=\"elementor-widget-container\">\n\t\t\t\t\t\t\t\t\t<p><strong>1. Vali vaba ladu vajalikus suuruses<\/strong><\/p><p>Valikus on laod suurusega alates 2 m\u00b2 kuni 10 m\u00b2.<\/p><p><a href=\"https:\/\/nordicministorages.ee\/kaavakuja-6\/rent-a-unit\/\">Kliki siia, et vaadata vabasid miniladusid!<\/a><\/p>\t\t\t\t\t\t\t\t<\/div>\n\t\t\t\t<\/div>\n\t\t\t\t<div class=\"elementor-element elementor-element-5ae5e78 elementor-widget elementor-widget-text-editor\" data-id=\"5ae5e78\" data-element_type=\"widget\" data-e-type=\"widget\" data-widget_type=\"text-editor.default\">\n\t\t\t\t<div class=\"elementor-widget-container\">\n\t\t\t\t\t\t\t\t\t<p><b>2. Alusta rendiprotsessi<\/b><\/p><p>Vajuta nuppu &#8220;Rendi kohe!&#8221; ja alusta rendiprotsessi.<\/p>\t\t\t\t\t\t\t\t<\/div>\n\t\t\t\t<\/div>\n\t\t\t\t<div class=\"elementor-element elementor-element-f66114e elementor-widget elementor-widget-text-editor\" data-id=\"f66114e\" data-element_type=\"widget\" data-e-type=\"widget\" data-widget_type=\"text-editor.default\">\n\t\t\t\t<div class=\"elementor-widget-container\">\n\t\t\t\t\t\t\t\t\t<p><b>3. Lisa oma kontaktandmed<\/b><\/p><p>Rendilepingu s\u00f5lmimiseks ja laohoonesse p\u00e4\u00e4semiseks vajame kontaktandmeid:<\/p>\t\t\t\t\t\t\t\t<\/div>\n\t\t\t\t<\/div>\n\t\t\t\t<div class=\"elementor-element elementor-element-fbf3333 elementor-icon-list--layout-traditional elementor-list-item-link-full_width elementor-widget elementor-widget-icon-list\" data-id=\"fbf3333\" data-element_type=\"widget\" data-e-type=\"widget\" data-widget_type=\"icon-list.default\">\n\t\t\t\t<div class=\"elementor-widget-container\">\n\t\t\t\t\t\t\t<ul class=\"elementor-icon-list-items\">\n\t\t\t\t\t\t\t<li class=\"elementor-icon-list-item\">\n\t\t\t\t\t\t\t\t\t\t\t<span class=\"elementor-icon-list-icon\">\n\t\t\t\t\t\t\t<i aria-hidden=\"true\" class=\"fas fa-check\"><\/i>\t\t\t\t\t\t<\/span>\n\t\t\t\t\t\t\t\t\t\t<span class=\"elementor-icon-list-text\">E-posti aadress<\/span>\n\t\t\t\t\t\t\t\t\t<\/li>\n\t\t\t\t\t\t\t\t<li class=\"elementor-icon-list-item\">\n\t\t\t\t\t\t\t\t\t\t\t<span class=\"elementor-icon-list-icon\">\n\t\t\t\t\t\t\t<i aria-hidden=\"true\" class=\"fas fa-check\"><\/i>\t\t\t\t\t\t<\/span>\n\t\t\t\t\t\t\t\t\t\t<span class=\"elementor-icon-list-text\">T\u00e4isnimi<\/span>\n\t\t\t\t\t\t\t\t\t<\/li>\n\t\t\t\t\t\t\t\t<li class=\"elementor-icon-list-item\">\n\t\t\t\t\t\t\t\t\t\t\t<span class=\"elementor-icon-list-icon\">\n\t\t\t\t\t\t\t<i aria-hidden=\"true\" class=\"fas fa-check\"><\/i>\t\t\t\t\t\t<\/span>\n\t\t\t\t\t\t\t\t\t\t<span class=\"elementor-icon-list-text\">Isikukood<\/span>\n\t\t\t\t\t\t\t\t\t<\/li>\n\t\t\t\t\t\t\t\t<li class=\"elementor-icon-list-item\">\n\t\t\t\t\t\t\t\t\t\t\t<span class=\"elementor-icon-list-icon\">\n\t\t\t\t\t\t\t<i aria-hidden=\"true\" class=\"fas fa-check\"><\/i>\t\t\t\t\t\t<\/span>\n\t\t\t\t\t\t\t\t\t\t<span class=\"elementor-icon-list-text\">Ettev\u00f5tte nimi (kui ruumi renditakse ettev\u00f5ttele)<\/span>\n\t\t\t\t\t\t\t\t\t<\/li>\n\t\t\t\t\t\t\t\t<li class=\"elementor-icon-list-item\">\n\t\t\t\t\t\t\t\t\t\t\t<span class=\"elementor-icon-list-icon\">\n\t\t\t\t\t\t\t<i aria-hidden=\"true\" class=\"fas fa-check\"><\/i>\t\t\t\t\t\t<\/span>\n\t\t\t\t\t\t\t\t\t\t<span class=\"elementor-icon-list-text\">Aadress<\/span>\n\t\t\t\t\t\t\t\t\t<\/li>\n\t\t\t\t\t\t\t\t<li class=\"elementor-icon-list-item\">\n\t\t\t\t\t\t\t\t\t\t\t<span class=\"elementor-icon-list-icon\">\n\t\t\t\t\t\t\t<i aria-hidden=\"true\" class=\"fas fa-check\"><\/i>\t\t\t\t\t\t<\/span>\n\t\t\t\t\t\t\t\t\t\t<span class=\"elementor-icon-list-text\">Telefoninumber<\/span>\n\t\t\t\t\t\t\t\t\t<\/li>\n\t\t\t\t\t\t\t\t<li class=\"elementor-icon-list-item\">\n\t\t\t\t\t\t\t\t\t\t\t<span class=\"elementor-icon-list-icon\">\n\t\t\t\t\t\t\t<i aria-hidden=\"true\" class=\"fas fa-check\"><\/i>\t\t\t\t\t\t<\/span>\n\t\t\t\t\t\t\t\t\t\t<span class=\"elementor-icon-list-text\">Rendilepingu alguskuup\u00e4ev<\/span>\n\t\t\t\t\t\t\t\t\t<\/li>\n\t\t\t\t\t\t<\/ul>\n\t\t\t\t\t\t<\/div>\n\t\t\t\t<\/div>\n\t\t\t\t<div class=\"elementor-element elementor-element-756b253 elementor-widget elementor-widget-text-editor\" data-id=\"756b253\" data-element_type=\"widget\" data-e-type=\"widget\" data-widget_type=\"text-editor.default\">\n\t\t\t\t<div class=\"elementor-widget-container\">\n\t\t\t\t\t\t\t\t\t<p><b>4. Maksa esimese kuu \u00fc\u00fcr<\/b><\/p><p>Tasuda saab krediit-\/deebetkaardiga v\u00f5i kasutada pangamakseid.<\/p>\t\t\t\t\t\t\t\t<\/div>\n\t\t\t\t<\/div>\n\t\t\t\t<div class=\"elementor-element elementor-element-40ebf74 elementor-widget elementor-widget-text-editor\" data-id=\"40ebf74\" data-element_type=\"widget\" data-e-type=\"widget\" data-widget_type=\"text-editor.default\">\n\t\t\t\t<div class=\"elementor-widget-container\">\n\t\t\t\t\t\t\t\t\t<p><b>5. Kirjuta rendilepingule alla<\/b><\/p><p>P\u00e4rast makse sooritamist saad m\u00f5ne minuti jooksul lingi, mille abil saad rendilepingu digiallkirjastada.<\/p>\t\t\t\t\t\t\t\t<\/div>\n\t\t\t\t<\/div>\n\t\t\t\t<div class=\"elementor-element elementor-element-1fc1f15 elementor-widget elementor-widget-text-editor\" data-id=\"1fc1f15\" data-element_type=\"widget\" data-e-type=\"widget\" data-widget_type=\"text-editor.default\">\n\t\t\t\t<div class=\"elementor-widget-container\">\n\t\t\t\t\t\t\t\t\t<p><b>6. Laadi alla rakendus, et p\u00e4\u00e4seda minilattu<\/b><\/p><p>Rakendust saad kasutada kokkulepitud rendi alguskuup\u00e4eval, kasutades oma telefoninumbrit.<\/p>\t\t\t\t\t\t\t\t<\/div>\n\t\t\t\t<\/div>\n\t\t\t\t\t<\/div>\n\t\t<\/div>\n\t\t\t\t<div class=\"elementor-column elementor-col-50 elementor-top-column elementor-element elementor-element-c7b5190\" data-id=\"c7b5190\" data-element_type=\"column\" data-e-type=\"column\">\n\t\t\t<div class=\"elementor-widget-wrap elementor-element-populated\">\n\t\t\t\t\t\t<div class=\"elementor-element elementor-element-0ae6835 elementor-invisible elementor-widget elementor-widget-image\" data-id=\"0ae6835\" data-element_type=\"widget\" data-e-type=\"widget\" data-settings=\"{&quot;_animation&quot;:&quot;fadeInLeft&quot;,&quot;_animation_delay&quot;:&quot;100&quot;}\" data-widget_type=\"image.default\">\n\t\t\t\t<div class=\"elementor-widget-container\">\n\t\t\t\t\t\t\t\t\t\t\t\t\t\t\t<img fetchpriority=\"high\" decoding=\"async\" width=\"800\" height=\"800\" src=\"https:\/\/nordicministorages.ee\/wp-content\/uploads\/2023\/09\/W_-_2023-09_-_FC_-_01_frame-1024x1024.jpg\" class=\"attachment-large size-large wp-image-5769\" alt=\"\" srcset=\"https:\/\/nordicministorages.ee\/wp-content\/uploads\/2023\/09\/W_-_2023-09_-_FC_-_01_frame-1024x1024.jpg 1024w, https:\/\/nordicministorages.ee\/wp-content\/uploads\/2023\/09\/W_-_2023-09_-_FC_-_01_frame-300x300.jpg 300w, https:\/\/nordicministorages.ee\/wp-content\/uploads\/2023\/09\/W_-_2023-09_-_FC_-_01_frame-150x150.jpg 150w, https:\/\/nordicministorages.ee\/wp-content\/uploads\/2023\/09\/W_-_2023-09_-_FC_-_01_frame-768x768.jpg 768w, https:\/\/nordicministorages.ee\/wp-content\/uploads\/2023\/09\/W_-_2023-09_-_FC_-_01_frame-60x60.jpg 60w, https:\/\/nordicministorages.ee\/wp-content\/uploads\/2023\/09\/W_-_2023-09_-_FC_-_01_frame-110x110.jpg 110w, https:\/\/nordicministorages.ee\/wp-content\/uploads\/2023\/09\/W_-_2023-09_-_FC_-_01_frame-600x600.jpg 600w, https:\/\/nordicministorages.ee\/wp-content\/uploads\/2023\/09\/W_-_2023-09_-_FC_-_01_frame-100x100.jpg 100w, https:\/\/nordicministorages.ee\/wp-content\/uploads\/2023\/09\/W_-_2023-09_-_FC_-_01_frame.jpg 1080w\" sizes=\"(max-width: 800px) 100vw, 800px\" \/>\t\t\t\t\t\t\t\t\t\t\t\t\t\t\t<\/div>\n\t\t\t\t<\/div>\n\t\t\t\t<div class=\"elementor-element elementor-element-c78b021 elementor-widget__width-initial elementor-absolute elementor-widget-tablet__width-initial elementor-invisible elementor-widget elementor-widget-image\" data-id=\"c78b021\" data-element_type=\"widget\" data-e-type=\"widget\" data-settings=\"{&quot;_position&quot;:&quot;absolute&quot;,&quot;_animation&quot;:&quot;zoomIn&quot;,&quot;_animation_delay&quot;:&quot;500&quot;}\" data-widget_type=\"image.default\">\n\t\t\t\t<div class=\"elementor-widget-container\">\n\t\t\t\t\t\t\t\t\t\t\t\t\t\t\t<img decoding=\"async\" width=\"600\" height=\"600\" src=\"https:\/\/nordicministorages.ee\/wp-content\/uploads\/2023\/06\/lines-02.png\" class=\"attachment-large size-large wp-image-7147\" alt=\"\" srcset=\"https:\/\/nordicministorages.ee\/wp-content\/uploads\/2023\/06\/lines-02.png 600w, https:\/\/nordicministorages.ee\/wp-content\/uploads\/2023\/06\/lines-02-300x300.png 300w, https:\/\/nordicministorages.ee\/wp-content\/uploads\/2023\/06\/lines-02-150x150.png 150w, https:\/\/nordicministorages.ee\/wp-content\/uploads\/2023\/06\/lines-02-60x60.png 60w, https:\/\/nordicministorages.ee\/wp-content\/uploads\/2023\/06\/lines-02-110x110.png 110w, https:\/\/nordicministorages.ee\/wp-content\/uploads\/2023\/06\/lines-02-100x100.png 100w\" sizes=\"(max-width: 600px) 100vw, 600px\" \/>\t\t\t\t\t\t\t\t\t\t\t\t\t\t\t<\/div>\n\t\t\t\t<\/div>\n\t\t\t\t\t<\/div>\n\t\t<\/div>\n\t\t\t\t\t<\/div>\n\t\t<\/section>\n\t\t\t\t<\/div>\n\t\t","protected":false},"excerpt":{"rendered":"<p>Juhend minilao rentimiseks 1. Vali vaba ladu vajalikus suuruses Valikus on laod suurusega alates 2 m\u00b2 kuni 10 m\u00b2. Kliki siia, et vaadata vabasid miniladusid! 2. Alusta rendiprotsessi Vajuta nuppu &#8220;Rendi kohe!&#8221; ja alusta rendiprotsessi. 3. Lisa oma kontaktandmed Rendilepingu s\u00f5lmimiseks ja laohoonesse p\u00e4\u00e4semiseks vajame kontaktandmeid: E-posti aadress T\u00e4isnimi Isikukood Ettev\u00f5tte nimi (kui ruumi renditakse [&hellip;]<\/p>\n","protected":false},"author":11,"featured_media":0,"parent":0,"menu_order":0,"comment_status":"closed","ping_status":"closed","template":"","meta":{"_acf_changed":false,"footnotes":""},"class_list":["post-5775","page","type-page","status-publish","hentry"],"acf":[],"aioseo_notices":[],"_links":{"self":[{"href":"https:\/\/nordicministorages.ee\/et\/wp-json\/wp\/v2\/pages\/5775","targetHints":{"allow":["GET"]}}],"collection":[{"href":"https:\/\/nordicministorages.ee\/et\/wp-json\/wp\/v2\/pages"}],"about":[{"href":"https:\/\/nordicministorages.ee\/et\/wp-json\/wp\/v2\/types\/page"}],"author":[{"embeddable":true,"href":"https:\/\/nordicministorages.ee\/et\/wp-json\/wp\/v2\/users\/11"}],"replies":[{"embeddable":true,"href":"https:\/\/nordicministorages.ee\/et\/wp-json\/wp\/v2\/comments?post=5775"}],"version-history":[{"count":14,"href":"https:\/\/nordicministorages.ee\/et\/wp-json\/wp\/v2\/pages\/5775\/revisions"}],"predecessor-version":[{"id":7511,"href":"https:\/\/nordicministorages.ee\/et\/wp-json\/wp\/v2\/pages\/5775\/revisions\/7511"}],"wp:attachment":[{"href":"https:\/\/nordicministorages.ee\/et\/wp-json\/wp\/v2\/media?parent=5775"}],"curies":[{"name":"wp","href":"https:\/\/api.w.org\/{rel}","templated":true}]}}