{"id":5783,"date":"2023-10-25T10:57:28","date_gmt":"2023-10-25T07:57:28","guid":{"rendered":"https:\/\/nordicministorages.ee\/kuidas-rentida-isekorterit\/"},"modified":"2026-02-12T11:54:33","modified_gmt":"2026-02-12T09:54:33","slug":"kuidas-rentida-isekorterit","status":"publish","type":"page","link":"https:\/\/nordicministorages.ee\/et\/kuidas-rentida-isekorterit\/","title":{"rendered":"Kuidas rentida miniladu?"},"content":{"rendered":"\t\t<div data-elementor-type=\"wp-page\" data-elementor-id=\"5783\" class=\"elementor elementor-5783 elementor-2539\" data-elementor-post-type=\"page\">\n\t\t\t\t\t\t<section class=\"elementor-section elementor-top-section elementor-element elementor-element-0457416 elementor-section-boxed elementor-section-height-default elementor-section-height-default\" data-id=\"0457416\" data-element_type=\"section\" data-e-type=\"section\">\n\t\t\t\t\t\t<div class=\"elementor-container elementor-column-gap-default\">\n\t\t\t\t\t<div class=\"elementor-column elementor-col-33 elementor-top-column elementor-element elementor-element-87efdae elementor-hidden-mobile\" data-id=\"87efdae\" data-element_type=\"column\" data-e-type=\"column\">\n\t\t\t<div class=\"elementor-widget-wrap\">\n\t\t\t\t\t\t\t<\/div>\n\t\t<\/div>\n\t\t\t\t<div class=\"elementor-column elementor-col-33 elementor-top-column elementor-element elementor-element-28c5e88\" data-id=\"28c5e88\" data-element_type=\"column\" data-e-type=\"column\">\n\t\t\t<div class=\"elementor-widget-wrap elementor-element-populated\">\n\t\t\t\t\t\t<div class=\"elementor-element elementor-element-014ef05 elementor-widget elementor-widget-heading\" data-id=\"014ef05\" data-element_type=\"widget\" data-e-type=\"widget\" data-widget_type=\"heading.default\">\n\t\t\t\t<div class=\"elementor-widget-container\">\n\t\t\t\t\t<h2 class=\"elementor-heading-title elementor-size-default\">Kuidas rentida miniladu?<\/h2>\t\t\t\t<\/div>\n\t\t\t\t<\/div>\n\t\t\t\t<div class=\"elementor-element elementor-element-31b6efe elementor-widget elementor-widget-image\" data-id=\"31b6efe\" data-element_type=\"widget\" data-e-type=\"widget\" data-widget_type=\"image.default\">\n\t\t\t\t<div class=\"elementor-widget-container\">\n\t\t\t\t\t\t\t\t\t\t\t\t\t\t\t<img fetchpriority=\"high\" decoding=\"async\" width=\"800\" height=\"800\" src=\"https:\/\/nordicministorages.ee\/wp-content\/uploads\/2023\/10\/galleria_2_04.jpg\" class=\"attachment-large size-large wp-image-5520\" alt=\"\" srcset=\"https:\/\/nordicministorages.ee\/wp-content\/uploads\/2023\/10\/galleria_2_04.jpg 800w, https:\/\/nordicministorages.ee\/wp-content\/uploads\/2023\/10\/galleria_2_04-300x300.jpg 300w, https:\/\/nordicministorages.ee\/wp-content\/uploads\/2023\/10\/galleria_2_04-150x150.jpg 150w, https:\/\/nordicministorages.ee\/wp-content\/uploads\/2023\/10\/galleria_2_04-768x768.jpg 768w, https:\/\/nordicministorages.ee\/wp-content\/uploads\/2023\/10\/galleria_2_04-600x600.jpg 600w, https:\/\/nordicministorages.ee\/wp-content\/uploads\/2023\/10\/galleria_2_04-100x100.jpg 100w\" sizes=\"(max-width: 800px) 100vw, 800px\" \/>\t\t\t\t\t\t\t\t\t\t\t\t\t\t\t<\/div>\n\t\t\t\t<\/div>\n\t\t\t\t<div class=\"elementor-element elementor-element-a91a690 elementor-widget elementor-widget-text-editor\" data-id=\"a91a690\" data-element_type=\"widget\" data-e-type=\"widget\" data-widget_type=\"text-editor.default\">\n\t\t\t\t<div class=\"elementor-widget-container\">\n\t\t\t\t\t\t\t\t\t<p><strong>Oleme koostanud lihtsa juhendi selle kohta, kuidas saab 7 sammuga miniladu rentida.<\/strong><\/p>\t\t\t\t\t\t\t\t<\/div>\n\t\t\t\t<\/div>\n\t\t\t\t<div class=\"elementor-element elementor-element-ad44c13 elementor-widget elementor-widget-text-editor\" data-id=\"ad44c13\" data-element_type=\"widget\" data-e-type=\"widget\" data-widget_type=\"text-editor.default\">\n\t\t\t\t<div class=\"elementor-widget-container\">\n\t\t\t\t\t\t\t\t\t<p><strong>1. Vali sobiva suurusega miniladu<\/strong><\/p><p><em>NB! Pea meeles, et kui vajad m\u00f5nd teist suurust, saad ladusid tasuta vahetada. <\/em><\/p><p><a href=\"https:\/\/nordicministorages.ee\/kaavakuja-6\/rent-a-unit\/\">Kl\u00f5psa siin, et n\u00e4ha saadaolevate ladude suuruseid.<\/a><\/p><p>Kl\u00f5psates \u201eLoe rohkem\u201c, leiad \u00fcksikasjalikumat teavet minilao ja laohoone kohta.<\/p>\t\t\t\t\t\t\t\t<\/div>\n\t\t\t\t<\/div>\n\t\t\t\t<div class=\"elementor-element elementor-element-3e1f1c1 elementor-widget elementor-widget-text-editor\" data-id=\"3e1f1c1\" data-element_type=\"widget\" data-e-type=\"widget\" data-widget_type=\"text-editor.default\">\n\t\t\t\t<div class=\"elementor-widget-container\">\n\t\t\t\t\t\t\t\t\t<p><strong>2. Alusta rendiprotsessi (see toimub t\u00e4ielikult internetis).<\/strong><\/p><p>Kui oled otsustanud, millist miniladu soovid, kl\u00f5psa nupule \u201eRendi kohe\u201c.<\/p><p>Sealt liigud edasi kassasse. <\/p>\t\t\t\t\t\t\t\t<\/div>\n\t\t\t\t<\/div>\n\t\t\t\t<div class=\"elementor-element elementor-element-2160152 elementor-widget elementor-widget-text-editor\" data-id=\"2160152\" data-element_type=\"widget\" data-e-type=\"widget\" data-widget_type=\"text-editor.default\">\n\t\t\t\t<div class=\"elementor-widget-container\">\n\t\t\t\t\t\t\t\t\t<p><strong>3. T\u00e4ida oma kontaktandmete info<\/strong><\/p><p>Kassas pead t\u00e4itma oma kontaktandmed rendilepingu s\u00f5lmimiseks ja rendi maksmiseks.<\/p><p><em>NB! Hiljem maksate esimese kuu rendi eest ja saate digiallkirjastada rendilepingu. <\/em> <\/p><p>Andmed, mida vajame:<\/p><ul><li>Nimi<\/li><li>Aadress<\/li><li>Telefoninumber<\/li><li>E-posti aadress<\/li><li>Isikukood<\/li><\/ul>\t\t\t\t\t\t\t\t<\/div>\n\t\t\t\t<\/div>\n\t\t\t\t<div class=\"elementor-element elementor-element-f5aef7f elementor-widget elementor-widget-text-editor\" data-id=\"f5aef7f\" data-element_type=\"widget\" data-e-type=\"widget\" data-widget_type=\"text-editor.default\">\n\t\t\t\t<div class=\"elementor-widget-container\">\n\t\t\t\t\t\t\t\t\t<p><strong>4. Vali rendilepingu alguskuup\u00e4ev<\/strong><\/p><p>Vali kuup\u00e4ev, millal soovid alustada oma minilao \u00fc\u00fcrimist. <\/p><p><em>Saad valida t\u00e4nase kuup\u00e4eva v\u00f5i kuni 21 p\u00e4eva ette.<\/em><\/p><p>Nii ei pea maksma p\u00e4evade eest, mil minilao rentimine pole vajalik.<\/p>\t\t\t\t\t\t\t\t<\/div>\n\t\t\t\t<\/div>\n\t\t\t\t<div class=\"elementor-element elementor-element-ec7d052 elementor-widget elementor-widget-text-editor\" data-id=\"ec7d052\" data-element_type=\"widget\" data-e-type=\"widget\" data-widget_type=\"text-editor.default\">\n\t\t\t\t<div class=\"elementor-widget-container\">\n\t\t\t\t\t\t\t\t\t<p><strong>5. Vali makseviis ja tasu esimese kuu \u00fc\u00fcrimakse.<\/strong><\/p><p>J\u00e4rgmine samm on valida makseviis.<\/p><p>Maksta saab pangalingiga v\u00f5i krediit-\/deebetkaardiga.<\/p><p><em>NB! Soovitame kasutada krediit- v\u00f5i deebetkaarti, et \u00fc\u00fcrimaksed oleksid iga kuu automaatsed. Nii ei ole ohtu, et makse ununeb.  <\/em><\/p><p>Seej\u00e4rel kl\u00f5psa soovitud makseviisil ja teosta makse.<\/p>\t\t\t\t\t\t\t\t<\/div>\n\t\t\t\t<\/div>\n\t\t\t\t<div class=\"elementor-element elementor-element-2e79a86 elementor-widget elementor-widget-text-editor\" data-id=\"2e79a86\" data-element_type=\"widget\" data-e-type=\"widget\" data-widget_type=\"text-editor.default\">\n\t\t\t\t<div class=\"elementor-widget-container\">\n\t\t\t\t\t\t\t\t\t<p><strong>6. Allkirjasta rendileping<\/strong><\/p><p>Umbes 2\u20135 minutit p\u00e4rast esimese kuu \u00fc\u00fcrimakse tasumist saad SMSi ja e-kirja, kus on link \u00fc\u00fcrilepingu allkirjastamiseks.<\/p><p>Kl\u00f5psa lingil ja digiallkirjasta enda leping (ID-kaardi v\u00f5i Mobiil-IDga).<\/p><p>Kui leping on allkirjastatud, tagame Sulle juurdep\u00e4\u00e4su Sinu minilattu.<\/p>\t\t\t\t\t\t\t\t<\/div>\n\t\t\t\t<\/div>\n\t\t\t\t<div class=\"elementor-element elementor-element-9e778df elementor-widget elementor-widget-text-editor\" data-id=\"9e778df\" data-element_type=\"widget\" data-e-type=\"widget\" data-widget_type=\"text-editor.default\">\n\t\t\t\t<div class=\"elementor-widget-container\">\n\t\t\t\t\t\t\t\t\t<p><strong>7. Laadi alla mobiilirakendus, et saada juurdep\u00e4\u00e4s oma nutilaole.<\/strong><\/p><p>N\u00fc\u00fcd saad rakenduse oma mobiiltelefoni alla laadida.<\/p><p>Rakendusega saad avada hoone v\u00e4lisust ja miniladu. Nii on Sul 24\/7 juurdep\u00e4\u00e4s oma nutilaole. <\/p><p>Rakenduse saad alla laadida siit:<\/p>\t\t\t\t\t\t\t\t<\/div>\n\t\t\t\t<\/div>\n\t\t\t\t<section class=\"elementor-section elementor-inner-section elementor-element elementor-element-ec5bf6e elementor-section-boxed elementor-section-height-default elementor-section-height-default\" data-id=\"ec5bf6e\" data-element_type=\"section\" data-e-type=\"section\">\n\t\t\t\t\t\t<div class=\"elementor-container elementor-column-gap-default\">\n\t\t\t\t\t<div class=\"elementor-column elementor-col-50 elementor-inner-column elementor-element elementor-element-3a1a030\" data-id=\"3a1a030\" data-element_type=\"column\" data-e-type=\"column\">\n\t\t\t<div class=\"elementor-widget-wrap elementor-element-populated\">\n\t\t\t\t\t\t<div class=\"elementor-element elementor-element-a4867eb elementor-widget__width-auto elementor-widget elementor-widget-image\" data-id=\"a4867eb\" data-element_type=\"widget\" data-e-type=\"widget\" data-widget_type=\"image.default\">\n\t\t\t\t<div class=\"elementor-widget-container\">\n\t\t\t\t\t\t\t\t\t\t\t\t\t\t\t\t<a href=\"https:\/\/itunes.apple.com\/us\/app\/storage-smart-entry-by-nok%C4%93\/id1241055944?ls=1&#038;mt=8#\">\n\t\t\t\t\t\t\t<img decoding=\"async\" src=\"https:\/\/nordicministorages.ee\/wp-content\/uploads\/elementor\/thumbs\/appstore_dark-q7i9kevbckfcz327aq8p32t646k9m4oz4fssf2swye.png\" title=\"appstore_dark.png\" alt=\"appstore_dark.png\" loading=\"lazy\" \/>\t\t\t\t\t\t\t\t<\/a>\n\t\t\t\t\t\t\t\t\t\t\t\t\t\t\t<\/div>\n\t\t\t\t<\/div>\n\t\t\t\t\t<\/div>\n\t\t<\/div>\n\t\t\t\t<div class=\"elementor-column elementor-col-50 elementor-inner-column elementor-element elementor-element-f886d94\" data-id=\"f886d94\" data-element_type=\"column\" data-e-type=\"column\">\n\t\t\t<div class=\"elementor-widget-wrap elementor-element-populated\">\n\t\t\t\t\t\t<div class=\"elementor-element elementor-element-4249256 elementor-widget__width-auto elementor-widget elementor-widget-image\" data-id=\"4249256\" data-element_type=\"widget\" data-e-type=\"widget\" data-widget_type=\"image.default\">\n\t\t\t\t<div class=\"elementor-widget-container\">\n\t\t\t\t\t\t\t\t\t\t\t\t\t\t\t\t<a href=\"https:\/\/play.google.com\/store\/apps\/details?id=com.noke.nokeaccess\">\n\t\t\t\t\t\t\t<img decoding=\"async\" src=\"https:\/\/nordicministorages.ee\/wp-content\/uploads\/elementor\/thumbs\/googlestore_dark-q7i9jmo5qlv9ohctoe075pc4jgtrx0rqufyqid8oly.png\" title=\"googlestore_dark.png\" alt=\"googlestore_dark.png\" loading=\"lazy\" \/>\t\t\t\t\t\t\t\t<\/a>\n\t\t\t\t\t\t\t\t\t\t\t\t\t\t\t<\/div>\n\t\t\t\t<\/div>\n\t\t\t\t\t<\/div>\n\t\t<\/div>\n\t\t\t\t\t<\/div>\n\t\t<\/section>\n\t\t\t\t<div class=\"elementor-element elementor-element-57d765a elementor-widget elementor-widget-text-editor\" data-id=\"57d765a\" data-element_type=\"widget\" data-e-type=\"widget\" data-widget_type=\"text-editor.default\">\n\t\t\t\t<div class=\"elementor-widget-container\">\n\t\t\t\t\t\t\t\t\t<p>Seej\u00e4rel saad SMS-i juurdep\u00e4\u00e4sukoodiga, mis tuleb sisestada rakendusse.<\/p><p>NB! SMS juurdep\u00e4\u00e4sukoodiga saadetakse, kui rendileping algab. Kui leping algab t\u00e4na, saad peagi SMS-i.  <\/p><p>Sisestades rakendusse juurdep\u00e4\u00e4sukoodi, saad luua rakendusse kasutaja ning avada laohoone ukse ja oma nutilao. <\/p>\t\t\t\t\t\t\t\t<\/div>\n\t\t\t\t<\/div>\n\t\t\t\t<div class=\"elementor-element elementor-element-17c2760 elementor-position-inline-start elementor-view-default elementor-mobile-position-block-start elementor-widget elementor-widget-icon-box\" data-id=\"17c2760\" data-element_type=\"widget\" data-e-type=\"widget\" data-widget_type=\"icon-box.default\">\n\t\t\t\t<div class=\"elementor-widget-container\">\n\t\t\t\t\t\t\t<div class=\"elementor-icon-box-wrapper\">\n\n\t\t\t\t\t\t<div class=\"elementor-icon-box-icon\">\n\t\t\t\t<a href=\"https:\/\/nordicministorages.ee\/et\/?page_id=5800\" class=\"elementor-icon\" tabindex=\"-1\" aria-label=\"Kuidas avada ja sulgeda telefoni abil v\u00e4lisuks?\">\n\t\t\t\t<i aria-hidden=\"true\" class=\"fas fa-info-circle\"><\/i>\t\t\t\t<\/a>\n\t\t\t<\/div>\n\t\t\t\n\t\t\t\t\t\t<div class=\"elementor-icon-box-content\">\n\n\t\t\t\t\t\t\t\t\t<h3 class=\"elementor-icon-box-title\">\n\t\t\t\t\t\t<a href=\"https:\/\/nordicministorages.ee\/et\/?page_id=5800\" >\n\t\t\t\t\t\t\tKuidas avada ja sulgeda telefoni abil v\u00e4lisuks?\t\t\t\t\t\t<\/a>\n\t\t\t\t\t<\/h3>\n\t\t\t\t\n\t\t\t\t\n\t\t\t<\/div>\n\t\t\t\n\t\t<\/div>\n\t\t\t\t\t\t<\/div>\n\t\t\t\t<\/div>\n\t\t\t\t<div class=\"elementor-element elementor-element-a56018e elementor-position-inline-start elementor-view-default elementor-mobile-position-block-start elementor-widget elementor-widget-icon-box\" data-id=\"a56018e\" data-element_type=\"widget\" data-e-type=\"widget\" data-widget_type=\"icon-box.default\">\n\t\t\t\t<div class=\"elementor-widget-container\">\n\t\t\t\t\t\t\t<div class=\"elementor-icon-box-wrapper\">\n\n\t\t\t\t\t\t<div class=\"elementor-icon-box-icon\">\n\t\t\t\t<a href=\"https:\/\/nordicministorages.ee\/et\/?page_id=5774\" class=\"elementor-icon\" tabindex=\"-1\" aria-label=\"Kuidas avada telefoni abil nutilao uks?\">\n\t\t\t\t<i aria-hidden=\"true\" class=\"fas fa-info-circle\"><\/i>\t\t\t\t<\/a>\n\t\t\t<\/div>\n\t\t\t\n\t\t\t\t\t\t<div class=\"elementor-icon-box-content\">\n\n\t\t\t\t\t\t\t\t\t<h3 class=\"elementor-icon-box-title\">\n\t\t\t\t\t\t<a href=\"https:\/\/nordicministorages.ee\/et\/?page_id=5774\" >\n\t\t\t\t\t\t\tKuidas avada telefoni abil nutilao uks?\t\t\t\t\t\t<\/a>\n\t\t\t\t\t<\/h3>\n\t\t\t\t\n\t\t\t\t\n\t\t\t<\/div>\n\t\t\t\n\t\t<\/div>\n\t\t\t\t\t\t<\/div>\n\t\t\t\t<\/div>\n\t\t\t\t\t<\/div>\n\t\t<\/div>\n\t\t\t\t<div class=\"elementor-column elementor-col-33 elementor-top-column elementor-element elementor-element-5e7a763 elementor-hidden-mobile\" data-id=\"5e7a763\" data-element_type=\"column\" data-e-type=\"column\">\n\t\t\t<div class=\"elementor-widget-wrap\">\n\t\t\t\t\t\t\t<\/div>\n\t\t<\/div>\n\t\t\t\t\t<\/div>\n\t\t<\/section>\n\t\t\t\t<\/div>\n\t\t","protected":false},"excerpt":{"rendered":"<p>Kuidas rentida miniladu? Oleme koostanud lihtsa juhendi selle kohta, kuidas saab 7 sammuga miniladu rentida. 1. Vali sobiva suurusega miniladu NB! Pea meeles, et kui vajad m\u00f5nd teist suurust, saad ladusid tasuta vahetada. Kl\u00f5psa siin, et n\u00e4ha saadaolevate ladude suuruseid. Kl\u00f5psates \u201eLoe rohkem\u201c, leiad \u00fcksikasjalikumat teavet minilao ja laohoone kohta. 2. Alusta rendiprotsessi (see toimub [&hellip;]<\/p>\n","protected":false},"author":11,"featured_media":0,"parent":0,"menu_order":0,"comment_status":"closed","ping_status":"closed","template":"","meta":{"_acf_changed":false,"footnotes":""},"class_list":["post-5783","page","type-page","status-publish","hentry"],"acf":[],"aioseo_notices":[],"_links":{"self":[{"href":"https:\/\/nordicministorages.ee\/et\/wp-json\/wp\/v2\/pages\/5783","targetHints":{"allow":["GET"]}}],"collection":[{"href":"https:\/\/nordicministorages.ee\/et\/wp-json\/wp\/v2\/pages"}],"about":[{"href":"https:\/\/nordicministorages.ee\/et\/wp-json\/wp\/v2\/types\/page"}],"author":[{"embeddable":true,"href":"https:\/\/nordicministorages.ee\/et\/wp-json\/wp\/v2\/users\/11"}],"replies":[{"embeddable":true,"href":"https:\/\/nordicministorages.ee\/et\/wp-json\/wp\/v2\/comments?post=5783"}],"version-history":[{"count":13,"href":"https:\/\/nordicministorages.ee\/et\/wp-json\/wp\/v2\/pages\/5783\/revisions"}],"predecessor-version":[{"id":6954,"href":"https:\/\/nordicministorages.ee\/et\/wp-json\/wp\/v2\/pages\/5783\/revisions\/6954"}],"wp:attachment":[{"href":"https:\/\/nordicministorages.ee\/et\/wp-json\/wp\/v2\/media?parent=5783"}],"curies":[{"name":"wp","href":"https:\/\/api.w.org\/{rel}","templated":true}]}}