{"id":5800,"date":"2023-10-25T10:44:13","date_gmt":"2023-10-25T07:44:13","guid":{"rendered":"https:\/\/nordicministorages.ee\/kuidas-avada-ja-sulgeda-telefoni-abil-valisuks\/"},"modified":"2026-03-26T13:13:41","modified_gmt":"2026-03-26T11:13:41","slug":"kuidas-avada-ja-sulgeda-telefoni-abil-valisuks","status":"publish","type":"page","link":"https:\/\/nordicministorages.ee\/et\/kuidas-avada-ja-sulgeda-telefoni-abil-valisuks\/","title":{"rendered":"Kuidas avada ja sulgeda v\u00e4lisuks telefoni abil?"},"content":{"rendered":"\t\t<div data-elementor-type=\"wp-page\" data-elementor-id=\"5800\" class=\"elementor elementor-5800 elementor-2530\" data-elementor-post-type=\"page\">\n\t\t\t\t\t\t<section class=\"elementor-section elementor-top-section elementor-element elementor-element-65a90b1 elementor-section-boxed elementor-section-height-default elementor-section-height-default\" data-id=\"65a90b1\" data-element_type=\"section\" data-e-type=\"section\">\n\t\t\t\t\t\t<div class=\"elementor-container elementor-column-gap-default\">\n\t\t\t\t\t<div class=\"elementor-column elementor-col-33 elementor-top-column elementor-element elementor-element-97454bd elementor-hidden-mobile\" data-id=\"97454bd\" data-element_type=\"column\" data-e-type=\"column\">\n\t\t\t<div class=\"elementor-widget-wrap\">\n\t\t\t\t\t\t\t<\/div>\n\t\t<\/div>\n\t\t\t\t<div class=\"elementor-column elementor-col-33 elementor-top-column elementor-element elementor-element-5bf8a0c\" data-id=\"5bf8a0c\" data-element_type=\"column\" data-e-type=\"column\">\n\t\t\t<div class=\"elementor-widget-wrap elementor-element-populated\">\n\t\t\t\t\t\t<div class=\"elementor-element elementor-element-cefd67e elementor-widget elementor-widget-heading\" data-id=\"cefd67e\" data-element_type=\"widget\" data-e-type=\"widget\" data-widget_type=\"heading.default\">\n\t\t\t\t<div class=\"elementor-widget-container\">\n\t\t\t\t\t<h2 class=\"elementor-heading-title elementor-size-default\">Kuidas avada ja sulgeda telefoni abil v\u00e4lisuks?<\/h2>\t\t\t\t<\/div>\n\t\t\t\t<\/div>\n\t\t\t\t<div class=\"elementor-element elementor-element-7c72173 elementor-widget elementor-widget-image\" data-id=\"7c72173\" data-element_type=\"widget\" data-e-type=\"widget\" data-widget_type=\"image.default\">\n\t\t\t\t<div class=\"elementor-widget-container\">\n\t\t\t\t\t\t\t\t\t\t\t\t\t\t\t<img fetchpriority=\"high\" decoding=\"async\" width=\"800\" height=\"800\" src=\"https:\/\/nordicministorages.ee\/wp-content\/uploads\/2023\/10\/galleria_2_15.jpg\" class=\"attachment-large size-large wp-image-2216\" alt=\"\" srcset=\"https:\/\/nordicministorages.ee\/wp-content\/uploads\/2023\/10\/galleria_2_15.jpg 800w, https:\/\/nordicministorages.ee\/wp-content\/uploads\/2023\/10\/galleria_2_15-300x300.jpg 300w, https:\/\/nordicministorages.ee\/wp-content\/uploads\/2023\/10\/galleria_2_15-150x150.jpg 150w, https:\/\/nordicministorages.ee\/wp-content\/uploads\/2023\/10\/galleria_2_15-768x768.jpg 768w, https:\/\/nordicministorages.ee\/wp-content\/uploads\/2023\/10\/galleria_2_15-60x60.jpg 60w, https:\/\/nordicministorages.ee\/wp-content\/uploads\/2023\/10\/galleria_2_15-110x110.jpg 110w, https:\/\/nordicministorages.ee\/wp-content\/uploads\/2023\/10\/galleria_2_15-600x600.jpg 600w, https:\/\/nordicministorages.ee\/wp-content\/uploads\/2023\/10\/galleria_2_15-100x100.jpg 100w\" sizes=\"(max-width: 800px) 100vw, 800px\" \/>\t\t\t\t\t\t\t\t\t\t\t\t\t\t\t<\/div>\n\t\t\t\t<\/div>\n\t\t\t\t<div class=\"elementor-element elementor-element-738cf2c elementor-widget elementor-widget-text-editor\" data-id=\"738cf2c\" data-element_type=\"widget\" data-e-type=\"widget\" data-widget_type=\"text-editor.default\">\n\t\t\t\t<div class=\"elementor-widget-container\">\n\t\t\t\t\t\t\t\t\t\n          <p>\n            <strong>Oleme koostanud juhendi telefoni abil ukse avamise ja sulgemise kohta.<\/strong>\n          <\/p>\n        \t\t\t\t\t\t\t\t<\/div>\n\t\t\t\t<\/div>\n\t\t\t\t<div class=\"elementor-element elementor-element-c5249b6 elementor-widget elementor-widget-text-editor\" data-id=\"c5249b6\" data-element_type=\"widget\" data-e-type=\"widget\" data-widget_type=\"text-editor.default\">\n\t\t\t\t<div class=\"elementor-widget-container\">\n\t\t\t\t\t\t\t\t\t\n          <p>\n            <b>1. Ava oma telefonis Noke rakendus.<\/b>\n          <\/p>\n          <p>NB! Vajad Noke&#8217;i rakendust, et p\u00e4\u00e4seda hoonesse ja oma nutilattu. Rakenduse saad alla laadida siit: <a href=\"https:\/\/itunes.apple.com\/us\/app\/storage-smart-entry-by-nok%C4%93\/id1241055944?ls=1&amp;mt=8#\">APP STORE<\/a> v\u00f5i <a href=\"https:\/\/play.google.com\/store\/apps\/details?id=com.noke.nokeaccess\">GOOGLE PLAYst<\/a>.  <\/p>\n          <p>Ekraanil on rohelise v\u00e4rviga ikoon \u201ePeauks\u201c. <\/p>\n        \t\t\t\t\t\t\t\t<\/div>\n\t\t\t\t<\/div>\n\t\t\t\t<div class=\"elementor-element elementor-element-46a658f elementor-widget elementor-widget-image\" data-id=\"46a658f\" data-element_type=\"widget\" data-e-type=\"widget\" data-widget_type=\"image.default\">\n\t\t\t\t<div class=\"elementor-widget-container\">\n\t\t\t\t\t\t\t\t\t\t\t\t\t\t\t<img decoding=\"async\" width=\"800\" height=\"800\" src=\"https:\/\/nordicministorages.ee\/wp-content\/uploads\/2023\/10\/guide_d_01.jpg\" class=\"attachment-large size-large wp-image-5776\" alt=\"\" srcset=\"https:\/\/nordicministorages.ee\/wp-content\/uploads\/2023\/10\/guide_d_01.jpg 800w, https:\/\/nordicministorages.ee\/wp-content\/uploads\/2023\/10\/guide_d_01-300x300.jpg 300w, https:\/\/nordicministorages.ee\/wp-content\/uploads\/2023\/10\/guide_d_01-150x150.jpg 150w, https:\/\/nordicministorages.ee\/wp-content\/uploads\/2023\/10\/guide_d_01-768x768.jpg 768w, https:\/\/nordicministorages.ee\/wp-content\/uploads\/2023\/10\/guide_d_01-60x60.jpg 60w, https:\/\/nordicministorages.ee\/wp-content\/uploads\/2023\/10\/guide_d_01-110x110.jpg 110w, https:\/\/nordicministorages.ee\/wp-content\/uploads\/2023\/10\/guide_d_01-600x600.jpg 600w, https:\/\/nordicministorages.ee\/wp-content\/uploads\/2023\/10\/guide_d_01-100x100.jpg 100w\" sizes=\"(max-width: 800px) 100vw, 800px\" \/>\t\t\t\t\t\t\t\t\t\t\t\t\t\t\t<\/div>\n\t\t\t\t<\/div>\n\t\t\t\t<div class=\"elementor-element elementor-element-bc16a4b elementor-widget elementor-widget-text-editor\" data-id=\"bc16a4b\" data-element_type=\"widget\" data-e-type=\"widget\" data-widget_type=\"text-editor.default\">\n\t\t\t\t<div class=\"elementor-widget-container\">\n\t\t\t\t\t\t\t\t\t\n          <p>\n            <b>2. Ava esiuks kl\u00f5psates rohelisele nupule \u201ePeauks\u201c.<\/b>\n          <\/p>\n          <p>Uks avaneb, kui vajutad nupule 1\u20132 sekundit. <\/p>\n        \t\t\t\t\t\t\t\t<\/div>\n\t\t\t\t<\/div>\n\t\t\t\t<div class=\"elementor-element elementor-element-9a4051c elementor-widget elementor-widget-text-editor\" data-id=\"9a4051c\" data-element_type=\"widget\" data-e-type=\"widget\" data-widget_type=\"text-editor.default\">\n\t\t\t\t<div class=\"elementor-widget-container\">\n\t\t\t\t\t\t\t\t\t\n          <p>\n            <b>3. Sulge esiuks kl\u00f5psates rohelist nuppu \u201ePeauks\u201c ja oota, kuni uks sulgub.<\/b>\n          <\/p>\n          <p>Uks sulgub, kui vajutad nupule 1\u20132 sekundit. <\/p>\n        \t\t\t\t\t\t\t\t<\/div>\n\t\t\t\t<\/div>\n\t\t\t\t<div class=\"elementor-element elementor-element-0ec42f0 elementor-widget elementor-widget-text-editor\" data-id=\"0ec42f0\" data-element_type=\"widget\" data-e-type=\"widget\" data-widget_type=\"text-editor.default\">\n\t\t\t\t<div class=\"elementor-widget-container\">\n\t\t\t\t\t\t\t\t\t\n          <p>\n            <strong>Vaata l\u00fchivideost, kuidas avada v\u00f5i sulgeda v\u00e4lisuks Noke&#8217;i rakendusega.<\/strong>\n          <\/p>\n        \t\t\t\t\t\t\t\t<\/div>\n\t\t\t\t<\/div>\n\t\t\t\t\t<\/div>\n\t\t<\/div>\n\t\t\t\t<div class=\"elementor-column elementor-col-33 elementor-top-column elementor-element elementor-element-e374070 elementor-hidden-mobile\" data-id=\"e374070\" data-element_type=\"column\" data-e-type=\"column\">\n\t\t\t<div class=\"elementor-widget-wrap\">\n\t\t\t\t\t\t\t<\/div>\n\t\t<\/div>\n\t\t\t\t\t<\/div>\n\t\t<\/section>\n\t\t\t\t<section class=\"elementor-section elementor-top-section elementor-element elementor-element-a64a187 elementor-section-boxed elementor-section-height-default elementor-section-height-default\" data-id=\"a64a187\" data-element_type=\"section\" data-e-type=\"section\">\n\t\t\t\t\t\t<div class=\"elementor-container elementor-column-gap-default\">\n\t\t\t\t\t<div class=\"elementor-column elementor-col-33 elementor-top-column elementor-element elementor-element-36c1712\" data-id=\"36c1712\" data-element_type=\"column\" data-e-type=\"column\">\n\t\t\t<div class=\"elementor-widget-wrap\">\n\t\t\t\t\t\t\t<\/div>\n\t\t<\/div>\n\t\t\t\t<div class=\"elementor-column elementor-col-33 elementor-top-column elementor-element elementor-element-3269e0c\" data-id=\"3269e0c\" data-element_type=\"column\" data-e-type=\"column\">\n\t\t\t<div class=\"elementor-widget-wrap elementor-element-populated\">\n\t\t\t\t\t\t<div class=\"elementor-element elementor-element-c0f18ff elementor-widget elementor-widget-heading\" data-id=\"c0f18ff\" data-element_type=\"widget\" data-e-type=\"widget\" data-widget_type=\"heading.default\">\n\t\t\t\t<div class=\"elementor-widget-container\">\n\t\t\t\t\t<h2 class=\"elementor-heading-title elementor-size-default\">Kuidas sulgeda hoone esiuks?<\/h2>\t\t\t\t<\/div>\n\t\t\t\t<\/div>\n\t\t\t\t<div class=\"elementor-element elementor-element-3637519 elementor-widget elementor-widget-video\" data-id=\"3637519\" data-element_type=\"widget\" data-e-type=\"widget\" data-settings=\"{&quot;video_type&quot;:&quot;vimeo&quot;}\" data-widget_type=\"video.default\">\n\t\t\t\t<div class=\"elementor-widget-container\">\n\t\t\t\t\t\t\t<div class=\"elementor-wrapper elementor-open-inline\">\n\t\t\t<iframe class=\"elementor-video-iframe\" allowfullscreen allow=\"clipboard-write\" title=\"vimeo Video Player\" src=\"https:\/\/player.vimeo.com\/video\/878601050?color&amp;autopause=0&amp;loop=0&amp;muted=0&amp;title=1&amp;portrait=1&amp;byline=1&amp;h=4458b3cba3#t=\"><\/iframe>\t\t<\/div>\n\t\t\t\t\t\t<\/div>\n\t\t\t\t<\/div>\n\t\t\t\t\t<\/div>\n\t\t<\/div>\n\t\t\t\t<div class=\"elementor-column elementor-col-33 elementor-top-column elementor-element elementor-element-4f0dcbf\" data-id=\"4f0dcbf\" data-element_type=\"column\" data-e-type=\"column\">\n\t\t\t<div class=\"elementor-widget-wrap\">\n\t\t\t\t\t\t\t<\/div>\n\t\t<\/div>\n\t\t\t\t\t<\/div>\n\t\t<\/section>\n\t\t\t\t<\/div>\n\t\t","protected":false},"excerpt":{"rendered":"<p>Kuidas avada ja sulgeda telefoni abil v\u00e4lisuks? Oleme koostanud juhendi telefoni abil ukse avamise ja sulgemise kohta. 1. Ava oma telefonis Noke rakendus. NB! Vajad Noke&#8217;i rakendust, et p\u00e4\u00e4seda hoonesse ja oma nutilattu. Rakenduse saad alla laadida siit: APP STORE v\u00f5i GOOGLE PLAYst. Ekraanil on rohelise v\u00e4rviga ikoon \u201ePeauks\u201c. 2. Ava esiuks kl\u00f5psates rohelisele nupule [&hellip;]<\/p>\n","protected":false},"author":11,"featured_media":0,"parent":0,"menu_order":0,"comment_status":"closed","ping_status":"closed","template":"","meta":{"_acf_changed":false,"footnotes":""},"class_list":["post-5800","page","type-page","status-publish","hentry"],"acf":[],"aioseo_notices":[],"_links":{"self":[{"href":"https:\/\/nordicministorages.ee\/et\/wp-json\/wp\/v2\/pages\/5800","targetHints":{"allow":["GET"]}}],"collection":[{"href":"https:\/\/nordicministorages.ee\/et\/wp-json\/wp\/v2\/pages"}],"about":[{"href":"https:\/\/nordicministorages.ee\/et\/wp-json\/wp\/v2\/types\/page"}],"author":[{"embeddable":true,"href":"https:\/\/nordicministorages.ee\/et\/wp-json\/wp\/v2\/users\/11"}],"replies":[{"embeddable":true,"href":"https:\/\/nordicministorages.ee\/et\/wp-json\/wp\/v2\/comments?post=5800"}],"version-history":[{"count":18,"href":"https:\/\/nordicministorages.ee\/et\/wp-json\/wp\/v2\/pages\/5800\/revisions"}],"predecessor-version":[{"id":7513,"href":"https:\/\/nordicministorages.ee\/et\/wp-json\/wp\/v2\/pages\/5800\/revisions\/7513"}],"wp:attachment":[{"href":"https:\/\/nordicministorages.ee\/et\/wp-json\/wp\/v2\/media?parent=5800"}],"curies":[{"name":"wp","href":"https:\/\/api.w.org\/{rel}","templated":true}]}}