{"id":5515,"date":"2025-02-26T12:02:02","date_gmt":"2025-02-26T10:02:02","guid":{"rendered":"https:\/\/nordicministorages.ee\/storage-unit\/juri-45m%c2%b2\/"},"modified":"2026-04-02T14:08:08","modified_gmt":"2026-04-02T11:08:08","slug":"juri-45m%c2%b2","status":"publish","type":"product","link":"https:\/\/nordicministorages.ee\/et\/storage-unit\/juri-45m%c2%b2\/","title":{"rendered":"J\u00fcri \u2013 45m\u00b2"},"content":{"rendered":"\t\t<div data-elementor-type=\"product-post\" data-elementor-id=\"5515\" class=\"elementor elementor-5515 elementor-4211\" data-elementor-post-type=\"product\">\n\t\t\t\t\t\t<section class=\"elementor-section elementor-top-section elementor-element elementor-element-e12c498 elementor-section-boxed elementor-section-height-default elementor-section-height-default\" data-id=\"e12c498\" data-element_type=\"section\" data-e-type=\"section\">\n\t\t\t\t\t\t<div class=\"elementor-container elementor-column-gap-default\">\n\t\t\t\t\t<div class=\"elementor-column elementor-col-100 elementor-top-column elementor-element elementor-element-1b0803d\" data-id=\"1b0803d\" data-element_type=\"column\" data-e-type=\"column\">\n\t\t\t<div class=\"elementor-widget-wrap elementor-element-populated\">\n\t\t\t\t\t\t<div class=\"elementor-element elementor-element-b3ecc69 elementor-widget elementor-widget-text-editor\" data-id=\"b3ecc69\" data-element_type=\"widget\" data-e-type=\"widget\" data-widget_type=\"text-editor.default\">\n\t\t\t\t<div class=\"elementor-widget-container\">\n\t\t\t\t\t\t\t\t\t<p><strong>Mida saab hoiustada nutilaos?<\/strong><\/p>\t\t\t\t\t\t\t\t<\/div>\n\t\t\t\t<\/div>\n\t\t\t\t<div class=\"elementor-element elementor-element-577a75f elementor-icon-list--layout-traditional elementor-list-item-link-full_width elementor-widget elementor-widget-icon-list\" data-id=\"577a75f\" data-element_type=\"widget\" data-e-type=\"widget\" data-widget_type=\"icon-list.default\">\n\t\t\t\t<div class=\"elementor-widget-container\">\n\t\t\t\t\t\t\t<ul class=\"elementor-icon-list-items\">\n\t\t\t\t\t\t\t<li class=\"elementor-icon-list-item\">\n\t\t\t\t\t\t\t\t\t\t\t<span class=\"elementor-icon-list-icon\">\n\t\t\t\t\t\t\t<i aria-hidden=\"true\" class=\"fas fa-check\"><\/i>\t\t\t\t\t\t<\/span>\n\t\t\t\t\t\t\t\t\t\t<span class=\"elementor-icon-list-text\">K\u00f5iki majapidamises olevaid esemeid, m\u00f6\u00f6blit ja vara, mis koju ei mahu<\/span>\n\t\t\t\t\t\t\t\t\t<\/li>\n\t\t\t\t\t\t\t\t<li class=\"elementor-icon-list-item\">\n\t\t\t\t\t\t\t\t\t\t\t<span class=\"elementor-icon-list-icon\">\n\t\t\t\t\t\t\t<i aria-hidden=\"true\" class=\"fas fa-check\"><\/i>\t\t\t\t\t\t<\/span>\n\t\t\t\t\t\t\t\t\t\t<span class=\"elementor-icon-list-text\">Hobivarustus, terrassim\u00f6\u00f6bel ja aiat\u00f6\u00f6riistad<\/span>\n\t\t\t\t\t\t\t\t\t<\/li>\n\t\t\t\t\t\t<\/ul>\n\t\t\t\t\t\t<\/div>\n\t\t\t\t<\/div>\n\t\t\t\t\t<\/div>\n\t\t<\/div>\n\t\t\t\t\t<\/div>\n\t\t<\/section>\n\t\t\t\t<\/div>\n\t\t","protected":false},"excerpt":{"rendered":"<p>45 m\u00b2 suurune garaa\u017e\/laoruum mahutab umbes 570 standardsuuruses kasti.<\/p>\n<p>See on suurep\u00e4rase suurusega, et ladustada suurema ettev\u00f5tte varustust.<\/p>\n<p>V\u00f5ite s\u00f5ita oma autoga v\u00f5i kaubikuga otse hoonesse kuni garaa\u017ei ukseni laadimiseks v\u00f5i mahalaadimiseks &#8211; vihm v\u00f5i lumi ei ole probleemiks.<\/p>\n<p>Igal garaa\u017eil \/ hoiuruumil on oma valgustus ja elektripistikupesa.<\/p>\n<p>Garaa\u017ei\/ladu k\u00f5rgus on 3,6 m. Ukse avanemise k\u00f5rgus on 2,5 m ja laius 3 m. <\/p>\n<p>M\u00c4RKUS! See garaa\u017ei\u00fcksus ei ole k\u00f6etav \/ temperatuuri reguleeritav. <\/p>\n","protected":false},"featured_media":5516,"template":"","meta":{"_acf_changed":false},"product_brand":[],"product_cat":[129,127,128,126],"product_tag":[],"class_list":{"0":"post-5515","1":"product","2":"type-product","3":"status-publish","4":"has-post-thumbnail","6":"product_cat-45m-et","7":"product_cat-aleviku-poik-6-et","8":"product_cat-garaaz","9":"product_cat-juri-et","11":"first","12":"instock","13":"virtual","14":"sold-individually","15":"taxable","16":"purchasable","17":"product-type-subscription"},"acf":[],"aioseo_notices":[],"_links":{"self":[{"href":"https:\/\/nordicministorages.ee\/et\/wp-json\/wp\/v2\/product\/5515","targetHints":{"allow":["GET"]}}],"collection":[{"href":"https:\/\/nordicministorages.ee\/et\/wp-json\/wp\/v2\/product"}],"about":[{"href":"https:\/\/nordicministorages.ee\/et\/wp-json\/wp\/v2\/types\/product"}],"version-history":[{"count":15,"href":"https:\/\/nordicministorages.ee\/et\/wp-json\/wp\/v2\/product\/5515\/revisions"}],"predecessor-version":[{"id":7704,"href":"https:\/\/nordicministorages.ee\/et\/wp-json\/wp\/v2\/product\/5515\/revisions\/7704"}],"wp:featuredmedia":[{"embeddable":true,"href":"https:\/\/nordicministorages.ee\/et\/wp-json\/wp\/v2\/media\/5516"}],"wp:attachment":[{"href":"https:\/\/nordicministorages.ee\/et\/wp-json\/wp\/v2\/media?parent=5515"}],"wp:term":[{"taxonomy":"product_brand","embeddable":true,"href":"https:\/\/nordicministorages.ee\/et\/wp-json\/wp\/v2\/product_brand?post=5515"},{"taxonomy":"product_cat","embeddable":true,"href":"https:\/\/nordicministorages.ee\/et\/wp-json\/wp\/v2\/product_cat?post=5515"},{"taxonomy":"product_tag","embeddable":true,"href":"https:\/\/nordicministorages.ee\/et\/wp-json\/wp\/v2\/product_tag?post=5515"}],"curies":[{"name":"wp","href":"https:\/\/api.w.org\/{rel}","templated":true}]}}