{"id":5628,"date":"2025-02-25T16:35:48","date_gmt":"2025-02-25T14:35:48","guid":{"rendered":"https:\/\/nordicministorages.ee\/storage-unit\/juri-3m%c2%b2\/"},"modified":"2026-02-23T16:10:06","modified_gmt":"2026-02-23T14:10:06","slug":"juri-3m%c2%b2","status":"publish","type":"product","link":"https:\/\/nordicministorages.ee\/et\/storage-unit\/juri-3m%c2%b2\/","title":{"rendered":"J\u00fcri \u2013 3m\u00b2"},"content":{"rendered":"\t\t<div data-elementor-type=\"product-post\" data-elementor-id=\"5628\" class=\"elementor elementor-5628 elementor-4130\" data-elementor-post-type=\"product\">\n\t\t\t\t\t\t<section class=\"elementor-section elementor-top-section elementor-element elementor-element-f4a1a8a elementor-section-boxed elementor-section-height-default elementor-section-height-default\" data-id=\"f4a1a8a\" data-element_type=\"section\" data-e-type=\"section\">\n\t\t\t\t\t\t<div class=\"elementor-container elementor-column-gap-default\">\n\t\t\t\t\t<div class=\"elementor-column elementor-col-100 elementor-top-column elementor-element elementor-element-b4198f6\" data-id=\"b4198f6\" data-element_type=\"column\" data-e-type=\"column\">\n\t\t\t<div class=\"elementor-widget-wrap elementor-element-populated\">\n\t\t\t\t\t\t<div class=\"elementor-element elementor-element-000ec28 elementor-widget elementor-widget-text-editor\" data-id=\"000ec28\" data-element_type=\"widget\" data-e-type=\"widget\" data-widget_type=\"text-editor.default\">\n\t\t\t\t<div class=\"elementor-widget-container\">\n\t\t\t\t\t\t\t\t\t<p><strong>Mida saab hoiustada minilaos?<\/strong><\/p>\t\t\t\t\t\t\t\t<\/div>\n\t\t\t\t<\/div>\n\t\t\t\t<div class=\"elementor-element elementor-element-e12f98a elementor-icon-list--layout-traditional elementor-list-item-link-full_width elementor-widget elementor-widget-icon-list\" data-id=\"e12f98a\" data-element_type=\"widget\" data-e-type=\"widget\" data-widget_type=\"icon-list.default\">\n\t\t\t\t<div class=\"elementor-widget-container\">\n\t\t\t\t\t\t\t<ul class=\"elementor-icon-list-items\">\n\t\t\t\t\t\t\t<li class=\"elementor-icon-list-item\">\n\t\t\t\t\t\t\t\t\t\t\t<span class=\"elementor-icon-list-icon\">\n\t\t\t\t\t\t\t<i aria-hidden=\"true\" class=\"fas fa-check\"><\/i>\t\t\t\t\t\t<\/span>\n\t\t\t\t\t\t\t\t\t\t<span class=\"elementor-icon-list-text\">K\u00f5iki majapidamises olevad esemeid, m\u00f6\u00f6blit ja vara, mis on koju ei mahu<\/span>\n\t\t\t\t\t\t\t\t\t<\/li>\n\t\t\t\t\t\t\t\t<li class=\"elementor-icon-list-item\">\n\t\t\t\t\t\t\t\t\t\t\t<span class=\"elementor-icon-list-icon\">\n\t\t\t\t\t\t\t<i aria-hidden=\"true\" class=\"fas fa-check\"><\/i>\t\t\t\t\t\t<\/span>\n\t\t\t\t\t\t\t\t\t\t<span class=\"elementor-icon-list-text\">Hobivarustus, terrassim\u00f6\u00f6bel ja aiat\u00f6\u00f6riistad<\/span>\n\t\t\t\t\t\t\t\t\t<\/li>\n\t\t\t\t\t\t<\/ul>\n\t\t\t\t\t\t<\/div>\n\t\t\t\t<\/div>\n\t\t\t\t\t<\/div>\n\t\t<\/div>\n\t\t\t\t\t<\/div>\n\t\t<\/section>\n\t\t\t\t<\/div>\n\t\t","protected":false},"excerpt":{"rendered":"<p>\ud83d\udd39 Ideaalne v\u00e4ikeste esemete ja hooajaliste asjade ladustamiseks<br \/>\n\ud83d\udd39 Lihtne ja taskukohane lahendus, kui vajad lisaruumi<\/p>\n<p><strong>3 m\u00b2 suurune miniladu mahutab umbes 65 standardsuuruses kasti.<\/strong><\/p>\n<p>\u2705 Kolimiskastidele \u2013 mahutab \u00fcle 65 kasti<br \/>\n\ud83d\udeb2 Jalgratastele ja spordivarustusele \u2013 suusad, golfikepid, matkavarustus<br \/>\n\ud83d\udd27 Autorehvidele (max 4tk minilao kohta) ja t\u00f6\u00f6riistadele<br \/>\n\ud83c\udf84 Hooajalistele esemetele \u2013 j\u00f5ulukaunistustele, suvem\u00f6\u00f6blile, hobivarustusele<\/p>\n<p>See on hea suurusega ruum, kui vajad hoiuruumi pikemaks ajaks. Mahutab mitu jalgratast.<\/p>\n<p><strong>N\u00e4ide: ~40 kasti, mitmesugused asjad, 2 jalgratast.<\/strong><\/p>\n","protected":false},"featured_media":5629,"template":"","meta":{"_acf_changed":false},"product_brand":[],"product_cat":[135,127,126,123],"product_tag":[],"class_list":{"0":"post-5628","1":"product","2":"type-product","3":"status-publish","4":"has-post-thumbnail","6":"product_cat-3m-et","7":"product_cat-aleviku-poik-6-et","8":"product_cat-juri-et","9":"product_cat-temperatuurikontrollitud","11":"first","12":"instock","13":"virtual","14":"sold-individually","15":"taxable","16":"purchasable","17":"product-type-subscription"},"acf":[],"aioseo_notices":[],"_links":{"self":[{"href":"https:\/\/nordicministorages.ee\/et\/wp-json\/wp\/v2\/product\/5628","targetHints":{"allow":["GET"]}}],"collection":[{"href":"https:\/\/nordicministorages.ee\/et\/wp-json\/wp\/v2\/product"}],"about":[{"href":"https:\/\/nordicministorages.ee\/et\/wp-json\/wp\/v2\/types\/product"}],"version-history":[{"count":17,"href":"https:\/\/nordicministorages.ee\/et\/wp-json\/wp\/v2\/product\/5628\/revisions"}],"predecessor-version":[{"id":7341,"href":"https:\/\/nordicministorages.ee\/et\/wp-json\/wp\/v2\/product\/5628\/revisions\/7341"}],"wp:featuredmedia":[{"embeddable":true,"href":"https:\/\/nordicministorages.ee\/et\/wp-json\/wp\/v2\/media\/5629"}],"wp:attachment":[{"href":"https:\/\/nordicministorages.ee\/et\/wp-json\/wp\/v2\/media?parent=5628"}],"wp:term":[{"taxonomy":"product_brand","embeddable":true,"href":"https:\/\/nordicministorages.ee\/et\/wp-json\/wp\/v2\/product_brand?post=5628"},{"taxonomy":"product_cat","embeddable":true,"href":"https:\/\/nordicministorages.ee\/et\/wp-json\/wp\/v2\/product_cat?post=5628"},{"taxonomy":"product_tag","embeddable":true,"href":"https:\/\/nordicministorages.ee\/et\/wp-json\/wp\/v2\/product_tag?post=5628"}],"curies":[{"name":"wp","href":"https:\/\/api.w.org\/{rel}","templated":true}]}}