{"id":5642,"date":"2025-02-25T16:50:18","date_gmt":"2025-02-25T14:50:18","guid":{"rendered":"https:\/\/nordicministorages.ee\/storage-unit\/juri-5m%c2%b2\/"},"modified":"2026-02-23T16:09:52","modified_gmt":"2026-02-23T14:09:52","slug":"juri-5m%c2%b2","status":"publish","type":"product","link":"https:\/\/nordicministorages.ee\/et\/storage-unit\/juri-5m%c2%b2\/","title":{"rendered":"J\u00fcri \u2013 5 m\u00b2"},"content":{"rendered":"\t\t<div data-elementor-type=\"product-post\" data-elementor-id=\"5642\" class=\"elementor elementor-5642 elementor-4160\" data-elementor-post-type=\"product\">\n\t\t\t\t\t\t<section class=\"elementor-section elementor-top-section elementor-element elementor-element-b3b7131 elementor-section-boxed elementor-section-height-default elementor-section-height-default\" data-id=\"b3b7131\" data-element_type=\"section\" data-e-type=\"section\">\n\t\t\t\t\t\t<div class=\"elementor-container elementor-column-gap-default\">\n\t\t\t\t\t<div class=\"elementor-column elementor-col-100 elementor-top-column elementor-element elementor-element-460cce2\" data-id=\"460cce2\" data-element_type=\"column\" data-e-type=\"column\">\n\t\t\t<div class=\"elementor-widget-wrap elementor-element-populated\">\n\t\t\t\t\t\t<div class=\"elementor-element elementor-element-4274916 elementor-widget elementor-widget-text-editor\" data-id=\"4274916\" data-element_type=\"widget\" data-e-type=\"widget\" data-widget_type=\"text-editor.default\">\n\t\t\t\t<div class=\"elementor-widget-container\">\n\t\t\t\t\t\t\t\t\t<p><strong>Mida saab hoiustada minilaos?<\/strong><\/p>\t\t\t\t\t\t\t\t<\/div>\n\t\t\t\t<\/div>\n\t\t\t\t<div class=\"elementor-element elementor-element-0c40aa1 elementor-icon-list--layout-traditional elementor-list-item-link-full_width elementor-widget elementor-widget-icon-list\" data-id=\"0c40aa1\" data-element_type=\"widget\" data-e-type=\"widget\" data-widget_type=\"icon-list.default\">\n\t\t\t\t<div class=\"elementor-widget-container\">\n\t\t\t\t\t\t\t<ul class=\"elementor-icon-list-items\">\n\t\t\t\t\t\t\t<li class=\"elementor-icon-list-item\">\n\t\t\t\t\t\t\t\t\t\t\t<span class=\"elementor-icon-list-icon\">\n\t\t\t\t\t\t\t<i aria-hidden=\"true\" class=\"fas fa-check\"><\/i>\t\t\t\t\t\t<\/span>\n\t\t\t\t\t\t\t\t\t\t<span class=\"elementor-icon-list-text\">K\u00f5ik majapidamises olevad esemed, m\u00f6\u00f6bel ja vara, mis koju ei mahu<\/span>\n\t\t\t\t\t\t\t\t\t<\/li>\n\t\t\t\t\t\t\t\t<li class=\"elementor-icon-list-item\">\n\t\t\t\t\t\t\t\t\t\t\t<span class=\"elementor-icon-list-icon\">\n\t\t\t\t\t\t\t<i aria-hidden=\"true\" class=\"fas fa-check\"><\/i>\t\t\t\t\t\t<\/span>\n\t\t\t\t\t\t\t\t\t\t<span class=\"elementor-icon-list-text\">Hobivarustus, terrassim\u00f6\u00f6bel ja aiat\u00f6\u00f6riistad<\/span>\n\t\t\t\t\t\t\t\t\t<\/li>\n\t\t\t\t\t\t<\/ul>\n\t\t\t\t\t\t<\/div>\n\t\t\t\t<\/div>\n\t\t\t\t\t<\/div>\n\t\t<\/div>\n\t\t\t\t\t<\/div>\n\t\t<\/section>\n\t\t\t\t<\/div>\n\t\t","protected":false},"excerpt":{"rendered":"<p>\ud83d\udd39 Sobib ideaalselt \u00fchetoalise kodu v\u00f5i v\u00e4ikese ettev\u00f5tte asjade hoiustamiseks.<br \/>\n\ud83d\udd39 Lihtne ja taskukohane lahendus, kui vajad hoiuruumi<\/p>\n<p><strong>5 m\u00b2 miniladu mahutab umbes 80 standardsuuruses kasti.<\/strong><\/p>\n<p>\u2705 \u00dcllatavalt ruumikas \u2013 mahutab kuni 80 kolimiskasti<br \/>\n\ud83c\udfe0 Sobib stuudio v\u00f5i \u00fchetoalise korteri m\u00f6\u00f6blile \u2013 diivan, voodi, kodumasinad, kastid<br \/>\n\ud83d\ude9b Ideaalne kolimise v\u00f5i renoveerimise ajaks v\u00f5i pikaajaliseks ladustamiseks<br \/>\n\ud83d\udce6 Sobib h\u00e4sti hooajalisetele esemetele \u2013 suusad, jalgrattad ja muu varustus<\/p>\n<p>See on suurep\u00e4rane \u00fchetoalise korteri sisustuse v\u00f5i v\u00e4ikese ettev\u00f5tte esemetele.<\/p>\n<p><strong>N\u00e4iteks: voodi, diivan, 60 kasti, laud, toolid, mitmesugused asjad, jalgratas.<\/strong><\/p>\n","protected":false},"featured_media":5643,"template":"","meta":{"_acf_changed":false},"product_brand":[],"product_cat":[136,127,126,123],"product_tag":[],"class_list":{"0":"post-5642","1":"product","2":"type-product","3":"status-publish","4":"has-post-thumbnail","6":"product_cat-5m-et","7":"product_cat-aleviku-poik-6-et","8":"product_cat-juri-et","9":"product_cat-temperatuurikontrollitud","11":"first","12":"instock","13":"virtual","14":"sold-individually","15":"taxable","16":"purchasable","17":"product-type-subscription"},"acf":[],"aioseo_notices":[],"_links":{"self":[{"href":"https:\/\/nordicministorages.ee\/et\/wp-json\/wp\/v2\/product\/5642","targetHints":{"allow":["GET"]}}],"collection":[{"href":"https:\/\/nordicministorages.ee\/et\/wp-json\/wp\/v2\/product"}],"about":[{"href":"https:\/\/nordicministorages.ee\/et\/wp-json\/wp\/v2\/types\/product"}],"version-history":[{"count":23,"href":"https:\/\/nordicministorages.ee\/et\/wp-json\/wp\/v2\/product\/5642\/revisions"}],"predecessor-version":[{"id":7339,"href":"https:\/\/nordicministorages.ee\/et\/wp-json\/wp\/v2\/product\/5642\/revisions\/7339"}],"wp:featuredmedia":[{"embeddable":true,"href":"https:\/\/nordicministorages.ee\/et\/wp-json\/wp\/v2\/media\/5643"}],"wp:attachment":[{"href":"https:\/\/nordicministorages.ee\/et\/wp-json\/wp\/v2\/media?parent=5642"}],"wp:term":[{"taxonomy":"product_brand","embeddable":true,"href":"https:\/\/nordicministorages.ee\/et\/wp-json\/wp\/v2\/product_brand?post=5642"},{"taxonomy":"product_cat","embeddable":true,"href":"https:\/\/nordicministorages.ee\/et\/wp-json\/wp\/v2\/product_cat?post=5642"},{"taxonomy":"product_tag","embeddable":true,"href":"https:\/\/nordicministorages.ee\/et\/wp-json\/wp\/v2\/product_tag?post=5642"}],"curies":[{"name":"wp","href":"https:\/\/api.w.org\/{rel}","templated":true}]}}