{"id":5654,"date":"2025-02-26T11:33:33","date_gmt":"2025-02-26T09:33:33","guid":{"rendered":"https:\/\/nordicministorages.ee\/storage-unit\/juri-8m%c2%b2\/"},"modified":"2026-02-23T16:09:38","modified_gmt":"2026-02-23T14:09:38","slug":"juri-8m%c2%b2","status":"publish","type":"product","link":"https:\/\/nordicministorages.ee\/et\/storage-unit\/juri-8m%c2%b2\/","title":{"rendered":"J\u00fcri \u2013 8 m\u00b2"},"content":{"rendered":"\t\t<div data-elementor-type=\"product-post\" data-elementor-id=\"5654\" class=\"elementor elementor-5654 elementor-4188\" data-elementor-post-type=\"product\">\n\t\t\t\t\t\t<section class=\"elementor-section elementor-top-section elementor-element elementor-element-afd8cb2 elementor-section-boxed elementor-section-height-default elementor-section-height-default\" data-id=\"afd8cb2\" data-element_type=\"section\" data-e-type=\"section\">\n\t\t\t\t\t\t<div class=\"elementor-container elementor-column-gap-default\">\n\t\t\t\t\t<div class=\"elementor-column elementor-col-100 elementor-top-column elementor-element elementor-element-6c651df\" data-id=\"6c651df\" data-element_type=\"column\" data-e-type=\"column\">\n\t\t\t<div class=\"elementor-widget-wrap elementor-element-populated\">\n\t\t\t\t\t\t<div class=\"elementor-element elementor-element-969200a elementor-widget elementor-widget-text-editor\" data-id=\"969200a\" data-element_type=\"widget\" data-e-type=\"widget\" data-widget_type=\"text-editor.default\">\n\t\t\t\t<div class=\"elementor-widget-container\">\n\t\t\t\t\t\t\t\t\t<p><strong>Mida saab hoiustada minilaos?<\/strong><\/p>\t\t\t\t\t\t\t\t<\/div>\n\t\t\t\t<\/div>\n\t\t\t\t<div class=\"elementor-element elementor-element-5e97e14 elementor-icon-list--layout-traditional elementor-list-item-link-full_width elementor-widget elementor-widget-icon-list\" data-id=\"5e97e14\" data-element_type=\"widget\" data-e-type=\"widget\" data-widget_type=\"icon-list.default\">\n\t\t\t\t<div class=\"elementor-widget-container\">\n\t\t\t\t\t\t\t<ul class=\"elementor-icon-list-items\">\n\t\t\t\t\t\t\t<li class=\"elementor-icon-list-item\">\n\t\t\t\t\t\t\t\t\t\t\t<span class=\"elementor-icon-list-icon\">\n\t\t\t\t\t\t\t<i aria-hidden=\"true\" class=\"fas fa-check\"><\/i>\t\t\t\t\t\t<\/span>\n\t\t\t\t\t\t\t\t\t\t<span class=\"elementor-icon-list-text\">K\u00f5iki majapidamises olevaid esemeid, m\u00f6\u00f6blit ja vara, mis koju ei mahu<\/span>\n\t\t\t\t\t\t\t\t\t<\/li>\n\t\t\t\t\t\t\t\t<li class=\"elementor-icon-list-item\">\n\t\t\t\t\t\t\t\t\t\t\t<span class=\"elementor-icon-list-icon\">\n\t\t\t\t\t\t\t<i aria-hidden=\"true\" class=\"fas fa-check\"><\/i>\t\t\t\t\t\t<\/span>\n\t\t\t\t\t\t\t\t\t\t<span class=\"elementor-icon-list-text\">Hobivarustus, terrassim\u00f6\u00f6bel ja aiat\u00f6\u00f6riistad<\/span>\n\t\t\t\t\t\t\t\t\t<\/li>\n\t\t\t\t\t\t<\/ul>\n\t\t\t\t\t\t<\/div>\n\t\t\t\t<\/div>\n\t\t\t\t\t<\/div>\n\t\t<\/div>\n\t\t\t\t\t<\/div>\n\t\t<\/section>\n\t\t\t\t<\/div>\n\t\t","protected":false},"excerpt":{"rendered":"<p>\ud83d\udd39 Ideaalne kolmetoalise kodu v\u00f5i \u00e4ri vajadustele<br \/>\n\ud83d\udd39 Paindlik ja taskukohane lahendus, kui vajad hoiuruumi<\/p>\n<p><strong>8 m\u00b2 suurune hoiuruum mahutab umbes 280 standardsuuruses kasti.<\/strong><\/p>\n<p>\u2705 Suur hoiuruum \u2013 mahutab kuni 280 kolimiskasti<br \/>\n\ud83d\ude9b Ideaalne kolimise v\u00f5i renoveerimise ajaks v\u00f5i pikaajaliseks hoiustamiseks<br \/>\n\ud83c\udfe0 Sobib kolme magamistoaga kodu sisustusele \u2013 diivan, voodid, kodumasinad, kastid<br \/>\n\ud83d\udce6 Mugav \u00e4ridele \u2013 t\u00f6\u00f6riistad, varustus, kastid, m\u00f6\u00f6bel, dokumendid ja kaustad<\/p>\n<p>Suurep\u00e4rane suurus, et mahutada kolmetoalise kodu sisustus.<\/p>\n<p><strong>N\u00e4ide: 2 voodit, kaks diivanit, 50 kasti, lauad, toolid, mitmesugused asjad, 4 jalgratast.<\/strong><\/p>\n","protected":false},"featured_media":5512,"template":"","meta":{"_acf_changed":false},"product_brand":[],"product_cat":[122,127,126,123],"product_tag":[],"class_list":{"0":"post-5654","1":"product","2":"type-product","3":"status-publish","4":"has-post-thumbnail","6":"product_cat-8m","7":"product_cat-aleviku-poik-6-et","8":"product_cat-juri-et","9":"product_cat-temperatuurikontrollitud","11":"first","12":"instock","13":"virtual","14":"taxable","15":"purchasable","16":"product-type-subscription"},"acf":[],"aioseo_notices":[],"_links":{"self":[{"href":"https:\/\/nordicministorages.ee\/et\/wp-json\/wp\/v2\/product\/5654","targetHints":{"allow":["GET"]}}],"collection":[{"href":"https:\/\/nordicministorages.ee\/et\/wp-json\/wp\/v2\/product"}],"about":[{"href":"https:\/\/nordicministorages.ee\/et\/wp-json\/wp\/v2\/types\/product"}],"version-history":[{"count":19,"href":"https:\/\/nordicministorages.ee\/et\/wp-json\/wp\/v2\/product\/5654\/revisions"}],"predecessor-version":[{"id":7337,"href":"https:\/\/nordicministorages.ee\/et\/wp-json\/wp\/v2\/product\/5654\/revisions\/7337"}],"wp:featuredmedia":[{"embeddable":true,"href":"https:\/\/nordicministorages.ee\/et\/wp-json\/wp\/v2\/media\/5512"}],"wp:attachment":[{"href":"https:\/\/nordicministorages.ee\/et\/wp-json\/wp\/v2\/media?parent=5654"}],"wp:term":[{"taxonomy":"product_brand","embeddable":true,"href":"https:\/\/nordicministorages.ee\/et\/wp-json\/wp\/v2\/product_brand?post=5654"},{"taxonomy":"product_cat","embeddable":true,"href":"https:\/\/nordicministorages.ee\/et\/wp-json\/wp\/v2\/product_cat?post=5654"},{"taxonomy":"product_tag","embeddable":true,"href":"https:\/\/nordicministorages.ee\/et\/wp-json\/wp\/v2\/product_tag?post=5654"}],"curies":[{"name":"wp","href":"https:\/\/api.w.org\/{rel}","templated":true}]}}