{"id":5673,"date":"2025-02-26T12:15:20","date_gmt":"2025-02-26T10:15:20","guid":{"rendered":"https:\/\/nordicministorages.ee\/storage-unit\/parnu-2m%c2%b2\/"},"modified":"2026-04-04T11:21:46","modified_gmt":"2026-04-04T08:21:46","slug":"parnu-2m%c2%b2","status":"publish","type":"product","link":"https:\/\/nordicministorages.ee\/et\/storage-unit\/parnu-2m%c2%b2\/","title":{"rendered":"P\u00e4rnu \u2013 2 m\u00b2"},"content":{"rendered":"\t\t<div data-elementor-type=\"product-post\" data-elementor-id=\"5673\" class=\"elementor elementor-5673 elementor-4223\" data-elementor-post-type=\"product\">\n\t\t\t\t\t\t<section class=\"elementor-section elementor-top-section elementor-element elementor-element-f4a1a8a elementor-section-boxed elementor-section-height-default elementor-section-height-default\" data-id=\"f4a1a8a\" data-element_type=\"section\" data-e-type=\"section\">\n\t\t\t\t\t\t<div class=\"elementor-container elementor-column-gap-default\">\n\t\t\t\t\t<div class=\"elementor-column elementor-col-100 elementor-top-column elementor-element elementor-element-b4198f6\" data-id=\"b4198f6\" data-element_type=\"column\" data-e-type=\"column\">\n\t\t\t<div class=\"elementor-widget-wrap elementor-element-populated\">\n\t\t\t\t\t\t<div class=\"elementor-element elementor-element-000ec28 elementor-widget elementor-widget-text-editor\" data-id=\"000ec28\" data-element_type=\"widget\" data-e-type=\"widget\" data-widget_type=\"text-editor.default\">\n\t\t\t\t<div class=\"elementor-widget-container\">\n\t\t\t\t\t\t\t\t\t<p><strong>Mida saab hoiustada minilaos?<\/strong><\/p>\t\t\t\t\t\t\t\t<\/div>\n\t\t\t\t<\/div>\n\t\t\t\t<div class=\"elementor-element elementor-element-e12f98a elementor-icon-list--layout-traditional elementor-list-item-link-full_width elementor-widget elementor-widget-icon-list\" data-id=\"e12f98a\" data-element_type=\"widget\" data-e-type=\"widget\" data-widget_type=\"icon-list.default\">\n\t\t\t\t<div class=\"elementor-widget-container\">\n\t\t\t\t\t\t\t<ul class=\"elementor-icon-list-items\">\n\t\t\t\t\t\t\t<li class=\"elementor-icon-list-item\">\n\t\t\t\t\t\t\t\t\t\t\t<span class=\"elementor-icon-list-icon\">\n\t\t\t\t\t\t\t<i aria-hidden=\"true\" class=\"fas fa-check\"><\/i>\t\t\t\t\t\t<\/span>\n\t\t\t\t\t\t\t\t\t\t<span class=\"elementor-icon-list-text\">K\u00f5iki majapidamises olevaid esemeid, m\u00f6\u00f6blit ja vara, mis koju ei mahu<\/span>\n\t\t\t\t\t\t\t\t\t<\/li>\n\t\t\t\t\t\t\t\t<li class=\"elementor-icon-list-item\">\n\t\t\t\t\t\t\t\t\t\t\t<span class=\"elementor-icon-list-icon\">\n\t\t\t\t\t\t\t<i aria-hidden=\"true\" class=\"fas fa-check\"><\/i>\t\t\t\t\t\t<\/span>\n\t\t\t\t\t\t\t\t\t\t<span class=\"elementor-icon-list-text\">Hobivarustus, terrassim\u00f6\u00f6bel ja aiat\u00f6\u00f6riistad<\/span>\n\t\t\t\t\t\t\t\t\t<\/li>\n\t\t\t\t\t\t<\/ul>\n\t\t\t\t\t\t<\/div>\n\t\t\t\t<\/div>\n\t\t\t\t\t<\/div>\n\t\t<\/div>\n\t\t\t\t\t<\/div>\n\t\t<\/section>\n\t\t\t\t<\/div>\n\t\t","protected":false},"excerpt":{"rendered":"<p>\ud83d\udd39 Ideaalne v\u00e4ikestele ja hooajalistele esemetele<br \/>\n\ud83d\udd39 <em>Lihtne ja taskukohane lahendus, kui vajad lisaruumi<\/em><\/p>\n<p><strong>2 m\u00b2 miniladu mahutab umbes 50 standardsuuruses kasti.<\/strong><\/p>\n<p>\u2705 Kolimiskastidele \u2013 mahutab \u00fcle 50 kasti<br \/>\n\ud83d\udeb2 Jalgratastele ja spordivarustusele \u2013 suusad, golfikepid, matkavarustus<br \/>\n\ud83d\udd27 Autorehvidele (max 4tk minilao kohta) ja t\u00f6\u00f6riistadele<br \/>\n\ud83c\udf84 Hooajalistele esemetele \u2013 j\u00f5ulukaunistused, suvem\u00f6\u00f6bel, hobivarustus<\/p>\n<p>Diivani, voodi vms saab sellesse minilattu paigutada vertikaalselt.<\/p>\n<p><strong>N\u00e4ide: 20 kasti, <\/strong><strong>mitmesugused asjad, jalgratas.<\/strong><\/p>\n","protected":false},"featured_media":5610,"template":"","meta":{"_acf_changed":false},"product_brand":[],"product_cat":[134,125,124,123],"product_tag":[],"class_list":{"0":"post-5673","1":"product","2":"type-product","3":"status-publish","4":"has-post-thumbnail","6":"product_cat-2-m","7":"product_cat-oja-114-et","8":"product_cat-parnu-et","9":"product_cat-temperatuurikontrollitud","11":"first","12":"instock","13":"virtual","14":"sold-individually","15":"taxable","16":"purchasable","17":"product-type-subscription"},"acf":[],"aioseo_notices":[],"_links":{"self":[{"href":"https:\/\/nordicministorages.ee\/et\/wp-json\/wp\/v2\/product\/5673","targetHints":{"allow":["GET"]}}],"collection":[{"href":"https:\/\/nordicministorages.ee\/et\/wp-json\/wp\/v2\/product"}],"about":[{"href":"https:\/\/nordicministorages.ee\/et\/wp-json\/wp\/v2\/types\/product"}],"version-history":[{"count":23,"href":"https:\/\/nordicministorages.ee\/et\/wp-json\/wp\/v2\/product\/5673\/revisions"}],"predecessor-version":[{"id":7324,"href":"https:\/\/nordicministorages.ee\/et\/wp-json\/wp\/v2\/product\/5673\/revisions\/7324"}],"wp:featuredmedia":[{"embeddable":true,"href":"https:\/\/nordicministorages.ee\/et\/wp-json\/wp\/v2\/media\/5610"}],"wp:attachment":[{"href":"https:\/\/nordicministorages.ee\/et\/wp-json\/wp\/v2\/media?parent=5673"}],"wp:term":[{"taxonomy":"product_brand","embeddable":true,"href":"https:\/\/nordicministorages.ee\/et\/wp-json\/wp\/v2\/product_brand?post=5673"},{"taxonomy":"product_cat","embeddable":true,"href":"https:\/\/nordicministorages.ee\/et\/wp-json\/wp\/v2\/product_cat?post=5673"},{"taxonomy":"product_tag","embeddable":true,"href":"https:\/\/nordicministorages.ee\/et\/wp-json\/wp\/v2\/product_tag?post=5673"}],"curies":[{"name":"wp","href":"https:\/\/api.w.org\/{rel}","templated":true}]}}