{"id":4874,"date":"2023-06-05T11:20:39","date_gmt":"2023-06-05T08:20:39","guid":{"rendered":"https:\/\/nordicministorages.ee\/oppaat\/"},"modified":"2025-03-12T14:56:31","modified_gmt":"2025-03-12T12:56:31","slug":"oppaat","status":"publish","type":"page","link":"https:\/\/nordicministorages.ee\/fi\/oppaat\/","title":{"rendered":"Oppaat"},"content":{"rendered":"\t\t<div data-elementor-type=\"wp-page\" data-elementor-id=\"4874\" class=\"elementor elementor-4874 elementor-650\" data-elementor-post-type=\"page\">\n\t\t\t\t\t\t<section class=\"elementor-section elementor-top-section elementor-element elementor-element-d31bc19 elementor-section-boxed elementor-section-height-default elementor-section-height-default\" data-id=\"d31bc19\" data-element_type=\"section\" data-e-type=\"section\">\n\t\t\t\t\t\t<div class=\"elementor-container elementor-column-gap-default\">\n\t\t\t\t\t<div class=\"elementor-column elementor-col-100 elementor-top-column elementor-element elementor-element-232cc3b\" data-id=\"232cc3b\" data-element_type=\"column\" data-e-type=\"column\">\n\t\t\t<div class=\"elementor-widget-wrap elementor-element-populated\">\n\t\t\t\t\t\t<div class=\"elementor-element elementor-element-bd34c04 elementor-widget elementor-widget-heading\" data-id=\"bd34c04\" data-element_type=\"widget\" data-e-type=\"widget\" data-widget_type=\"heading.default\">\n\t\t\t\t<div class=\"elementor-widget-container\">\n\t\t\t\t\t<h2 class=\"elementor-heading-title elementor-size-default\">Tulossa pian!<\/h2>\t\t\t\t<\/div>\n\t\t\t\t<\/div>\n\t\t\t\t\t<\/div>\n\t\t<\/div>\n\t\t\t\t\t<\/div>\n\t\t<\/section>\n\t\t\t\t<section class=\"elementor-section elementor-top-section elementor-element elementor-element-2a12818 elementor-hidden-desktop elementor-hidden-tablet elementor-hidden-mobile elementor-section-boxed elementor-section-height-default elementor-section-height-default\" data-id=\"2a12818\" data-element_type=\"section\" data-e-type=\"section\">\n\t\t\t\t\t\t<div class=\"elementor-container elementor-column-gap-default\">\n\t\t\t\t\t<div class=\"elementor-column elementor-col-50 elementor-top-column elementor-element elementor-element-4bec9b4\" data-id=\"4bec9b4\" data-element_type=\"column\" data-e-type=\"column\">\n\t\t\t<div class=\"elementor-widget-wrap elementor-element-populated\">\n\t\t\t\t\t\t<div class=\"elementor-element elementor-element-95558f2 elementor-widget elementor-widget-heading\" data-id=\"95558f2\" data-element_type=\"widget\" data-e-type=\"widget\" data-widget_type=\"heading.default\">\n\t\t\t\t<div class=\"elementor-widget-container\">\n\t\t\t\t\t<h2 class=\"elementor-heading-title elementor-size-default\">Oppaat - Kuinka k\u00e4ytt\u00e4\u00e4 itsepalveluvarastoa<\/h2>\t\t\t\t<\/div>\n\t\t\t\t<\/div>\n\t\t\t\t<div class=\"elementor-element elementor-element-da2adad elementor-widget elementor-widget-text-editor\" data-id=\"da2adad\" data-element_type=\"widget\" data-e-type=\"widget\" data-widget_type=\"text-editor.default\">\n\t\t\t\t<div class=\"elementor-widget-container\">\n\t\t\t\t\t\t\t\t\t<p>Olemme laatineet helppok\u00e4ytt\u00f6iset oppaat siit\u00e4, miten itsepalveluvarastoa vuokrataan ja miten sit\u00e4 k\u00e4ytet\u00e4\u00e4n tavaroiden s\u00e4ilytt\u00e4miseen.<\/p>\n\t\t\t\t\t\t\t\t<\/div>\n\t\t\t\t<\/div>\n\t\t\t\t<div class=\"elementor-element elementor-element-d0df237 elementor-position-inline-start elementor-view-default elementor-mobile-position-block-start elementor-widget elementor-widget-icon-box\" data-id=\"d0df237\" data-element_type=\"widget\" data-e-type=\"widget\" data-widget_type=\"icon-box.default\">\n\t\t\t\t<div class=\"elementor-widget-container\">\n\t\t\t\t\t\t\t<div class=\"elementor-icon-box-wrapper\">\n\n\t\t\t\t\t\t<div class=\"elementor-icon-box-icon\">\n\t\t\t\t<a href=\"https:\/\/nordicministorages.ee\/how-to-open-and-close-the-front-door-with-your-phone\/\" target=\"_blank\" class=\"elementor-icon\" tabindex=\"-1\" aria-label=\"Kuinka avata ja sulkea ulko-ovi puhelimella?\">\n\t\t\t\t<i aria-hidden=\"true\" class=\"fas fa-info-circle\"><\/i>\t\t\t\t<\/a>\n\t\t\t<\/div>\n\t\t\t\n\t\t\t\t\t\t<div class=\"elementor-icon-box-content\">\n\n\t\t\t\t\t\t\t\t\t<h3 class=\"elementor-icon-box-title\">\n\t\t\t\t\t\t<a href=\"https:\/\/nordicministorages.ee\/how-to-open-and-close-the-front-door-with-your-phone\/\" target=\"_blank\" >\n\t\t\t\t\t\t\tKuinka avata ja sulkea ulko-ovi puhelimella?\t\t\t\t\t\t<\/a>\n\t\t\t\t\t<\/h3>\n\t\t\t\t\n\t\t\t\t\n\t\t\t<\/div>\n\t\t\t\n\t\t<\/div>\n\t\t\t\t\t\t<\/div>\n\t\t\t\t<\/div>\n\t\t\t\t<div class=\"elementor-element elementor-element-01e2b0d elementor-position-inline-start elementor-view-default elementor-mobile-position-block-start elementor-widget elementor-widget-icon-box\" data-id=\"01e2b0d\" data-element_type=\"widget\" data-e-type=\"widget\" data-widget_type=\"icon-box.default\">\n\t\t\t\t<div class=\"elementor-widget-container\">\n\t\t\t\t\t\t\t<div class=\"elementor-icon-box-wrapper\">\n\n\t\t\t\t\t\t<div class=\"elementor-icon-box-icon\">\n\t\t\t\t<a href=\"https:\/\/nordicministorages.ee\/how-to-open-your-unit-door-with-your-phone\/\" target=\"_blank\" class=\"elementor-icon\" tabindex=\"-1\" aria-label=\"Kuinka avata varastoyksik\u00f6n ovi puhelimella\">\n\t\t\t\t<i aria-hidden=\"true\" class=\"fas fa-info-circle\"><\/i>\t\t\t\t<\/a>\n\t\t\t<\/div>\n\t\t\t\n\t\t\t\t\t\t<div class=\"elementor-icon-box-content\">\n\n\t\t\t\t\t\t\t\t\t<h3 class=\"elementor-icon-box-title\">\n\t\t\t\t\t\t<a href=\"https:\/\/nordicministorages.ee\/how-to-open-your-unit-door-with-your-phone\/\" target=\"_blank\" >\n\t\t\t\t\t\t\tKuinka avata varastoyksik\u00f6n ovi puhelimella\t\t\t\t\t\t<\/a>\n\t\t\t\t\t<\/h3>\n\t\t\t\t\n\t\t\t\t\n\t\t\t<\/div>\n\t\t\t\n\t\t<\/div>\n\t\t\t\t\t\t<\/div>\n\t\t\t\t<\/div>\n\t\t\t\t<div class=\"elementor-element elementor-element-600b7a9 elementor-position-inline-start elementor-view-default elementor-mobile-position-block-start elementor-widget elementor-widget-icon-box\" data-id=\"600b7a9\" data-element_type=\"widget\" data-e-type=\"widget\" data-widget_type=\"icon-box.default\">\n\t\t\t\t<div class=\"elementor-widget-container\">\n\t\t\t\t\t\t\t<div class=\"elementor-icon-box-wrapper\">\n\n\t\t\t\t\t\t<div class=\"elementor-icon-box-icon\">\n\t\t\t\t<a href=\"https:\/\/nordicministorages.ee\/how-do-you-rent-a-self-storage-unit\/\" target=\"_blank\" class=\"elementor-icon\" tabindex=\"-1\" aria-label=\"Miten vuokraat pienvaraston?\">\n\t\t\t\t<i aria-hidden=\"true\" class=\"fas fa-info-circle\"><\/i>\t\t\t\t<\/a>\n\t\t\t<\/div>\n\t\t\t\n\t\t\t\t\t\t<div class=\"elementor-icon-box-content\">\n\n\t\t\t\t\t\t\t\t\t<h3 class=\"elementor-icon-box-title\">\n\t\t\t\t\t\t<a href=\"https:\/\/nordicministorages.ee\/how-do-you-rent-a-self-storage-unit\/\" target=\"_blank\" >\n\t\t\t\t\t\t\tMiten vuokraat pienvaraston?\t\t\t\t\t\t<\/a>\n\t\t\t\t\t<\/h3>\n\t\t\t\t\n\t\t\t\t\n\t\t\t<\/div>\n\t\t\t\n\t\t<\/div>\n\t\t\t\t\t\t<\/div>\n\t\t\t\t<\/div>\n\t\t\t\t\t<\/div>\n\t\t<\/div>\n\t\t\t\t<div class=\"elementor-column elementor-col-50 elementor-top-column elementor-element elementor-element-d148e95 elementor-hidden-mobile\" data-id=\"d148e95\" data-element_type=\"column\" data-e-type=\"column\">\n\t\t\t<div class=\"elementor-widget-wrap elementor-element-populated\">\n\t\t\t\t\t\t<div class=\"elementor-element elementor-element-feee674 elementor-widget elementor-widget-image\" data-id=\"feee674\" data-element_type=\"widget\" data-e-type=\"widget\" data-widget_type=\"image.default\">\n\t\t\t\t<div class=\"elementor-widget-container\">\n\t\t\t\t\t\t\t\t\t\t\t\t\t\t\t<img fetchpriority=\"high\" decoding=\"async\" width=\"800\" height=\"800\" src=\"https:\/\/nordicministorages.ee\/wp-content\/uploads\/2023\/10\/galleria_2_15.jpg\" class=\"attachment-large size-large wp-image-2217\" alt=\"\" srcset=\"https:\/\/nordicministorages.ee\/wp-content\/uploads\/2023\/10\/galleria_2_15.jpg 800w, https:\/\/nordicministorages.ee\/wp-content\/uploads\/2023\/10\/galleria_2_15-300x300.jpg 300w, https:\/\/nordicministorages.ee\/wp-content\/uploads\/2023\/10\/galleria_2_15-150x150.jpg 150w, https:\/\/nordicministorages.ee\/wp-content\/uploads\/2023\/10\/galleria_2_15-768x768.jpg 768w, https:\/\/nordicministorages.ee\/wp-content\/uploads\/2023\/10\/galleria_2_15-60x60.jpg 60w, https:\/\/nordicministorages.ee\/wp-content\/uploads\/2023\/10\/galleria_2_15-110x110.jpg 110w, https:\/\/nordicministorages.ee\/wp-content\/uploads\/2023\/10\/galleria_2_15-600x600.jpg 600w, https:\/\/nordicministorages.ee\/wp-content\/uploads\/2023\/10\/galleria_2_15-100x100.jpg 100w\" sizes=\"(max-width: 800px) 100vw, 800px\" \/>\t\t\t\t\t\t\t\t\t\t\t\t\t\t\t<\/div>\n\t\t\t\t<\/div>\n\t\t\t\t\t<\/div>\n\t\t<\/div>\n\t\t\t\t\t<\/div>\n\t\t<\/section>\n\t\t\t\t<section class=\"elementor-section elementor-top-section elementor-element elementor-element-f2a8cea elementor-hidden-desktop elementor-hidden-tablet elementor-hidden-mobile elementor-section-boxed elementor-section-height-default elementor-section-height-default\" data-id=\"f2a8cea\" data-element_type=\"section\" data-e-type=\"section\" data-settings=\"{&quot;background_background&quot;:&quot;classic&quot;}\">\n\t\t\t\t\t\t<div class=\"elementor-container elementor-column-gap-default\">\n\t\t\t\t\t<div class=\"elementor-column elementor-col-33 elementor-top-column elementor-element elementor-element-4903c63\" data-id=\"4903c63\" data-element_type=\"column\" data-e-type=\"column\" id=\"unitdoor\">\n\t\t\t<div class=\"elementor-widget-wrap elementor-element-populated\">\n\t\t\t\t\t\t<div class=\"elementor-element elementor-element-4043d9f elementor-widget elementor-widget-heading\" data-id=\"4043d9f\" data-element_type=\"widget\" data-e-type=\"widget\" data-widget_type=\"heading.default\">\n\t\t\t\t<div class=\"elementor-widget-container\">\n\t\t\t\t\t<h2 class=\"elementor-heading-title elementor-size-default\">Miten varastoyksik\u00f6n ovi avataan<\/h2>\t\t\t\t<\/div>\n\t\t\t\t<\/div>\n\t\t\t\t<div class=\"elementor-element elementor-element-04ac088 elementor-widget elementor-widget-video\" data-id=\"04ac088\" data-element_type=\"widget\" data-e-type=\"widget\" data-settings=\"{&quot;video_type&quot;:&quot;vimeo&quot;}\" data-widget_type=\"video.default\">\n\t\t\t\t<div class=\"elementor-widget-container\">\n\t\t\t\t\t\t\t<div class=\"elementor-wrapper elementor-open-inline\">\n\t\t\t<iframe class=\"elementor-video-iframe\" allowfullscreen allow=\"clipboard-write\" title=\"vimeo-videosoitin\" src=\"https:\/\/player.vimeo.com\/video\/878601111?color&amp;autopause=0&amp;loop=0&amp;muted=0&amp;title=1&amp;portrait=1&amp;byline=1&amp;h=e7da35cdf6#t=\"><\/iframe>\t\t<\/div>\n\t\t\t\t\t\t<\/div>\n\t\t\t\t<\/div>\n\t\t\t\t\t<\/div>\n\t\t<\/div>\n\t\t\t\t<div class=\"elementor-column elementor-col-33 elementor-top-column elementor-element elementor-element-dd953f6\" data-id=\"dd953f6\" data-element_type=\"column\" data-e-type=\"column\" id=\"maindoor\">\n\t\t\t<div class=\"elementor-widget-wrap elementor-element-populated\">\n\t\t\t\t\t\t<div class=\"elementor-element elementor-element-9f085d9 elementor-widget elementor-widget-heading\" data-id=\"9f085d9\" data-element_type=\"widget\" data-e-type=\"widget\" data-widget_type=\"heading.default\">\n\t\t\t\t<div class=\"elementor-widget-container\">\n\t\t\t\t\t<h2 class=\"elementor-heading-title elementor-size-default\">Kuinka rakennuksen ulko-ovi avataan ja suljetaan<\/h2>\t\t\t\t<\/div>\n\t\t\t\t<\/div>\n\t\t\t\t<div class=\"elementor-element elementor-element-b526827 elementor-widget elementor-widget-video\" data-id=\"b526827\" data-element_type=\"widget\" data-e-type=\"widget\" data-settings=\"{&quot;video_type&quot;:&quot;vimeo&quot;}\" data-widget_type=\"video.default\">\n\t\t\t\t<div class=\"elementor-widget-container\">\n\t\t\t\t\t\t\t<div class=\"elementor-wrapper elementor-open-inline\">\n\t\t\t<iframe class=\"elementor-video-iframe\" allowfullscreen allow=\"clipboard-write\" title=\"vimeo-videosoitin\" src=\"https:\/\/player.vimeo.com\/video\/878601050?color&amp;autopause=0&amp;loop=0&amp;muted=0&amp;title=0&amp;portrait=0&amp;byline=0&amp;h=4458b3cba3#t=\"><\/iframe>\t\t<\/div>\n\t\t\t\t\t\t<\/div>\n\t\t\t\t<\/div>\n\t\t\t\t\t<\/div>\n\t\t<\/div>\n\t\t\t\t<div class=\"elementor-column elementor-col-33 elementor-top-column elementor-element elementor-element-4f35d9f\" data-id=\"4f35d9f\" data-element_type=\"column\" data-e-type=\"column\">\n\t\t\t<div class=\"elementor-widget-wrap\">\n\t\t\t\t\t\t\t<\/div>\n\t\t<\/div>\n\t\t\t\t\t<\/div>\n\t\t<\/section>\n\t\t\t\t<\/div>\n\t\t","protected":false},"excerpt":{"rendered":"<p>Tulossa pian! Oppaat &#8211; Kuinka k\u00e4ytt\u00e4\u00e4 itsepalveluvarastoa Olemme laatineet helppok\u00e4ytt\u00f6iset oppaat siit\u00e4, miten itsepalveluvarastoa vuokrataan ja miten sit\u00e4 k\u00e4ytet\u00e4\u00e4n tavaroiden s\u00e4ilytt\u00e4miseen. Kuinka avata ja sulkea ulko-ovi puhelimella? Kuinka avata varastoyksik\u00f6n ovi puhelimella Miten vuokraat pienvaraston? Miten varastoyksik\u00f6n ovi avataan Kuinka rakennuksen ulko-ovi avataan ja suljetaan<\/p>\n","protected":false},"author":1,"featured_media":0,"parent":0,"menu_order":0,"comment_status":"closed","ping_status":"closed","template":"","meta":{"_acf_changed":false,"footnotes":""},"class_list":["post-4874","page","type-page","status-publish","hentry"],"acf":[],"aioseo_notices":[],"_links":{"self":[{"href":"https:\/\/nordicministorages.ee\/fi\/wp-json\/wp\/v2\/pages\/4874","targetHints":{"allow":["GET"]}}],"collection":[{"href":"https:\/\/nordicministorages.ee\/fi\/wp-json\/wp\/v2\/pages"}],"about":[{"href":"https:\/\/nordicministorages.ee\/fi\/wp-json\/wp\/v2\/types\/page"}],"author":[{"embeddable":true,"href":"https:\/\/nordicministorages.ee\/fi\/wp-json\/wp\/v2\/users\/1"}],"replies":[{"embeddable":true,"href":"https:\/\/nordicministorages.ee\/fi\/wp-json\/wp\/v2\/comments?post=4874"}],"version-history":[{"count":2,"href":"https:\/\/nordicministorages.ee\/fi\/wp-json\/wp\/v2\/pages\/4874\/revisions"}],"predecessor-version":[{"id":4879,"href":"https:\/\/nordicministorages.ee\/fi\/wp-json\/wp\/v2\/pages\/4874\/revisions\/4879"}],"wp:attachment":[{"href":"https:\/\/nordicministorages.ee\/fi\/wp-json\/wp\/v2\/media?parent=4874"}],"curies":[{"name":"wp","href":"https:\/\/api.w.org\/{rel}","templated":true}]}}