{"id":4893,"date":"2023-07-06T10:36:47","date_gmt":"2023-07-06T07:36:47","guid":{"rendered":"https:\/\/nordicministorages.ee\/kirjaudu-sisaan\/"},"modified":"2025-03-12T14:56:35","modified_gmt":"2025-03-12T12:56:35","slug":"kirjaudu-sisaan","status":"publish","type":"page","link":"https:\/\/nordicministorages.ee\/fi\/kirjaudu-sisaan\/","title":{"rendered":"Kirjaudu sis\u00e4\u00e4n"},"content":{"rendered":"\t\t<div data-elementor-type=\"wp-page\" data-elementor-id=\"4893\" class=\"elementor elementor-4893 elementor-1113\" data-elementor-post-type=\"page\">\n\t\t\t\t\t\t<section class=\"elementor-section elementor-top-section elementor-element elementor-element-d8605f2 elementor-section-boxed elementor-section-height-default elementor-section-height-default\" data-id=\"d8605f2\" data-element_type=\"section\" data-e-type=\"section\">\n\t\t\t\t\t\t<div class=\"elementor-container elementor-column-gap-default\">\n\t\t\t\t\t<div class=\"elementor-column elementor-col-50 elementor-top-column elementor-element elementor-element-7e004e1\" data-id=\"7e004e1\" data-element_type=\"column\" data-e-type=\"column\">\n\t\t\t<div class=\"elementor-widget-wrap elementor-element-populated\">\n\t\t\t\t\t\t<div class=\"elementor-element elementor-element-4b049f8 elementor-widget elementor-widget-shortcode\" data-id=\"4b049f8\" data-element_type=\"widget\" data-e-type=\"widget\" data-widget_type=\"shortcode.default\">\n\t\t\t\t<div class=\"elementor-widget-container\">\n\t\t\t\t\t\t\t<div class=\"elementor-shortcode\">\t\t\t<div id=\"magic-login-shortcode\">\n\t\t\t<div class=\"magic-login-form-header\">\n\t\t\t\t<p class=\"message\">Sy\u00f6t\u00e4 s\u00e4hk\u00f6postiosoitteesi ja l\u00e4het\u00e4mme sinulle linkin, jonka kautta p\u00e4\u00e4set kirjautumaan.<\/p>\n\t\t\t<\/div>\n\t\t\t\t\t\t\t<form name=\"magicloginform\"\n\t\t\t\t\t  class=\"magic-login-inline-login-form \"\n\t\t\t\t\t  id=\"magicloginform\"\n\t\t\t\t\t  action=\"\"\n\t\t\t\t\t  method=\"post\"\n\t\t\t\t\t  autocomplete=\"off\"\n\t\t\t\t\t  data-ajax-url=\"https:\/\/nordicministorages.ee\/wp-admin\/admin-ajax.php\"\n\t\t\t\t\t  data-ajax-spinner=\"https:\/\/nordicministorages.ee\/wp-admin\/images\/spinner.gif\"\n\t\t\t\t\t  data-ajax-sending-msg=\"Sending...\"\n\t\t\t\t\t  data-spam-protection-msg=\"Please verify that you are not a robot.\"\n\t\t\t\t>\n\t\t\t\t\t\t\t\t\t\t\t<label for=\"user_login\">K\u00e4ytt\u00e4j\u00e4nimi tai s\u00e4hk\u00f6postiosoite<\/label>\n\t\t\t\t\t\t\t\t\t\t<input type=\"text\" name=\"log\" id=\"user_login\" class=\"input\" value=\"\" size=\"20\" autocapitalize=\"off\" autocomplete=\"username\" required \/>\n\t\t\t\t\t\t\t\t\t\t\t\t\t\t\t\t<input type=\"hidden\" name=\"redirect_to\" value=\"https:\/\/nordicministorages.ee\/fi\/wp-json\/wp\/v2\/pages\/4893\" \/>\n\t\t\t\t\t\t\t\t\t\t<input type=\"hidden\" name=\"testcookie\" value=\"1\" \/>\n\n\t\t\t\t\t\n\t\t\t\t\t<input type=\"submit\" name=\"wp-submit\" id=\"wp-submit\" class=\"magic-login-submit button button-primary button-large \" value=\"L\u00e4het\u00e4 linkki\" \/>\n\t\t\t\t<\/form>\n\t\t\t\t\t<\/div>\n\t\t<\/div>\n\t\t\t\t\t\t<\/div>\n\t\t\t\t<\/div>\n\t\t\t\t\t<\/div>\n\t\t<\/div>\n\t\t\t\t<div class=\"elementor-column elementor-col-50 elementor-top-column elementor-element elementor-element-242d037\" data-id=\"242d037\" data-element_type=\"column\" data-e-type=\"column\">\n\t\t\t<div class=\"elementor-widget-wrap\">\n\t\t\t\t\t\t\t<\/div>\n\t\t<\/div>\n\t\t\t\t\t<\/div>\n\t\t<\/section>\n\t\t\t\t<\/div>\n\t\t","protected":false},"excerpt":{"rendered":"","protected":false},"author":1,"featured_media":0,"parent":0,"menu_order":0,"comment_status":"closed","ping_status":"closed","template":"","meta":{"_acf_changed":false,"footnotes":""},"class_list":["post-4893","page","type-page","status-publish","hentry"],"acf":[],"aioseo_notices":[],"_links":{"self":[{"href":"https:\/\/nordicministorages.ee\/fi\/wp-json\/wp\/v2\/pages\/4893","targetHints":{"allow":["GET"]}}],"collection":[{"href":"https:\/\/nordicministorages.ee\/fi\/wp-json\/wp\/v2\/pages"}],"about":[{"href":"https:\/\/nordicministorages.ee\/fi\/wp-json\/wp\/v2\/types\/page"}],"author":[{"embeddable":true,"href":"https:\/\/nordicministorages.ee\/fi\/wp-json\/wp\/v2\/users\/1"}],"replies":[{"embeddable":true,"href":"https:\/\/nordicministorages.ee\/fi\/wp-json\/wp\/v2\/comments?post=4893"}],"version-history":[{"count":2,"href":"https:\/\/nordicministorages.ee\/fi\/wp-json\/wp\/v2\/pages\/4893\/revisions"}],"predecessor-version":[{"id":4896,"href":"https:\/\/nordicministorages.ee\/fi\/wp-json\/wp\/v2\/pages\/4893\/revisions\/4896"}],"wp:attachment":[{"href":"https:\/\/nordicministorages.ee\/fi\/wp-json\/wp\/v2\/media?parent=4893"}],"curies":[{"name":"wp","href":"https:\/\/api.w.org\/{rel}","templated":true}]}}