{"id":4899,"date":"2023-07-06T10:58:49","date_gmt":"2023-07-06T07:58:49","guid":{"rendered":"https:\/\/nordicministorages.ee\/kiitos\/"},"modified":"2026-02-23T12:37:57","modified_gmt":"2026-02-23T10:37:57","slug":"kiitos","status":"publish","type":"page","link":"https:\/\/nordicministorages.ee\/fi\/kiitos\/","title":{"rendered":"Thank you (J\u00fcri)"},"content":{"rendered":"\t\t<div data-elementor-type=\"wp-page\" data-elementor-id=\"4899\" class=\"elementor elementor-4899 elementor-1139\" data-elementor-post-type=\"page\">\n\t\t\t\t\t\t<section class=\"elementor-section elementor-top-section elementor-element elementor-element-8c94190 elementor-section-boxed elementor-section-height-default elementor-section-height-default\" data-id=\"8c94190\" data-element_type=\"section\" data-e-type=\"section\">\n\t\t\t\t\t\t<div class=\"elementor-container elementor-column-gap-default\">\n\t\t\t\t\t<div class=\"elementor-column elementor-col-50 elementor-top-column elementor-element elementor-element-e58362c\" data-id=\"e58362c\" data-element_type=\"column\" data-e-type=\"column\">\n\t\t\t<div class=\"elementor-widget-wrap elementor-element-populated\">\n\t\t\t\t\t\t<div class=\"elementor-element elementor-element-a3d3eec elementor-widget elementor-widget-heading\" data-id=\"a3d3eec\" data-element_type=\"widget\" data-e-type=\"widget\" data-widget_type=\"heading.default\">\n\t\t\t\t<div class=\"elementor-widget-container\">\n\t\t\t\t\t<h2 class=\"elementor-heading-title elementor-size-default\">Kiitos, ett\u00e4 olet vuokrannut varastoyksik\u00f6n<\/h2>\t\t\t\t<\/div>\n\t\t\t\t<\/div>\n\t\t\t\t<div class=\"elementor-element elementor-element-0614d4a elementor-widget elementor-widget-text-editor\" data-id=\"0614d4a\" data-element_type=\"widget\" data-e-type=\"widget\" data-widget_type=\"text-editor.default\">\n\t\t\t\t<div class=\"elementor-widget-container\">\n\t\t\t\t\t\t\t\t\t<p><strong>!! Noudata seuraavaksi n\u00e4it\u00e4 kolmea vaihetta, jotta saat vuokrasopimuksen valmiiksi ja p\u00e4\u00e4set yksikk\u00f6\u00f6si. !!<\/strong><\/p>\t\t\t\t\t\t\t\t<\/div>\n\t\t\t\t<\/div>\n\t\t\t\t<div class=\"elementor-element elementor-element-5fbf800 elementor-icon-list--layout-traditional elementor-list-item-link-full_width elementor-widget elementor-widget-icon-list\" data-id=\"5fbf800\" data-element_type=\"widget\" data-e-type=\"widget\" data-widget_type=\"icon-list.default\">\n\t\t\t\t<div class=\"elementor-widget-container\">\n\t\t\t\t\t\t\t<ul class=\"elementor-icon-list-items\">\n\t\t\t\t\t\t\t<li class=\"elementor-icon-list-item\">\n\t\t\t\t\t\t\t\t\t\t\t<span class=\"elementor-icon-list-icon\">\n\t\t\t\t\t\t\t<i aria-hidden=\"true\" class=\"fas fa-check\"><\/i>\t\t\t\t\t\t<\/span>\n\t\t\t\t\t\t\t\t\t\t<span class=\"elementor-icon-list-text\">Allekirjoita vuokrasopimus tekstiviestiss\u00e4 tai s\u00e4hk\u00f6postissa olevan linkin kautta.<\/span>\n\t\t\t\t\t\t\t\t\t<\/li>\n\t\t\t\t\t\t<\/ul>\n\t\t\t\t\t\t<\/div>\n\t\t\t\t<\/div>\n\t\t\t\t<div class=\"elementor-element elementor-element-33a779b elementor-widget elementor-widget-text-editor\" data-id=\"33a779b\" data-element_type=\"widget\" data-e-type=\"widget\" data-widget_type=\"text-editor.default\">\n\t\t\t\t<div class=\"elementor-widget-container\">\n\t\t\t\t\t\t\t\t\t<p>Saat pian tekstiviestin ja s\u00e4hk\u00f6postin, jossa on linkki vuokrasopimuksen allekirjoittamiseen.<\/p><p>Voit allekirjoittaa sopimuksen kansallisella henkil\u00f6kortilla, matkapuhelin- tai Smart-ID-tunnuksella.<\/p>\t\t\t\t\t\t\t\t<\/div>\n\t\t\t\t<\/div>\n\t\t\t\t<div class=\"elementor-element elementor-element-cf49fe8 elementor-icon-list--layout-traditional elementor-list-item-link-full_width elementor-widget elementor-widget-icon-list\" data-id=\"cf49fe8\" data-element_type=\"widget\" data-e-type=\"widget\" id=\"app\" data-widget_type=\"icon-list.default\">\n\t\t\t\t<div class=\"elementor-widget-container\">\n\t\t\t\t\t\t\t<ul class=\"elementor-icon-list-items\">\n\t\t\t\t\t\t\t<li class=\"elementor-icon-list-item\">\n\t\t\t\t\t\t\t\t\t\t\t<span class=\"elementor-icon-list-icon\">\n\t\t\t\t\t\t\t<i aria-hidden=\"true\" class=\"fas fa-check\"><\/i>\t\t\t\t\t\t<\/span>\n\t\t\t\t\t\t\t\t\t\t<span class=\"elementor-icon-list-text\">Lataa Noke-sovellus (avainsovellus) puhelimeesi.<\/span>\n\t\t\t\t\t\t\t\t\t<\/li>\n\t\t\t\t\t\t<\/ul>\n\t\t\t\t\t\t<\/div>\n\t\t\t\t<\/div>\n\t\t\t\t<div class=\"elementor-element elementor-element-5dc1c72 elementor-widget elementor-widget-text-editor\" data-id=\"5dc1c72\" data-element_type=\"widget\" data-e-type=\"widget\" data-widget_type=\"text-editor.default\">\n\t\t\t\t<div class=\"elementor-widget-container\">\n\t\t\t\t\t\t\t\t\t<p>Suosittelemme, ett\u00e4 lataat sovelluksen, jota tarvitset varastorakennuksen ovien ja yksikk\u00f6si oven avaamiseen t\u00e4ss\u00e4 vaiheessa.<\/p>\t\t\t\t\t\t\t\t<\/div>\n\t\t\t\t<\/div>\n\t\t\t\t<section class=\"elementor-section elementor-inner-section elementor-element elementor-element-c7eec20 elementor-section-boxed elementor-section-height-default elementor-section-height-default\" data-id=\"c7eec20\" data-element_type=\"section\" data-e-type=\"section\">\n\t\t\t\t\t\t<div class=\"elementor-container elementor-column-gap-default\">\n\t\t\t\t\t<div class=\"elementor-column elementor-col-50 elementor-inner-column elementor-element elementor-element-6b05d2a\" data-id=\"6b05d2a\" data-element_type=\"column\" data-e-type=\"column\">\n\t\t\t<div class=\"elementor-widget-wrap elementor-element-populated\">\n\t\t\t\t\t\t<div class=\"elementor-element elementor-element-75cb26e elementor-widget__width-auto elementor-widget elementor-widget-image\" data-id=\"75cb26e\" data-element_type=\"widget\" data-e-type=\"widget\" data-widget_type=\"image.default\">\n\t\t\t\t<div class=\"elementor-widget-container\">\n\t\t\t\t\t\t\t\t\t\t\t\t\t\t\t\t<a href=\"https:\/\/itunes.apple.com\/ee\/app\/storage-smart-entry-by-nok%C4%93\/id1241055944?ls=1&#038;mt=8#\">\n\t\t\t\t\t\t\t<img decoding=\"async\" src=\"https:\/\/nordicministorages.ee\/wp-content\/uploads\/elementor\/thumbs\/appstore_dark-q7i9kevbckfcz327aq8p32t646k9m4oz4fssf2swye.png\" title=\"appstore_dark.png\" alt=\"appstore_dark.png\" loading=\"lazy\" \/>\t\t\t\t\t\t\t\t<\/a>\n\t\t\t\t\t\t\t\t\t\t\t\t\t\t\t<\/div>\n\t\t\t\t<\/div>\n\t\t\t\t\t<\/div>\n\t\t<\/div>\n\t\t\t\t<div class=\"elementor-column elementor-col-50 elementor-inner-column elementor-element elementor-element-149b703\" data-id=\"149b703\" data-element_type=\"column\" data-e-type=\"column\">\n\t\t\t<div class=\"elementor-widget-wrap elementor-element-populated\">\n\t\t\t\t\t\t<div class=\"elementor-element elementor-element-7b6a401 elementor-widget__width-auto elementor-widget elementor-widget-image\" data-id=\"7b6a401\" data-element_type=\"widget\" data-e-type=\"widget\" data-widget_type=\"image.default\">\n\t\t\t\t<div class=\"elementor-widget-container\">\n\t\t\t\t\t\t\t\t\t\t\t\t\t\t\t\t<a href=\"https:\/\/play.google.com\/store\/apps\/details?id=com.noke.nokeaccess\">\n\t\t\t\t\t\t\t<img decoding=\"async\" src=\"https:\/\/nordicministorages.ee\/wp-content\/uploads\/elementor\/thumbs\/googlestore_dark-q7i9jmo5qlv9ohctoe075pc4jgtrx0rqufyqid8oly.png\" title=\"googlestore_dark.png\" alt=\"googlestore_dark.png\" loading=\"lazy\" \/>\t\t\t\t\t\t\t\t<\/a>\n\t\t\t\t\t\t\t\t\t\t\t\t\t\t\t<\/div>\n\t\t\t\t<\/div>\n\t\t\t\t\t<\/div>\n\t\t<\/div>\n\t\t\t\t\t<\/div>\n\t\t<\/section>\n\t\t\t\t<div class=\"elementor-element elementor-element-4410cf2 elementor-icon-list--layout-traditional elementor-list-item-link-full_width elementor-widget elementor-widget-icon-list\" data-id=\"4410cf2\" data-element_type=\"widget\" data-e-type=\"widget\" data-widget_type=\"icon-list.default\">\n\t\t\t\t<div class=\"elementor-widget-container\">\n\t\t\t\t\t\t\t<ul class=\"elementor-icon-list-items\">\n\t\t\t\t\t\t\t<li class=\"elementor-icon-list-item\">\n\t\t\t\t\t\t\t\t\t\t\t<span class=\"elementor-icon-list-icon\">\n\t\t\t\t\t\t\t<i aria-hidden=\"true\" class=\"fas fa-check\"><\/i>\t\t\t\t\t\t<\/span>\n\t\t\t\t\t\t\t\t\t\t<span class=\"elementor-icon-list-text\">Saat p\u00e4\u00e4sykoodin tekstiviestill\u00e4, jolla p\u00e4\u00e4set varastorakennukseen ja yksikk\u00f6\u00f6si.<\/span>\n\t\t\t\t\t\t\t\t\t<\/li>\n\t\t\t\t\t\t<\/ul>\n\t\t\t\t\t\t<\/div>\n\t\t\t\t<\/div>\n\t\t\t\t<div class=\"elementor-element elementor-element-7a0819d elementor-widget elementor-widget-text-editor\" data-id=\"7a0819d\" data-element_type=\"widget\" data-e-type=\"widget\" data-widget_type=\"text-editor.default\">\n\t\t\t\t<div class=\"elementor-widget-container\">\n\t\t\t\t\t\t\t\t\t<p>Saat p\u00e4\u00e4sykoodin, jonka laitat Noke-sovellukseen vuokrasopimuksesi alkamisp\u00e4iv\u00e4n\u00e4.<\/p><p>Jos p\u00e4\u00e4tit aloittaa sopimuksen t\u00e4n\u00e4\u00e4n, saat tekstiviestin pian.<\/p><p>Muussa tapauksessa tekstiviesti l\u00e4hetet\u00e4\u00e4n sinulle sin\u00e4 p\u00e4iv\u00e4n\u00e4, kun vuokrasopimuksesi alkaa.<\/p>\t\t\t\t\t\t\t\t<\/div>\n\t\t\t\t<\/div>\n\t\t\t\t\t<\/div>\n\t\t<\/div>\n\t\t\t\t<div class=\"elementor-column elementor-col-50 elementor-top-column elementor-element elementor-element-e9a6182\" data-id=\"e9a6182\" data-element_type=\"column\" data-e-type=\"column\">\n\t\t\t<div class=\"elementor-widget-wrap elementor-element-populated\">\n\t\t\t\t\t\t<div class=\"elementor-element elementor-element-7b2d397 elementor-widget elementor-widget-image\" data-id=\"7b2d397\" data-element_type=\"widget\" data-e-type=\"widget\" data-widget_type=\"image.default\">\n\t\t\t\t<div class=\"elementor-widget-container\">\n\t\t\t\t\t\t\t\t\t\t\t\t\t\t\t<img fetchpriority=\"high\" decoding=\"async\" width=\"800\" height=\"544\" src=\"https:\/\/nordicministorages.ee\/wp-content\/uploads\/2025\/03\/J-G-P2-1024x696.jpg\" class=\"attachment-large size-large wp-image-4788\" alt=\"\" srcset=\"https:\/\/nordicministorages.ee\/wp-content\/uploads\/2025\/03\/J-G-P2-1024x696.jpg 1024w, https:\/\/nordicministorages.ee\/wp-content\/uploads\/2025\/03\/J-G-P2-300x204.jpg 300w, https:\/\/nordicministorages.ee\/wp-content\/uploads\/2025\/03\/J-G-P2-768x522.jpg 768w, https:\/\/nordicministorages.ee\/wp-content\/uploads\/2025\/03\/J-G-P2-600x408.jpg 600w, https:\/\/nordicministorages.ee\/wp-content\/uploads\/2025\/03\/J-G-P2.jpg 1500w\" sizes=\"(max-width: 800px) 100vw, 800px\" \/>\t\t\t\t\t\t\t\t\t\t\t\t\t\t\t<\/div>\n\t\t\t\t<\/div>\n\t\t\t\t\t<\/div>\n\t\t<\/div>\n\t\t\t\t\t<\/div>\n\t\t<\/section>\n\t\t\t\t<section class=\"elementor-section elementor-top-section elementor-element elementor-element-44a73da elementor-section-boxed elementor-section-height-default elementor-section-height-default\" data-id=\"44a73da\" data-element_type=\"section\" data-e-type=\"section\" data-settings=\"{&quot;background_background&quot;:&quot;classic&quot;}\">\n\t\t\t\t\t\t\t<div class=\"elementor-background-overlay\"><\/div>\n\t\t\t\t\t\t\t<div class=\"elementor-container elementor-column-gap-default\">\n\t\t\t\t\t<div class=\"elementor-column elementor-col-50 elementor-top-column elementor-element elementor-element-8f51274\" data-id=\"8f51274\" data-element_type=\"column\" data-e-type=\"column\">\n\t\t\t<div class=\"elementor-widget-wrap elementor-element-populated\">\n\t\t\t\t\t\t<div class=\"elementor-element elementor-element-827fd9c elementor-widget elementor-widget-heading\" data-id=\"827fd9c\" data-element_type=\"widget\" data-e-type=\"widget\" data-widget_type=\"heading.default\">\n\t\t\t\t<div class=\"elementor-widget-container\">\n\t\t\t\t\t<h3 class=\"elementor-heading-title elementor-size-default\">Lataa avainsovellus (App)<\/h3>\t\t\t\t<\/div>\n\t\t\t\t<\/div>\n\t\t\t\t<div class=\"elementor-element elementor-element-2bf9ac4 elementor-widget elementor-widget-text-editor\" data-id=\"2bf9ac4\" data-element_type=\"widget\" data-e-type=\"widget\" data-widget_type=\"text-editor.default\">\n\t\t\t\t<div class=\"elementor-widget-container\">\n\t\t\t\t\t\t\t\t\t<p>Storage Smart Entry by Nok\u0113 -sovelluksen avulla p\u00e4\u00e4set saumattomasti varastorakennukseen ja varastoyksikk\u00f6\u00f6si \u00e4lypuhelimellasi.<\/p><p>Sinun ei tarvitse huolehtia avaimen katoamisesta.  <\/p><p>Voit jakaa p\u00e4\u00e4syn yksikk\u00f6\u00f6si sovelluksen kautta helposti, jotta my\u00f6s perheenj\u00e4senet, ty\u00f6toverit ja muut voivat k\u00e4ytt\u00e4\u00e4 varastoyksikk\u00f6\u00e4.<\/p><p>Sovellusta k\u00e4ytet\u00e4\u00e4n my\u00f6s rakennuksen ovien avaamiseen, joten rakennukseen p\u00e4\u00e4see k\u00e4tev\u00e4sti sis\u00e4\u00e4n 24 tuntia vuorokaudessa.<\/p>\t\t\t\t\t\t\t\t<\/div>\n\t\t\t\t<\/div>\n\t\t\t\t<section class=\"elementor-section elementor-inner-section elementor-element elementor-element-df4008e elementor-section-boxed elementor-section-height-default elementor-section-height-default\" data-id=\"df4008e\" data-element_type=\"section\" data-e-type=\"section\">\n\t\t\t\t\t\t<div class=\"elementor-container elementor-column-gap-default\">\n\t\t\t\t\t<div class=\"elementor-column elementor-col-50 elementor-inner-column elementor-element elementor-element-93ebd0c\" data-id=\"93ebd0c\" data-element_type=\"column\" data-e-type=\"column\">\n\t\t\t<div class=\"elementor-widget-wrap elementor-element-populated\">\n\t\t\t\t\t\t<div class=\"elementor-element elementor-element-fc54776 elementor-widget__width-auto elementor-widget elementor-widget-image\" data-id=\"fc54776\" data-element_type=\"widget\" data-e-type=\"widget\" data-widget_type=\"image.default\">\n\t\t\t\t<div class=\"elementor-widget-container\">\n\t\t\t\t\t\t\t\t\t\t\t\t\t\t\t\t<a href=\"https:\/\/itunes.apple.com\/ee\/app\/storage-smart-entry-by-nok%C4%93\/id1241055944?ls=1&#038;mt=8#\">\n\t\t\t\t\t\t\t<img decoding=\"async\" src=\"https:\/\/nordicministorages.ee\/wp-content\/uploads\/elementor\/thumbs\/appstore_dark-q7i9kevbckfcz327aq8p32t646k9m4oz4fssf2swye.png\" title=\"appstore_dark.png\" alt=\"appstore_dark.png\" loading=\"lazy\" \/>\t\t\t\t\t\t\t\t<\/a>\n\t\t\t\t\t\t\t\t\t\t\t\t\t\t\t<\/div>\n\t\t\t\t<\/div>\n\t\t\t\t\t<\/div>\n\t\t<\/div>\n\t\t\t\t<div class=\"elementor-column elementor-col-50 elementor-inner-column elementor-element elementor-element-55904a7\" data-id=\"55904a7\" data-element_type=\"column\" data-e-type=\"column\">\n\t\t\t<div class=\"elementor-widget-wrap elementor-element-populated\">\n\t\t\t\t\t\t<div class=\"elementor-element elementor-element-25f48b1 elementor-widget__width-auto elementor-widget elementor-widget-image\" data-id=\"25f48b1\" data-element_type=\"widget\" data-e-type=\"widget\" data-widget_type=\"image.default\">\n\t\t\t\t<div class=\"elementor-widget-container\">\n\t\t\t\t\t\t\t\t\t\t\t\t\t\t\t\t<a href=\"https:\/\/play.google.com\/store\/apps\/details?id=com.noke.nokeaccess\">\n\t\t\t\t\t\t\t<img decoding=\"async\" src=\"https:\/\/nordicministorages.ee\/wp-content\/uploads\/elementor\/thumbs\/googlestore_dark-q7i9jmo5qlv9ohctoe075pc4jgtrx0rqufyqid8oly.png\" title=\"googlestore_dark.png\" alt=\"googlestore_dark.png\" loading=\"lazy\" \/>\t\t\t\t\t\t\t\t<\/a>\n\t\t\t\t\t\t\t\t\t\t\t\t\t\t\t<\/div>\n\t\t\t\t<\/div>\n\t\t\t\t\t<\/div>\n\t\t<\/div>\n\t\t\t\t\t<\/div>\n\t\t<\/section>\n\t\t\t\t\t<\/div>\n\t\t<\/div>\n\t\t\t\t<div class=\"elementor-column elementor-col-50 elementor-top-column elementor-element elementor-element-c2835df\" data-id=\"c2835df\" data-element_type=\"column\" data-e-type=\"column\">\n\t\t\t<div class=\"elementor-widget-wrap elementor-element-populated\">\n\t\t\t\t\t\t<div class=\"elementor-element elementor-element-eba556d elementor-widget elementor-widget-image\" data-id=\"eba556d\" data-element_type=\"widget\" data-e-type=\"widget\" data-widget_type=\"image.default\">\n\t\t\t\t<div class=\"elementor-widget-container\">\n\t\t\t\t\t\t\t\t\t\t\t\t\t\t\t<img decoding=\"async\" width=\"324\" height=\"633\" src=\"https:\/\/nordicministorages.ee\/wp-content\/uploads\/2023\/08\/NMS-2023-08-A-01.png\" class=\"attachment-large size-large wp-image-1842\" alt=\"\" srcset=\"https:\/\/nordicministorages.ee\/wp-content\/uploads\/2023\/08\/NMS-2023-08-A-01.png 324w, https:\/\/nordicministorages.ee\/wp-content\/uploads\/2023\/08\/NMS-2023-08-A-01-154x300.png 154w, https:\/\/nordicministorages.ee\/wp-content\/uploads\/2023\/08\/NMS-2023-08-A-01-60x117.png 60w, https:\/\/nordicministorages.ee\/wp-content\/uploads\/2023\/08\/NMS-2023-08-A-01-110x215.png 110w\" sizes=\"(max-width: 324px) 100vw, 324px\" \/>\t\t\t\t\t\t\t\t\t\t\t\t\t\t\t<\/div>\n\t\t\t\t<\/div>\n\t\t\t\t\t<\/div>\n\t\t<\/div>\n\t\t\t\t\t<\/div>\n\t\t<\/section>\n\t\t\t\t<\/div>\n\t\t","protected":false},"excerpt":{"rendered":"<p>Kiitos, ett\u00e4 olet vuokrannut varastoyksik\u00f6n !! Noudata seuraavaksi n\u00e4it\u00e4 kolmea vaihetta, jotta saat vuokrasopimuksen valmiiksi ja p\u00e4\u00e4set yksikk\u00f6\u00f6si. !! Allekirjoita vuokrasopimus tekstiviestiss\u00e4 tai s\u00e4hk\u00f6postissa olevan linkin kautta. Saat pian tekstiviestin ja s\u00e4hk\u00f6postin, jossa on linkki vuokrasopimuksen allekirjoittamiseen. Voit allekirjoittaa sopimuksen kansallisella henkil\u00f6kortilla, matkapuhelin- tai Smart-ID-tunnuksella. Lataa Noke-sovellus (avainsovellus) puhelimeesi. Suosittelemme, ett\u00e4 lataat sovelluksen, jota tarvitset [&hellip;]<\/p>\n","protected":false},"author":1,"featured_media":0,"parent":0,"menu_order":0,"comment_status":"closed","ping_status":"closed","template":"","meta":{"_acf_changed":false,"footnotes":""},"class_list":["post-4899","page","type-page","status-publish","hentry"],"acf":[],"aioseo_notices":[],"_links":{"self":[{"href":"https:\/\/nordicministorages.ee\/fi\/wp-json\/wp\/v2\/pages\/4899","targetHints":{"allow":["GET"]}}],"collection":[{"href":"https:\/\/nordicministorages.ee\/fi\/wp-json\/wp\/v2\/pages"}],"about":[{"href":"https:\/\/nordicministorages.ee\/fi\/wp-json\/wp\/v2\/types\/page"}],"author":[{"embeddable":true,"href":"https:\/\/nordicministorages.ee\/fi\/wp-json\/wp\/v2\/users\/1"}],"replies":[{"embeddable":true,"href":"https:\/\/nordicministorages.ee\/fi\/wp-json\/wp\/v2\/comments?post=4899"}],"version-history":[{"count":6,"href":"https:\/\/nordicministorages.ee\/fi\/wp-json\/wp\/v2\/pages\/4899\/revisions"}],"predecessor-version":[{"id":7259,"href":"https:\/\/nordicministorages.ee\/fi\/wp-json\/wp\/v2\/pages\/4899\/revisions\/7259"}],"wp:attachment":[{"href":"https:\/\/nordicministorages.ee\/fi\/wp-json\/wp\/v2\/media?parent=4899"}],"curies":[{"name":"wp","href":"https:\/\/api.w.org\/{rel}","templated":true}]}}