{"id":4903,"date":"2023-07-12T14:43:01","date_gmt":"2023-07-12T11:43:01","guid":{"rendered":"https:\/\/nordicministorages.ee\/tietoa-meista\/"},"modified":"2026-02-04T15:03:46","modified_gmt":"2026-02-04T13:03:46","slug":"tietoa-meista","status":"publish","type":"page","link":"https:\/\/nordicministorages.ee\/fi\/tietoa-meista\/","title":{"rendered":"Tietoa meist\u00e4"},"content":{"rendered":"<style>\/*! elementor - v3.15.0 - 20-08-2023 *\/\n.elementor-heading-title{padding:0;margin:0;line-height:1}.elementor-widget-heading .elementor-heading-title[class*=elementor-size-]>a{color:inherit;font-size:inherit;line-height:inherit}.elementor-widget-heading .elementor-heading-title.elementor-size-small{font-size:15px}.elementor-widget-heading .elementor-heading-title.elementor-size-medium{font-size:19px}.elementor-widget-heading .elementor-heading-title.elementor-size-large{font-size:29px}.elementor-widget-heading .elementor-heading-title.elementor-size-xl{font-size:39px}.elementor-widget-heading .elementor-heading-title.elementor-size-xxl{font-size:59px}<\/style>\n<h2>Tietoa meist\u00e4<\/h2>\n<p><strong>Nordic Mini Storages rakentaa varastointiratkaisuja ihmisille ja yrityksille, ja se on oikea osoite turvallisille ja helposti saatavilla oleville varastointiratkaisuille.  <\/strong><\/p>\n<p>Olemme ylpeit\u00e4 siit\u00e4, ett\u00e4 tarjoamme erilaisia varastoyksik\u00f6it\u00e4 pienist\u00e4 2 m\u00b2:n tiloista aina laajempiin 10 m\u00b2:n tiloihin, jotka t\u00e4ytt\u00e4v\u00e4t erilaiset varastointitarpeet.<\/p>\n<p>Sitoutumisemme helppok\u00e4ytt\u00f6isyyteen n\u00e4kyy virtaviivaistetussa vuokrausprosessissamme, joka takaa, ett\u00e4 asiakkaamme p\u00e4\u00e4sev\u00e4t k\u00e4ytt\u00e4m\u00e4\u00e4n vuokraamiaan tiloja samana p\u00e4iv\u00e4n\u00e4, jona he varaavat ne.<\/p>\n<style>\/*! elementor - v3.15.0 - 20-08-2023 *\/\n.elementor-widget-image{text-align:center}.elementor-widget-image a{display:inline-block}.elementor-widget-image a img[src$=\".svg\"]{width:48px}.elementor-widget-image img{vertical-align:middle;display:inline-block}<\/style>\n<p>\t\t\t\t\t\t\t\t\t\t\t\t<img loading=\"lazy\" decoding=\"async\" width=\"800\" height=\"1000\" src=\"https:\/\/nordicministorages.ee\/wp-content\/uploads\/2023\/06\/NordicMiniStorage-33-1-819x1024.jpg\" alt=\"\" loading=\"lazy\" srcset=\"https:\/\/nordicministorages.ee\/wp-content\/uploads\/2023\/06\/NordicMiniStorage-33-1-819x1024.jpg 819w, https:\/\/nordicministorages.ee\/wp-content\/uploads\/2023\/06\/NordicMiniStorage-33-1-240x300.jpg 240w, https:\/\/nordicministorages.ee\/wp-content\/uploads\/2023\/06\/NordicMiniStorage-33-1-768x960.jpg 768w, https:\/\/nordicministorages.ee\/wp-content\/uploads\/2023\/06\/NordicMiniStorage-33-1-1229x1536.jpg 1229w, https:\/\/nordicministorages.ee\/wp-content\/uploads\/2023\/06\/NordicMiniStorage-33-1-60x75.jpg 60w, https:\/\/nordicministorages.ee\/wp-content\/uploads\/2023\/06\/NordicMiniStorage-33-1-110x138.jpg 110w, https:\/\/nordicministorages.ee\/wp-content\/uploads\/2023\/06\/NordicMiniStorage-33-1-600x750.jpg 600w, https:\/\/nordicministorages.ee\/wp-content\/uploads\/2023\/06\/NordicMiniStorage-33-1.jpg 1536w\" sizes=\"auto, (max-width: 800px) 100vw, 800px\"><br \/>\n\t\t\t\t\t\t\t\t\t\t\t\t\t\t\t<img loading=\"lazy\" decoding=\"async\" width=\"800\" height=\"1000\" src=\"https:\/\/nordicministorages.ee\/wp-content\/uploads\/2023\/06\/NordicMiniStorage-35-819x1024.jpg\" alt=\"\" loading=\"lazy\" srcset=\"https:\/\/nordicministorages.ee\/wp-content\/uploads\/2023\/06\/NordicMiniStorage-35-819x1024.jpg 819w, https:\/\/nordicministorages.ee\/wp-content\/uploads\/2023\/06\/NordicMiniStorage-35-240x300.jpg 240w, https:\/\/nordicministorages.ee\/wp-content\/uploads\/2023\/06\/NordicMiniStorage-35-768x960.jpg 768w, https:\/\/nordicministorages.ee\/wp-content\/uploads\/2023\/06\/NordicMiniStorage-35-1229x1536.jpg 1229w, https:\/\/nordicministorages.ee\/wp-content\/uploads\/2023\/06\/NordicMiniStorage-35-60x75.jpg 60w, https:\/\/nordicministorages.ee\/wp-content\/uploads\/2023\/06\/NordicMiniStorage-35-110x138.jpg 110w, https:\/\/nordicministorages.ee\/wp-content\/uploads\/2023\/06\/NordicMiniStorage-35-600x750.jpg 600w, https:\/\/nordicministorages.ee\/wp-content\/uploads\/2023\/06\/NordicMiniStorage-35.jpg 1536w\" sizes=\"auto, (max-width: 800px) 100vw, 800px\">\t\t\t\t\t\t\t\t\t\t\t\t\t\t\t<\/p>\n<p><strong>Nykyaikainen l\u00e4hestymistapamme varastointiin on muutakin kuin vain tilan tarjoaminen.<\/strong><\/p>\n<p>Koska el\u00e4mme digitaalisella aikakaudella, olemme integroineet teknologian palveluihimme.<\/p>\n<p>Asiakkaat voivat vuokrata varastoja vaivattomasti verkossa, ja innovatiivisen &#8221;Storage Smart Entry by Nok\u0113&#8221; -sovelluksen avulla \u00e4lypuhelimesi muuttuu avaimeksi, jonka avulla p\u00e4\u00e4set saumattomasti sek\u00e4 varastorakennukseen ett\u00e4 omaan yksikk\u00f6\u00f6si.<\/p>\n<p>\t\t\t\t\t\t\t\t\t\t\t\t\t\t\t<img loading=\"lazy\" decoding=\"async\" width=\"800\" height=\"1000\" src=\"https:\/\/nordicministorages.ee\/wp-content\/uploads\/2023\/06\/NordicMiniStorage-34-819x1024.jpg\" alt=\"\" loading=\"lazy\" srcset=\"https:\/\/nordicministorages.ee\/wp-content\/uploads\/2023\/06\/NordicMiniStorage-34-819x1024.jpg 819w, https:\/\/nordicministorages.ee\/wp-content\/uploads\/2023\/06\/NordicMiniStorage-34-240x300.jpg 240w, https:\/\/nordicministorages.ee\/wp-content\/uploads\/2023\/06\/NordicMiniStorage-34-768x960.jpg 768w, https:\/\/nordicministorages.ee\/wp-content\/uploads\/2023\/06\/NordicMiniStorage-34-1229x1536.jpg 1229w, https:\/\/nordicministorages.ee\/wp-content\/uploads\/2023\/06\/NordicMiniStorage-34-60x75.jpg 60w, https:\/\/nordicministorages.ee\/wp-content\/uploads\/2023\/06\/NordicMiniStorage-34-110x138.jpg 110w, https:\/\/nordicministorages.ee\/wp-content\/uploads\/2023\/06\/NordicMiniStorage-34-600x750.jpg 600w, https:\/\/nordicministorages.ee\/wp-content\/uploads\/2023\/06\/NordicMiniStorage-34.jpg 1536w\" sizes=\"auto, (max-width: 800px) 100vw, 800px\"><br \/>\n\t\t\t\t\t\t\t\t\t\t\t\t\t\t\t<img loading=\"lazy\" decoding=\"async\" width=\"800\" height=\"1000\" src=\"https:\/\/nordicministorages.ee\/wp-content\/uploads\/2023\/06\/NordicMiniStorage-32-1-819x1024.jpg\" alt=\"\" loading=\"lazy\" srcset=\"https:\/\/nordicministorages.ee\/wp-content\/uploads\/2023\/06\/NordicMiniStorage-32-1-819x1024.jpg 819w, https:\/\/nordicministorages.ee\/wp-content\/uploads\/2023\/06\/NordicMiniStorage-32-1-240x300.jpg 240w, https:\/\/nordicministorages.ee\/wp-content\/uploads\/2023\/06\/NordicMiniStorage-32-1-768x960.jpg 768w, https:\/\/nordicministorages.ee\/wp-content\/uploads\/2023\/06\/NordicMiniStorage-32-1-1229x1536.jpg 1229w, https:\/\/nordicministorages.ee\/wp-content\/uploads\/2023\/06\/NordicMiniStorage-32-1-60x75.jpg 60w, https:\/\/nordicministorages.ee\/wp-content\/uploads\/2023\/06\/NordicMiniStorage-32-1-110x138.jpg 110w, https:\/\/nordicministorages.ee\/wp-content\/uploads\/2023\/06\/NordicMiniStorage-32-1-600x750.jpg 600w, https:\/\/nordicministorages.ee\/wp-content\/uploads\/2023\/06\/NordicMiniStorage-32-1.jpg 1536w\" sizes=\"auto, (max-width: 800px) 100vw, 800px\">\t\t\t\t\t\t\t\t\t\t\t\t\t\t\t<\/p>\n<p><strong>T\u00e4m\u00e4 tekniikan yhdistelm\u00e4 takaa, ett\u00e4 asiakkaamme p\u00e4\u00e4sev\u00e4t tavaroihinsa k\u00e4siksi 24\/7, mik\u00e4 lis\u00e4\u00e4 varastointikokemuksen mukavuutta.<\/strong><\/p>\n<p>Turvallisuus on Nordic Mini Storagesissa etusijalla. Laitoksemme on varustettu uusimmilla turvatoimilla, kuten ymp\u00e4rivuorokautisilla valvontakameroilla ja vankalla turvaj\u00e4rjestelm\u00e4ll\u00e4. <\/p>\n<p>Lis\u00e4ksi jokainen varastoyksikk\u00f6 on l\u00e4mp\u00f6tilavalvottu, mik\u00e4 takaa, ett\u00e4 henkil\u00f6kohtaiset tai liiketoimintaan liittyv\u00e4t tavarasi pysyv\u00e4t koskemattomassa kunnossa ulkoilmasta riippumatta. Ja niille, jotka ajavat autolla, tarjoamme ilmaisen pys\u00e4k\u00f6intipaikan aivan varastorakennuksemme edess\u00e4, mik\u00e4 tekee tavaroiden siirt\u00e4misest\u00e4 sis\u00e4\u00e4n ja ulos vaivatonta. <\/p>\n<p>Se, mik\u00e4 todella erottaa meid\u00e4t muista, on arvostettujen asiakkaidemme antama palaute. He kehuvat puhtaita ja moderneja varastotilojamme, t\u00e4ysin automatisoitua vuokrausprosessiamme ja henkil\u00f6kohtaista otetta, jonka lis\u00e4\u00e4mme palveluihimme. <\/p>\n<p>Nordic Mini Storages tarjoaa sinulle turvallisen, helposti saatavilla olevan ja tarpeisiisi r\u00e4\u00e4t\u00e4l\u00f6idyn varastointikokemuksen, halusitpa sitten s\u00e4ilytt\u00e4\u00e4 kotitaloustavaroita, yritysvarastoja tai kausitavaroita.<\/p>\n","protected":false},"excerpt":{"rendered":"<p>Tietoa meist\u00e4 Nordic Mini Storages rakentaa varastointiratkaisuja ihmisille ja yrityksille, ja se on oikea osoite turvallisille ja helposti saatavilla oleville varastointiratkaisuille. Olemme ylpeit\u00e4 siit\u00e4, ett\u00e4 tarjoamme erilaisia varastoyksik\u00f6it\u00e4 pienist\u00e4 2 m\u00b2:n tiloista aina laajempiin 10 m\u00b2:n tiloihin, jotka t\u00e4ytt\u00e4v\u00e4t erilaiset varastointitarpeet. Sitoutumisemme helppok\u00e4ytt\u00f6isyyteen n\u00e4kyy virtaviivaistetussa vuokrausprosessissamme, joka takaa, ett\u00e4 asiakkaamme p\u00e4\u00e4sev\u00e4t k\u00e4ytt\u00e4m\u00e4\u00e4n vuokraamiaan tiloja samana [&hellip;]<\/p>\n","protected":false},"author":1,"featured_media":0,"parent":0,"menu_order":0,"comment_status":"closed","ping_status":"closed","template":"","meta":{"_acf_changed":false,"footnotes":""},"class_list":["post-4903","page","type-page","status-publish","hentry"],"acf":[],"aioseo_notices":[],"_links":{"self":[{"href":"https:\/\/nordicministorages.ee\/fi\/wp-json\/wp\/v2\/pages\/4903","targetHints":{"allow":["GET"]}}],"collection":[{"href":"https:\/\/nordicministorages.ee\/fi\/wp-json\/wp\/v2\/pages"}],"about":[{"href":"https:\/\/nordicministorages.ee\/fi\/wp-json\/wp\/v2\/types\/page"}],"author":[{"embeddable":true,"href":"https:\/\/nordicministorages.ee\/fi\/wp-json\/wp\/v2\/users\/1"}],"replies":[{"embeddable":true,"href":"https:\/\/nordicministorages.ee\/fi\/wp-json\/wp\/v2\/comments?post=4903"}],"version-history":[{"count":3,"href":"https:\/\/nordicministorages.ee\/fi\/wp-json\/wp\/v2\/pages\/4903\/revisions"}],"predecessor-version":[{"id":6738,"href":"https:\/\/nordicministorages.ee\/fi\/wp-json\/wp\/v2\/pages\/4903\/revisions\/6738"}],"wp:attachment":[{"href":"https:\/\/nordicministorages.ee\/fi\/wp-json\/wp\/v2\/media?parent=4903"}],"curies":[{"name":"wp","href":"https:\/\/api.w.org\/{rel}","templated":true}]}}