{"id":4908,"date":"2023-10-25T10:44:13","date_gmt":"2023-10-25T07:44:13","guid":{"rendered":"https:\/\/nordicministorages.ee\/kuinka-avata-ja-sulkea-ulko-ovi-puhelimella\/"},"modified":"2025-03-12T14:56:41","modified_gmt":"2025-03-12T12:56:41","slug":"kuinka-avata-ja-sulkea-ulko-ovi-puhelimella","status":"publish","type":"page","link":"https:\/\/nordicministorages.ee\/fi\/kuinka-avata-ja-sulkea-ulko-ovi-puhelimella\/","title":{"rendered":"Kuinka avata ja sulkea ulko-ovi puhelimella?"},"content":{"rendered":"\t\t<div data-elementor-type=\"wp-page\" data-elementor-id=\"4908\" class=\"elementor elementor-4908 elementor-2530\" data-elementor-post-type=\"page\">\n\t\t\t\t\t\t<section class=\"elementor-section elementor-top-section elementor-element elementor-element-65a90b1 elementor-section-boxed elementor-section-height-default elementor-section-height-default\" data-id=\"65a90b1\" data-element_type=\"section\" data-e-type=\"section\">\n\t\t\t\t\t\t<div class=\"elementor-container elementor-column-gap-default\">\n\t\t\t\t\t<div class=\"elementor-column elementor-col-33 elementor-top-column elementor-element elementor-element-97454bd elementor-hidden-mobile\" data-id=\"97454bd\" data-element_type=\"column\" data-e-type=\"column\">\n\t\t\t<div class=\"elementor-widget-wrap\">\n\t\t\t\t\t\t\t<\/div>\n\t\t<\/div>\n\t\t\t\t<div class=\"elementor-column elementor-col-33 elementor-top-column elementor-element elementor-element-5bf8a0c\" data-id=\"5bf8a0c\" data-element_type=\"column\" data-e-type=\"column\">\n\t\t\t<div class=\"elementor-widget-wrap elementor-element-populated\">\n\t\t\t\t\t\t<div class=\"elementor-element elementor-element-cefd67e elementor-widget elementor-widget-heading\" data-id=\"cefd67e\" data-element_type=\"widget\" data-e-type=\"widget\" data-widget_type=\"heading.default\">\n\t\t\t\t<div class=\"elementor-widget-container\">\n\t\t\t\t\t<h2 class=\"elementor-heading-title elementor-size-default\">Kuinka avata ja sulkea ulko-ovi puhelimella?<\/h2>\t\t\t\t<\/div>\n\t\t\t\t<\/div>\n\t\t\t\t<div class=\"elementor-element elementor-element-7c72173 elementor-widget elementor-widget-image\" data-id=\"7c72173\" data-element_type=\"widget\" data-e-type=\"widget\" data-widget_type=\"image.default\">\n\t\t\t\t<div class=\"elementor-widget-container\">\n\t\t\t\t\t\t\t\t\t\t\t\t\t\t\t<img fetchpriority=\"high\" decoding=\"async\" width=\"800\" height=\"800\" src=\"https:\/\/nordicministorages.ee\/wp-content\/uploads\/2023\/10\/galleria_2_15.jpg\" class=\"attachment-large size-large wp-image-2217\" alt=\"\" srcset=\"https:\/\/nordicministorages.ee\/wp-content\/uploads\/2023\/10\/galleria_2_15.jpg 800w, https:\/\/nordicministorages.ee\/wp-content\/uploads\/2023\/10\/galleria_2_15-300x300.jpg 300w, https:\/\/nordicministorages.ee\/wp-content\/uploads\/2023\/10\/galleria_2_15-150x150.jpg 150w, https:\/\/nordicministorages.ee\/wp-content\/uploads\/2023\/10\/galleria_2_15-768x768.jpg 768w, https:\/\/nordicministorages.ee\/wp-content\/uploads\/2023\/10\/galleria_2_15-60x60.jpg 60w, https:\/\/nordicministorages.ee\/wp-content\/uploads\/2023\/10\/galleria_2_15-110x110.jpg 110w, https:\/\/nordicministorages.ee\/wp-content\/uploads\/2023\/10\/galleria_2_15-600x600.jpg 600w, https:\/\/nordicministorages.ee\/wp-content\/uploads\/2023\/10\/galleria_2_15-100x100.jpg 100w\" sizes=\"(max-width: 800px) 100vw, 800px\" \/>\t\t\t\t\t\t\t\t\t\t\t\t\t\t\t<\/div>\n\t\t\t\t<\/div>\n\t\t\t\t<div class=\"elementor-element elementor-element-738cf2c elementor-widget elementor-widget-text-editor\" data-id=\"738cf2c\" data-element_type=\"widget\" data-e-type=\"widget\" data-widget_type=\"text-editor.default\">\n\t\t\t\t<div class=\"elementor-widget-container\">\n\t\t\t\t\t\t\t\t\t<p>\n            <strong>Olemme laatineet oppaan ulko-oven avaamisesta ja sulkemisesta puhelimella.<\/strong>\n          <\/p>\n\t\t\t\t\t\t\t\t<\/div>\n\t\t\t\t<\/div>\n\t\t\t\t<div class=\"elementor-element elementor-element-c5249b6 elementor-widget elementor-widget-text-editor\" data-id=\"c5249b6\" data-element_type=\"widget\" data-e-type=\"widget\" data-widget_type=\"text-editor.default\">\n\t\t\t\t<div class=\"elementor-widget-container\">\n\t\t\t\t\t\t\t\t\t<p>\n            <b>1. Avaa Noke-sovellus puhelimessasi ulko-oven edess\u00e4.<\/b>\n          <\/p>\n<p>HUOM! Tarvitset Noke-sovelluksen p\u00e4\u00e4st\u00e4ksesi rakennukseen ja varastoyksikk\u00f6\u00f6si. Voit ladata sovelluksen t\u00e4\u00e4lt\u00e4: <a href=\"https:\/\/itunes.apple.com\/us\/app\/storage-smart-entry-by-nok%C4%93\/id1241055944?ls=1&amp;mt=8#\">APP STORE<\/a> tai <a href=\"https:\/\/play.google.com\/store\/apps\/details?id=com.noke.nokeaccess\">GOOGLE PLAY<\/a>.<\/p>\n<p>N\u00e4et &#8221;Etuovi&#8221;-kuvakkeen vihre\u00e4ll\u00e4 v\u00e4rill\u00e4. <\/p>\n\t\t\t\t\t\t\t\t<\/div>\n\t\t\t\t<\/div>\n\t\t\t\t<div class=\"elementor-element elementor-element-46a658f elementor-widget elementor-widget-image\" data-id=\"46a658f\" data-element_type=\"widget\" data-e-type=\"widget\" data-widget_type=\"image.default\">\n\t\t\t\t<div class=\"elementor-widget-container\">\n\t\t\t\t\t\t\t\t\t\t\t\t\t\t\t<img decoding=\"async\" width=\"800\" height=\"800\" src=\"https:\/\/nordicministorages.ee\/wp-content\/uploads\/2023\/10\/guide_d_01.jpg\" class=\"attachment-large size-large wp-image-2596\" alt=\"\" srcset=\"https:\/\/nordicministorages.ee\/wp-content\/uploads\/2023\/10\/guide_d_01.jpg 800w, https:\/\/nordicministorages.ee\/wp-content\/uploads\/2023\/10\/guide_d_01-300x300.jpg 300w, https:\/\/nordicministorages.ee\/wp-content\/uploads\/2023\/10\/guide_d_01-150x150.jpg 150w, https:\/\/nordicministorages.ee\/wp-content\/uploads\/2023\/10\/guide_d_01-768x768.jpg 768w, https:\/\/nordicministorages.ee\/wp-content\/uploads\/2023\/10\/guide_d_01-60x60.jpg 60w, https:\/\/nordicministorages.ee\/wp-content\/uploads\/2023\/10\/guide_d_01-110x110.jpg 110w, https:\/\/nordicministorages.ee\/wp-content\/uploads\/2023\/10\/guide_d_01-600x600.jpg 600w, https:\/\/nordicministorages.ee\/wp-content\/uploads\/2023\/10\/guide_d_01-100x100.jpg 100w\" sizes=\"(max-width: 800px) 100vw, 800px\" \/>\t\t\t\t\t\t\t\t\t\t\t\t\t\t\t<\/div>\n\t\t\t\t<\/div>\n\t\t\t\t<div class=\"elementor-element elementor-element-bc16a4b elementor-widget elementor-widget-text-editor\" data-id=\"bc16a4b\" data-element_type=\"widget\" data-e-type=\"widget\" data-widget_type=\"text-editor.default\">\n\t\t\t\t<div class=\"elementor-widget-container\">\n\t\t\t\t\t\t\t\t\t<p>\n            <b>2. Avaa etuovi napsauttamalla &#8221;Etuovi&#8221; &#8211; vihre\u00e4\u00e4 painiketta.<\/b>\n          <\/p>\n<p>Ovi avautuu, kun painat painiketta 1-2 sekunnin kuluttua.  <\/p>\n\t\t\t\t\t\t\t\t<\/div>\n\t\t\t\t<\/div>\n\t\t\t\t<div class=\"elementor-element elementor-element-9a4051c elementor-widget elementor-widget-text-editor\" data-id=\"9a4051c\" data-element_type=\"widget\" data-e-type=\"widget\" data-widget_type=\"text-editor.default\">\n\t\t\t\t<div class=\"elementor-widget-container\">\n\t\t\t\t\t\t\t\t\t<p>\n            <b>3. Sulje etuovi napsauttamalla &#8221;Etuovi&#8221; &#8211; vihre\u00e4\u00e4 painiketta ja odota, kunnes ovi sulkeutuu.<\/b>\n          <\/p>\n<p>Ovi sulkeutuu, kun painat painiketta 1-2 sekunnin kuluttua.  <\/p>\n\t\t\t\t\t\t\t\t<\/div>\n\t\t\t\t<\/div>\n\t\t\t\t<div class=\"elementor-element elementor-element-0ec42f0 elementor-widget elementor-widget-text-editor\" data-id=\"0ec42f0\" data-element_type=\"widget\" data-e-type=\"widget\" data-widget_type=\"text-editor.default\">\n\t\t\t\t<div class=\"elementor-widget-container\">\n\t\t\t\t\t\t\t\t\t<p>\n            <strong>Katso lyhyell\u00e4 videolla, miten voit avata tai sulkea ulko-oven Noke-sovelluksella.<\/strong>\n          <\/p>\n\t\t\t\t\t\t\t\t<\/div>\n\t\t\t\t<\/div>\n\t\t\t\t\t<\/div>\n\t\t<\/div>\n\t\t\t\t<div class=\"elementor-column elementor-col-33 elementor-top-column elementor-element elementor-element-e374070 elementor-hidden-mobile\" data-id=\"e374070\" data-element_type=\"column\" data-e-type=\"column\">\n\t\t\t<div class=\"elementor-widget-wrap\">\n\t\t\t\t\t\t\t<\/div>\n\t\t<\/div>\n\t\t\t\t\t<\/div>\n\t\t<\/section>\n\t\t\t\t<section class=\"elementor-section elementor-top-section elementor-element elementor-element-a64a187 elementor-section-boxed elementor-section-height-default elementor-section-height-default\" data-id=\"a64a187\" data-element_type=\"section\" data-e-type=\"section\">\n\t\t\t\t\t\t<div class=\"elementor-container elementor-column-gap-default\">\n\t\t\t\t\t<div class=\"elementor-column elementor-col-33 elementor-top-column elementor-element elementor-element-36c1712\" data-id=\"36c1712\" data-element_type=\"column\" data-e-type=\"column\">\n\t\t\t<div class=\"elementor-widget-wrap\">\n\t\t\t\t\t\t\t<\/div>\n\t\t<\/div>\n\t\t\t\t<div class=\"elementor-column elementor-col-33 elementor-top-column elementor-element elementor-element-3269e0c\" data-id=\"3269e0c\" data-element_type=\"column\" data-e-type=\"column\">\n\t\t\t<div class=\"elementor-widget-wrap elementor-element-populated\">\n\t\t\t\t\t\t<div class=\"elementor-element elementor-element-c0f18ff elementor-widget elementor-widget-heading\" data-id=\"c0f18ff\" data-element_type=\"widget\" data-e-type=\"widget\" data-widget_type=\"heading.default\">\n\t\t\t\t<div class=\"elementor-widget-container\">\n\t\t\t\t\t<h2 class=\"elementor-heading-title elementor-size-default\">Miten rakennuksen etuovi suljetaan<\/h2>\t\t\t\t<\/div>\n\t\t\t\t<\/div>\n\t\t\t\t<div class=\"elementor-element elementor-element-3637519 elementor-widget elementor-widget-video\" data-id=\"3637519\" data-element_type=\"widget\" data-e-type=\"widget\" data-settings=\"{&quot;video_type&quot;:&quot;vimeo&quot;}\" data-widget_type=\"video.default\">\n\t\t\t\t<div class=\"elementor-widget-container\">\n\t\t\t\t\t\t\t<div class=\"elementor-wrapper elementor-open-inline\">\n\t\t\t<iframe class=\"elementor-video-iframe\" allowfullscreen allow=\"clipboard-write\" title=\"vimeo-videosoitin\" src=\"https:\/\/player.vimeo.com\/video\/878601050?color&amp;autopause=0&amp;loop=0&amp;muted=0&amp;title=1&amp;portrait=1&amp;byline=1&amp;h=4458b3cba3#t=\"><\/iframe>\t\t<\/div>\n\t\t\t\t\t\t<\/div>\n\t\t\t\t<\/div>\n\t\t\t\t\t<\/div>\n\t\t<\/div>\n\t\t\t\t<div class=\"elementor-column elementor-col-33 elementor-top-column elementor-element elementor-element-4f0dcbf\" data-id=\"4f0dcbf\" data-element_type=\"column\" data-e-type=\"column\">\n\t\t\t<div class=\"elementor-widget-wrap\">\n\t\t\t\t\t\t\t<\/div>\n\t\t<\/div>\n\t\t\t\t\t<\/div>\n\t\t<\/section>\n\t\t\t\t<\/div>\n\t\t","protected":false},"excerpt":{"rendered":"<p>Kuinka avata ja sulkea ulko-ovi puhelimella? Olemme laatineet oppaan ulko-oven avaamisesta ja sulkemisesta puhelimella. 1. Avaa Noke-sovellus puhelimessasi ulko-oven edess\u00e4. HUOM! Tarvitset Noke-sovelluksen p\u00e4\u00e4st\u00e4ksesi rakennukseen ja varastoyksikk\u00f6\u00f6si. Voit ladata sovelluksen t\u00e4\u00e4lt\u00e4: APP STORE tai GOOGLE PLAY. N\u00e4et &#8221;Etuovi&#8221;-kuvakkeen vihre\u00e4ll\u00e4 v\u00e4rill\u00e4. 2. Avaa etuovi napsauttamalla &#8221;Etuovi&#8221; &#8211; vihre\u00e4\u00e4 painiketta. Ovi avautuu, kun painat painiketta 1-2 sekunnin [&hellip;]<\/p>\n","protected":false},"author":11,"featured_media":0,"parent":0,"menu_order":0,"comment_status":"closed","ping_status":"closed","template":"","meta":{"_acf_changed":false,"footnotes":""},"class_list":["post-4908","page","type-page","status-publish","hentry"],"acf":[],"aioseo_notices":[],"_links":{"self":[{"href":"https:\/\/nordicministorages.ee\/fi\/wp-json\/wp\/v2\/pages\/4908","targetHints":{"allow":["GET"]}}],"collection":[{"href":"https:\/\/nordicministorages.ee\/fi\/wp-json\/wp\/v2\/pages"}],"about":[{"href":"https:\/\/nordicministorages.ee\/fi\/wp-json\/wp\/v2\/types\/page"}],"author":[{"embeddable":true,"href":"https:\/\/nordicministorages.ee\/fi\/wp-json\/wp\/v2\/users\/11"}],"replies":[{"embeddable":true,"href":"https:\/\/nordicministorages.ee\/fi\/wp-json\/wp\/v2\/comments?post=4908"}],"version-history":[{"count":2,"href":"https:\/\/nordicministorages.ee\/fi\/wp-json\/wp\/v2\/pages\/4908\/revisions"}],"predecessor-version":[{"id":4911,"href":"https:\/\/nordicministorages.ee\/fi\/wp-json\/wp\/v2\/pages\/4908\/revisions\/4911"}],"wp:attachment":[{"href":"https:\/\/nordicministorages.ee\/fi\/wp-json\/wp\/v2\/media?parent=4908"}],"curies":[{"name":"wp","href":"https:\/\/api.w.org\/{rel}","templated":true}]}}