{"id":4914,"date":"2023-07-20T10:54:03","date_gmt":"2023-07-20T07:54:03","guid":{"rendered":"https:\/\/nordicministorages.ee\/vuokraa-varastotila-yritykselle\/"},"modified":"2025-03-12T14:56:40","modified_gmt":"2025-03-12T12:56:40","slug":"vuokraa-varastotila-yritykselle","status":"publish","type":"page","link":"https:\/\/nordicministorages.ee\/fi\/vuokraa-varastotila-yritykselle\/","title":{"rendered":"Vuokraa varastotila yritykselle"},"content":{"rendered":"\t\t<div data-elementor-type=\"wp-page\" data-elementor-id=\"4914\" class=\"elementor elementor-4914 elementor-1764\" data-elementor-post-type=\"page\">\n\t\t\t\t\t\t<section class=\"elementor-section elementor-top-section elementor-element elementor-element-8aca59a elementor-section-boxed elementor-section-height-default elementor-section-height-default\" data-id=\"8aca59a\" data-element_type=\"section\" data-e-type=\"section\">\n\t\t\t\t\t\t<div class=\"elementor-container elementor-column-gap-default\">\n\t\t\t\t\t<div class=\"elementor-column elementor-col-50 elementor-top-column elementor-element elementor-element-cf072f4\" data-id=\"cf072f4\" data-element_type=\"column\" data-e-type=\"column\">\n\t\t\t<div class=\"elementor-widget-wrap elementor-element-populated\">\n\t\t\t\t\t\t<div class=\"elementor-element elementor-element-3f15e8a elementor-widget elementor-widget-heading\" data-id=\"3f15e8a\" data-element_type=\"widget\" data-e-type=\"widget\" data-widget_type=\"heading.default\">\n\t\t\t\t<div class=\"elementor-widget-container\">\n\t\t\t\t\t<h2 class=\"elementor-heading-title elementor-size-default\">Vuokraa varastotila yritykselle<\/h2>\t\t\t\t<\/div>\n\t\t\t\t<\/div>\n\t\t\t\t<div class=\"elementor-element elementor-element-582afb5 elementor-widget elementor-widget-text-editor\" data-id=\"582afb5\" data-element_type=\"widget\" data-e-type=\"widget\" data-widget_type=\"text-editor.default\">\n\t\t\t\t<div class=\"elementor-widget-container\">\n\t\t\t\t\t\t\t\t\t<p>Pienvarasto tarjoaa yrityksille joustavan ja kustannustehokkaan ratkaisun varaston, laitteiden ja arkistotarpeiden hallintaan.<\/p>\n<p>Yritysten kasvaessa niiden varastoitavien tavaroiden m\u00e4\u00e4r\u00e4 kasvaa: ylim\u00e4\u00e4r\u00e4isest\u00e4 varastosta, kausituotteista ja myynninedist\u00e4mismateriaaleista t\u00e4rkeisiin asiakirjoihin.<\/p>\n<p>Pienvaraston vuokraaminen antaa yrityksille mahdollisuuden hy\u00f6dynt\u00e4\u00e4 tehokkaasti ensisijaista toimisto- tai myym\u00e4l\u00e4tilaansa siirt\u00e4m\u00e4ll\u00e4 ei-t\u00e4rkeit\u00e4 tavaroita turvalliseen paikkaan ja varmistamalla, ett\u00e4 p\u00e4\u00e4tilat pysyv\u00e4t siistein\u00e4 ja optimoituina p\u00e4ivitt\u00e4ist\u00e4 toimintaa varten.<\/p>\n\t\t\t\t\t\t\t\t<\/div>\n\t\t\t\t<\/div>\n\t\t\t\t<div class=\"elementor-element elementor-element-fdb1291 elementor-widget__width-auto elementor-hidden-mobile elementor-widget elementor-widget-button\" data-id=\"fdb1291\" data-element_type=\"widget\" data-e-type=\"widget\" data-widget_type=\"button.default\">\n\t\t\t\t<div class=\"elementor-widget-container\">\n\t\t\t\t\t\t\t\t\t<div class=\"elementor-button-wrapper\">\n\t\t\t\t\t<a class=\"elementor-button elementor-button-link elementor-size-lg\" href=\"https:\/\/nordicministorages.ee\/kaavakuja-6\/rent-a-unit\/\">\n\t\t\t\t\t\t<span class=\"elementor-button-content-wrapper\">\n\t\t\t\t\t\t\t\t\t<span class=\"elementor-button-text\">VUOKRAA VARASTOYKSIKK\u00d6<\/span>\n\t\t\t\t\t<\/span>\n\t\t\t\t\t<\/a>\n\t\t\t\t<\/div>\n\t\t\t\t\t\t\t\t<\/div>\n\t\t\t\t<\/div>\n\t\t\t\t\t<\/div>\n\t\t<\/div>\n\t\t\t\t<div class=\"elementor-column elementor-col-50 elementor-top-column elementor-element elementor-element-1f80cac\" data-id=\"1f80cac\" data-element_type=\"column\" data-e-type=\"column\">\n\t\t\t<div class=\"elementor-widget-wrap elementor-element-populated\">\n\t\t\t\t\t\t<div class=\"elementor-element elementor-element-cf14a8b elementor-invisible elementor-widget elementor-widget-image\" data-id=\"cf14a8b\" data-element_type=\"widget\" data-e-type=\"widget\" data-settings=\"{&quot;_animation&quot;:&quot;fadeInLeft&quot;,&quot;_animation_delay&quot;:&quot;100&quot;}\" data-widget_type=\"image.default\">\n\t\t\t\t<div class=\"elementor-widget-container\">\n\t\t\t\t\t\t\t\t\t\t\t\t\t\t\t<img fetchpriority=\"high\" decoding=\"async\" width=\"800\" height=\"800\" src=\"https:\/\/nordicministorages.ee\/wp-content\/uploads\/2023\/09\/W_-_2023-09_-_FC_-_01_frame-1024x1024.jpg\" class=\"attachment-large size-large wp-image-1940\" alt=\"\" srcset=\"https:\/\/nordicministorages.ee\/wp-content\/uploads\/2023\/09\/W_-_2023-09_-_FC_-_01_frame-1024x1024.jpg 1024w, https:\/\/nordicministorages.ee\/wp-content\/uploads\/2023\/09\/W_-_2023-09_-_FC_-_01_frame-300x300.jpg 300w, https:\/\/nordicministorages.ee\/wp-content\/uploads\/2023\/09\/W_-_2023-09_-_FC_-_01_frame-150x150.jpg 150w, https:\/\/nordicministorages.ee\/wp-content\/uploads\/2023\/09\/W_-_2023-09_-_FC_-_01_frame-768x768.jpg 768w, https:\/\/nordicministorages.ee\/wp-content\/uploads\/2023\/09\/W_-_2023-09_-_FC_-_01_frame-60x60.jpg 60w, https:\/\/nordicministorages.ee\/wp-content\/uploads\/2023\/09\/W_-_2023-09_-_FC_-_01_frame-110x110.jpg 110w, https:\/\/nordicministorages.ee\/wp-content\/uploads\/2023\/09\/W_-_2023-09_-_FC_-_01_frame-600x600.jpg 600w, https:\/\/nordicministorages.ee\/wp-content\/uploads\/2023\/09\/W_-_2023-09_-_FC_-_01_frame-100x100.jpg 100w, https:\/\/nordicministorages.ee\/wp-content\/uploads\/2023\/09\/W_-_2023-09_-_FC_-_01_frame.jpg 1080w\" sizes=\"(max-width: 800px) 100vw, 800px\" \/>\t\t\t\t\t\t\t\t\t\t\t\t\t\t\t<\/div>\n\t\t\t\t<\/div>\n\t\t\t\t<div class=\"elementor-element elementor-element-a13a8ce elementor-widget__width-initial elementor-absolute elementor-widget-tablet__width-initial elementor-invisible elementor-widget elementor-widget-image\" data-id=\"a13a8ce\" data-element_type=\"widget\" data-e-type=\"widget\" data-settings=\"{&quot;_position&quot;:&quot;absolute&quot;,&quot;_animation&quot;:&quot;zoomIn&quot;,&quot;_animation_delay&quot;:&quot;500&quot;}\" data-widget_type=\"image.default\">\n\t\t\t\t<div class=\"elementor-widget-container\">\n\t\t\t\t\t\t\t\t\t\t\t\t\t\t\t<img decoding=\"async\" width=\"600\" height=\"600\" src=\"https:\/\/nordicministorages.ee\/wp-content\/uploads\/2023\/06\/lines-02.png\" class=\"attachment-large size-large wp-image-1356\" alt=\"\" srcset=\"https:\/\/nordicministorages.ee\/wp-content\/uploads\/2023\/06\/lines-02.png 600w, https:\/\/nordicministorages.ee\/wp-content\/uploads\/2023\/06\/lines-02-300x300.png 300w, https:\/\/nordicministorages.ee\/wp-content\/uploads\/2023\/06\/lines-02-150x150.png 150w, https:\/\/nordicministorages.ee\/wp-content\/uploads\/2023\/06\/lines-02-60x60.png 60w, https:\/\/nordicministorages.ee\/wp-content\/uploads\/2023\/06\/lines-02-110x110.png 110w, https:\/\/nordicministorages.ee\/wp-content\/uploads\/2023\/06\/lines-02-100x100.png 100w\" sizes=\"(max-width: 600px) 100vw, 600px\" \/>\t\t\t\t\t\t\t\t\t\t\t\t\t\t\t<\/div>\n\t\t\t\t<\/div>\n\t\t\t\t\t<\/div>\n\t\t<\/div>\n\t\t\t\t\t<\/div>\n\t\t<\/section>\n\t\t\t\t<section class=\"elementor-section elementor-top-section elementor-element elementor-element-44fff7b elementor-section-boxed elementor-section-height-default elementor-section-height-default\" data-id=\"44fff7b\" data-element_type=\"section\" data-e-type=\"section\">\n\t\t\t\t\t\t<div class=\"elementor-container elementor-column-gap-default\">\n\t\t\t\t\t<div class=\"elementor-column elementor-col-50 elementor-top-column elementor-element elementor-element-1624c97\" data-id=\"1624c97\" data-element_type=\"column\" data-e-type=\"column\">\n\t\t\t<div class=\"elementor-widget-wrap elementor-element-populated\">\n\t\t\t\t\t\t<div class=\"elementor-element elementor-element-d478ab4 elementor-invisible elementor-widget elementor-widget-image\" data-id=\"d478ab4\" data-element_type=\"widget\" data-e-type=\"widget\" data-settings=\"{&quot;_animation&quot;:&quot;fadeInLeft&quot;,&quot;_animation_delay&quot;:&quot;100&quot;}\" data-widget_type=\"image.default\">\n\t\t\t\t<div class=\"elementor-widget-container\">\n\t\t\t\t\t\t\t\t\t\t\t\t\t\t\t<img decoding=\"async\" width=\"800\" height=\"800\" src=\"https:\/\/nordicministorages.ee\/wp-content\/uploads\/2023\/09\/W_-_2023-09_-_FC_-_02_frame-1024x1024.jpg\" class=\"attachment-large size-large wp-image-1942\" alt=\"\" srcset=\"https:\/\/nordicministorages.ee\/wp-content\/uploads\/2023\/09\/W_-_2023-09_-_FC_-_02_frame-1024x1024.jpg 1024w, https:\/\/nordicministorages.ee\/wp-content\/uploads\/2023\/09\/W_-_2023-09_-_FC_-_02_frame-300x300.jpg 300w, https:\/\/nordicministorages.ee\/wp-content\/uploads\/2023\/09\/W_-_2023-09_-_FC_-_02_frame-150x150.jpg 150w, https:\/\/nordicministorages.ee\/wp-content\/uploads\/2023\/09\/W_-_2023-09_-_FC_-_02_frame-768x768.jpg 768w, https:\/\/nordicministorages.ee\/wp-content\/uploads\/2023\/09\/W_-_2023-09_-_FC_-_02_frame-60x60.jpg 60w, https:\/\/nordicministorages.ee\/wp-content\/uploads\/2023\/09\/W_-_2023-09_-_FC_-_02_frame-110x110.jpg 110w, https:\/\/nordicministorages.ee\/wp-content\/uploads\/2023\/09\/W_-_2023-09_-_FC_-_02_frame-600x600.jpg 600w, https:\/\/nordicministorages.ee\/wp-content\/uploads\/2023\/09\/W_-_2023-09_-_FC_-_02_frame-100x100.jpg 100w, https:\/\/nordicministorages.ee\/wp-content\/uploads\/2023\/09\/W_-_2023-09_-_FC_-_02_frame.jpg 1080w\" sizes=\"(max-width: 800px) 100vw, 800px\" \/>\t\t\t\t\t\t\t\t\t\t\t\t\t\t\t<\/div>\n\t\t\t\t<\/div>\n\t\t\t\t<div class=\"elementor-element elementor-element-9d3ab6b elementor-widget__width-initial elementor-absolute elementor-widget-tablet__width-initial elementor-invisible elementor-widget elementor-widget-image\" data-id=\"9d3ab6b\" data-element_type=\"widget\" data-e-type=\"widget\" data-settings=\"{&quot;_position&quot;:&quot;absolute&quot;,&quot;_animation&quot;:&quot;zoomIn&quot;,&quot;_animation_delay&quot;:&quot;500&quot;}\" data-widget_type=\"image.default\">\n\t\t\t\t<div class=\"elementor-widget-container\">\n\t\t\t\t\t\t\t\t\t\t\t\t\t\t\t<img decoding=\"async\" width=\"600\" height=\"600\" src=\"https:\/\/nordicministorages.ee\/wp-content\/uploads\/2023\/06\/lines-02.png\" class=\"attachment-large size-large wp-image-1356\" alt=\"\" srcset=\"https:\/\/nordicministorages.ee\/wp-content\/uploads\/2023\/06\/lines-02.png 600w, https:\/\/nordicministorages.ee\/wp-content\/uploads\/2023\/06\/lines-02-300x300.png 300w, https:\/\/nordicministorages.ee\/wp-content\/uploads\/2023\/06\/lines-02-150x150.png 150w, https:\/\/nordicministorages.ee\/wp-content\/uploads\/2023\/06\/lines-02-60x60.png 60w, https:\/\/nordicministorages.ee\/wp-content\/uploads\/2023\/06\/lines-02-110x110.png 110w, https:\/\/nordicministorages.ee\/wp-content\/uploads\/2023\/06\/lines-02-100x100.png 100w\" sizes=\"(max-width: 600px) 100vw, 600px\" \/>\t\t\t\t\t\t\t\t\t\t\t\t\t\t\t<\/div>\n\t\t\t\t<\/div>\n\t\t\t\t\t<\/div>\n\t\t<\/div>\n\t\t\t\t<div class=\"elementor-column elementor-col-50 elementor-top-column elementor-element elementor-element-abac7c7\" data-id=\"abac7c7\" data-element_type=\"column\" data-e-type=\"column\">\n\t\t\t<div class=\"elementor-widget-wrap elementor-element-populated\">\n\t\t\t\t\t\t<div class=\"elementor-element elementor-element-65fe340 elementor-widget elementor-widget-text-editor\" data-id=\"65fe340\" data-element_type=\"widget\" data-e-type=\"widget\" data-widget_type=\"text-editor.default\">\n\t\t\t\t<div class=\"elementor-widget-container\">\n\t\t\t\t\t\t\t\t\t<p>Lis\u00e4ksi varastoyksik\u00f6t tarjoavat yrityksille mahdollisuuden mukautua varastointitarpeidensa mukaan.<\/p>\n<p>T\u00e4m\u00e4 on erityisen hy\u00f6dyllist\u00e4 yrityksille, joiden varastotarpeet vaihtelevat tai jotka ovat siirtym\u00e4vaiheessa, kuten toimiston muutto, remontti tai laajennus.<\/p>\n<p>Kun varastoituihin tavaroihin p\u00e4\u00e4see k\u00e4siksi ymp\u00e4ri vuorokauden, turvallisuusominaisuudet ovat paremmat ja pitk\u00e4aikaisia vuokrasitoumuksia ei tarvitse tehd\u00e4, itsevarastoinnista tulee korvaamaton voimavara yrityksille, jotka pyrkiv\u00e4t toiminnalliseen tehokkuuteen ja taloudelliseen varovaisuuteen.<\/p>\n\t\t\t\t\t\t\t\t<\/div>\n\t\t\t\t<\/div>\n\t\t\t\t<div class=\"elementor-element elementor-element-287e5ff elementor-widget__width-auto elementor-hidden-mobile elementor-widget elementor-widget-button\" data-id=\"287e5ff\" data-element_type=\"widget\" data-e-type=\"widget\" data-widget_type=\"button.default\">\n\t\t\t\t<div class=\"elementor-widget-container\">\n\t\t\t\t\t\t\t\t\t<div class=\"elementor-button-wrapper\">\n\t\t\t\t\t<a class=\"elementor-button elementor-button-link elementor-size-lg\" href=\"https:\/\/nordicministorages.ee\/kaavakuja-6\/rent-a-unit\/\">\n\t\t\t\t\t\t<span class=\"elementor-button-content-wrapper\">\n\t\t\t\t\t\t\t\t\t<span class=\"elementor-button-text\">VUOKRAA VARASTOYKSIKK\u00d6<\/span>\n\t\t\t\t\t<\/span>\n\t\t\t\t\t<\/a>\n\t\t\t\t<\/div>\n\t\t\t\t\t\t\t\t<\/div>\n\t\t\t\t<\/div>\n\t\t\t\t\t<\/div>\n\t\t<\/div>\n\t\t\t\t\t<\/div>\n\t\t<\/section>\n\t\t\t\t<section class=\"elementor-section elementor-top-section elementor-element elementor-element-a405b6e elementor-section-boxed elementor-section-height-default elementor-section-height-default\" data-id=\"a405b6e\" data-element_type=\"section\" data-e-type=\"section\">\n\t\t\t\t\t\t<div class=\"elementor-container elementor-column-gap-default\">\n\t\t\t\t\t<div class=\"elementor-column elementor-col-100 elementor-top-column elementor-element elementor-element-6cfe538\" data-id=\"6cfe538\" data-element_type=\"column\" data-e-type=\"column\">\n\t\t\t<div class=\"elementor-widget-wrap elementor-element-populated\">\n\t\t\t\t\t\t<section class=\"elementor-section elementor-inner-section elementor-element elementor-element-2094c9c elementor-section-full_width elementor-section-height-default elementor-section-height-default\" data-id=\"2094c9c\" data-element_type=\"section\" data-e-type=\"section\">\n\t\t\t\t\t\t<div class=\"elementor-container elementor-column-gap-default\">\n\t\t\t\t\t<div class=\"elementor-column elementor-col-33 elementor-inner-column elementor-element elementor-element-e7968e8 elementor-invisible\" data-id=\"e7968e8\" data-element_type=\"column\" data-e-type=\"column\" data-settings=\"{&quot;animation&quot;:&quot;fadeInUp&quot;,&quot;animation_delay&quot;:200}\">\n\t\t\t<div class=\"elementor-widget-wrap elementor-element-populated\">\n\t\t\t\t\t\t<div class=\"elementor-element elementor-element-114f7fa elementor-widget__width-initial elementor-widget elementor-widget-spacer\" data-id=\"114f7fa\" data-element_type=\"widget\" data-e-type=\"widget\" data-widget_type=\"spacer.default\">\n\t\t\t\t<div class=\"elementor-widget-container\">\n\t\t\t\t\t\t\t<div class=\"elementor-spacer\">\n\t\t\t<div class=\"elementor-spacer-inner\"><\/div>\n\t\t<\/div>\n\t\t\t\t\t\t<\/div>\n\t\t\t\t<\/div>\n\t\t\t\t<div class=\"elementor-element elementor-element-db6e585 elementor-widget elementor-widget-icon-box\" data-id=\"db6e585\" data-element_type=\"widget\" data-e-type=\"widget\" data-widget_type=\"icon-box.default\">\n\t\t\t\t<div class=\"elementor-widget-container\">\n\t\t\t\t\t\t\t<div class=\"elementor-icon-box-wrapper\">\n\n\t\t\t\n\t\t\t\t\t\t<div class=\"elementor-icon-box-content\">\n\n\t\t\t\t\t\t\t\t\t<h3 class=\"elementor-icon-box-title\">\n\t\t\t\t\t\t<span  >\n\t\t\t\t\t\t\tP\u00e4\u00e4sy samana p\u00e4iv\u00e4n\u00e4\t\t\t\t\t\t<\/span>\n\t\t\t\t\t<\/h3>\n\t\t\t\t\n\t\t\t\t\t\t\t\t\t<p class=\"elementor-icon-box-description\">\n\t\t\t\t\t\tVuokraa yksikk\u00f6 nyt ja p\u00e4\u00e4set sis\u00e4\u00e4n 15 minuutissa tai lyhyemm\u00e4ss\u00e4 ajassa. Voit muuttaa sis\u00e4\u00e4n heti.\t\t\t\t\t<\/p>\n\t\t\t\t\n\t\t\t<\/div>\n\t\t\t\n\t\t<\/div>\n\t\t\t\t\t\t<\/div>\n\t\t\t\t<\/div>\n\t\t\t\t\t<\/div>\n\t\t<\/div>\n\t\t\t\t<div class=\"elementor-column elementor-col-33 elementor-inner-column elementor-element elementor-element-b715f4f elementor-invisible\" data-id=\"b715f4f\" data-element_type=\"column\" data-e-type=\"column\" data-settings=\"{&quot;animation&quot;:&quot;fadeInUp&quot;,&quot;animation_delay&quot;:300}\">\n\t\t\t<div class=\"elementor-widget-wrap elementor-element-populated\">\n\t\t\t\t\t\t<div class=\"elementor-element elementor-element-47bb6c5 elementor-widget__width-initial elementor-widget elementor-widget-spacer\" data-id=\"47bb6c5\" data-element_type=\"widget\" data-e-type=\"widget\" data-widget_type=\"spacer.default\">\n\t\t\t\t<div class=\"elementor-widget-container\">\n\t\t\t\t\t\t\t<div class=\"elementor-spacer\">\n\t\t\t<div class=\"elementor-spacer-inner\"><\/div>\n\t\t<\/div>\n\t\t\t\t\t\t<\/div>\n\t\t\t\t<\/div>\n\t\t\t\t<div class=\"elementor-element elementor-element-481cf77 elementor-widget elementor-widget-icon-box\" data-id=\"481cf77\" data-element_type=\"widget\" data-e-type=\"widget\" data-widget_type=\"icon-box.default\">\n\t\t\t\t<div class=\"elementor-widget-container\">\n\t\t\t\t\t\t\t<div class=\"elementor-icon-box-wrapper\">\n\n\t\t\t\n\t\t\t\t\t\t<div class=\"elementor-icon-box-content\">\n\n\t\t\t\t\t\t\t\t\t<h3 class=\"elementor-icon-box-title\">\n\t\t\t\t\t\t<span  >\n\t\t\t\t\t\t\tVuokraa verkossa\t\t\t\t\t\t<\/span>\n\t\t\t\t\t<\/h3>\n\t\t\t\t\n\t\t\t\t\t\t\t\t\t<p class=\"elementor-icon-box-description\">\n\t\t\t\t\t\tK\u00e4y l\u00e4pi nopea ja helppo vuokrausprosessimme ja allekirjoita vuokrasopimus digitaalisella allekirjoituksella.\t\t\t\t\t<\/p>\n\t\t\t\t\n\t\t\t<\/div>\n\t\t\t\n\t\t<\/div>\n\t\t\t\t\t\t<\/div>\n\t\t\t\t<\/div>\n\t\t\t\t\t<\/div>\n\t\t<\/div>\n\t\t\t\t<div class=\"elementor-column elementor-col-33 elementor-inner-column elementor-element elementor-element-50f89ab elementor-invisible\" data-id=\"50f89ab\" data-element_type=\"column\" data-e-type=\"column\" data-settings=\"{&quot;animation&quot;:&quot;fadeInUp&quot;,&quot;animation_delay&quot;:400}\">\n\t\t\t<div class=\"elementor-widget-wrap elementor-element-populated\">\n\t\t\t\t\t\t<div class=\"elementor-element elementor-element-bcbf894 elementor-widget__width-initial elementor-widget elementor-widget-spacer\" data-id=\"bcbf894\" data-element_type=\"widget\" data-e-type=\"widget\" data-widget_type=\"spacer.default\">\n\t\t\t\t<div class=\"elementor-widget-container\">\n\t\t\t\t\t\t\t<div class=\"elementor-spacer\">\n\t\t\t<div class=\"elementor-spacer-inner\"><\/div>\n\t\t<\/div>\n\t\t\t\t\t\t<\/div>\n\t\t\t\t<\/div>\n\t\t\t\t<div class=\"elementor-element elementor-element-8b66c4c elementor-widget elementor-widget-icon-box\" data-id=\"8b66c4c\" data-element_type=\"widget\" data-e-type=\"widget\" data-widget_type=\"icon-box.default\">\n\t\t\t\t<div class=\"elementor-widget-container\">\n\t\t\t\t\t\t\t<div class=\"elementor-icon-box-wrapper\">\n\n\t\t\t\n\t\t\t\t\t\t<div class=\"elementor-icon-box-content\">\n\n\t\t\t\t\t\t\t\t\t<h3 class=\"elementor-icon-box-title\">\n\t\t\t\t\t\t<span  >\n\t\t\t\t\t\t\tK\u00e4yt\u00e4 puhelinta avaimena\t\t\t\t\t\t<\/span>\n\t\t\t\t\t<\/h3>\n\t\t\t\t\n\t\t\t\t\t\t\t\t\t<p class=\"elementor-icon-box-description\">\n\t\t\t\t\t\tLataa sovelluksemme ja k\u00e4yt\u00e4 puhelintasi avaimena avataksesi varastosi.\t\t\t\t\t<\/p>\n\t\t\t\t\n\t\t\t<\/div>\n\t\t\t\n\t\t<\/div>\n\t\t\t\t\t\t<\/div>\n\t\t\t\t<\/div>\n\t\t\t\t\t<\/div>\n\t\t<\/div>\n\t\t\t\t\t<\/div>\n\t\t<\/section>\n\t\t\t\t<section class=\"elementor-section elementor-inner-section elementor-element elementor-element-5d33cee elementor-section-full_width elementor-section-height-default elementor-section-height-default\" data-id=\"5d33cee\" data-element_type=\"section\" data-e-type=\"section\">\n\t\t\t\t\t\t<div class=\"elementor-container elementor-column-gap-default\">\n\t\t\t\t\t<div class=\"elementor-column elementor-col-33 elementor-inner-column elementor-element elementor-element-b14faa9 elementor-invisible\" data-id=\"b14faa9\" data-element_type=\"column\" data-e-type=\"column\" data-settings=\"{&quot;animation&quot;:&quot;fadeInUp&quot;,&quot;animation_delay&quot;:200}\">\n\t\t\t<div class=\"elementor-widget-wrap elementor-element-populated\">\n\t\t\t\t\t\t<div class=\"elementor-element elementor-element-132afbf elementor-widget__width-initial elementor-widget elementor-widget-spacer\" data-id=\"132afbf\" data-element_type=\"widget\" data-e-type=\"widget\" data-widget_type=\"spacer.default\">\n\t\t\t\t<div class=\"elementor-widget-container\">\n\t\t\t\t\t\t\t<div class=\"elementor-spacer\">\n\t\t\t<div class=\"elementor-spacer-inner\"><\/div>\n\t\t<\/div>\n\t\t\t\t\t\t<\/div>\n\t\t\t\t<\/div>\n\t\t\t\t<div class=\"elementor-element elementor-element-10866d6 elementor-widget elementor-widget-icon-box\" data-id=\"10866d6\" data-element_type=\"widget\" data-e-type=\"widget\" data-widget_type=\"icon-box.default\">\n\t\t\t\t<div class=\"elementor-widget-container\">\n\t\t\t\t\t\t\t<div class=\"elementor-icon-box-wrapper\">\n\n\t\t\t\n\t\t\t\t\t\t<div class=\"elementor-icon-box-content\">\n\n\t\t\t\t\t\t\t\t\t<h3 class=\"elementor-icon-box-title\">\n\t\t\t\t\t\t<span  >\n\t\t\t\t\t\t\tTurvallinen varasto\t\t\t\t\t\t<\/span>\n\t\t\t\t\t<\/h3>\n\t\t\t\t\n\t\t\t\t\t\t\t\t\t<p class=\"elementor-icon-box-description\">\n\t\t\t\t\t\tVarastorakennus on lukittu, ja siin\u00e4 on turvakamerat ja turvaj\u00e4rjestelm\u00e4.\t\t\t\t\t<\/p>\n\t\t\t\t\n\t\t\t<\/div>\n\t\t\t\n\t\t<\/div>\n\t\t\t\t\t\t<\/div>\n\t\t\t\t<\/div>\n\t\t\t\t\t<\/div>\n\t\t<\/div>\n\t\t\t\t<div class=\"elementor-column elementor-col-33 elementor-inner-column elementor-element elementor-element-028c0c0 elementor-invisible\" data-id=\"028c0c0\" data-element_type=\"column\" data-e-type=\"column\" data-settings=\"{&quot;animation&quot;:&quot;fadeInUp&quot;,&quot;animation_delay&quot;:300}\">\n\t\t\t<div class=\"elementor-widget-wrap elementor-element-populated\">\n\t\t\t\t\t\t<div class=\"elementor-element elementor-element-9b15c71 elementor-widget__width-initial elementor-widget elementor-widget-spacer\" data-id=\"9b15c71\" data-element_type=\"widget\" data-e-type=\"widget\" data-widget_type=\"spacer.default\">\n\t\t\t\t<div class=\"elementor-widget-container\">\n\t\t\t\t\t\t\t<div class=\"elementor-spacer\">\n\t\t\t<div class=\"elementor-spacer-inner\"><\/div>\n\t\t<\/div>\n\t\t\t\t\t\t<\/div>\n\t\t\t\t<\/div>\n\t\t\t\t<div class=\"elementor-element elementor-element-472d75b elementor-widget elementor-widget-icon-box\" data-id=\"472d75b\" data-element_type=\"widget\" data-e-type=\"widget\" data-widget_type=\"icon-box.default\">\n\t\t\t\t<div class=\"elementor-widget-container\">\n\t\t\t\t\t\t\t<div class=\"elementor-icon-box-wrapper\">\n\n\t\t\t\n\t\t\t\t\t\t<div class=\"elementor-icon-box-content\">\n\n\t\t\t\t\t\t\t\t\t<h3 class=\"elementor-icon-box-title\">\n\t\t\t\t\t\t<span  >\n\t\t\t\t\t\t\tL\u00e4mmitetty varasto\t\t\t\t\t\t<\/span>\n\t\t\t\t\t<\/h3>\n\t\t\t\t\n\t\t\t\t\t\t\t\t\t<p class=\"elementor-icon-box-description\">\n\t\t\t\t\t\tKaikki yksik\u00f6t ovat l\u00e4mmitettyj\u00e4, jotta tavarasi pysyv\u00e4t t\u00e4ydellisess\u00e4 kunnossa.\t\t\t\t\t<\/p>\n\t\t\t\t\n\t\t\t<\/div>\n\t\t\t\n\t\t<\/div>\n\t\t\t\t\t\t<\/div>\n\t\t\t\t<\/div>\n\t\t\t\t\t<\/div>\n\t\t<\/div>\n\t\t\t\t<div class=\"elementor-column elementor-col-33 elementor-inner-column elementor-element elementor-element-137e079 elementor-invisible\" data-id=\"137e079\" data-element_type=\"column\" data-e-type=\"column\" data-settings=\"{&quot;animation&quot;:&quot;fadeInUp&quot;,&quot;animation_delay&quot;:300}\">\n\t\t\t<div class=\"elementor-widget-wrap elementor-element-populated\">\n\t\t\t\t\t\t<div class=\"elementor-element elementor-element-45bd722 elementor-widget__width-initial elementor-widget elementor-widget-spacer\" data-id=\"45bd722\" data-element_type=\"widget\" data-e-type=\"widget\" data-widget_type=\"spacer.default\">\n\t\t\t\t<div class=\"elementor-widget-container\">\n\t\t\t\t\t\t\t<div class=\"elementor-spacer\">\n\t\t\t<div class=\"elementor-spacer-inner\"><\/div>\n\t\t<\/div>\n\t\t\t\t\t\t<\/div>\n\t\t\t\t<\/div>\n\t\t\t\t<div class=\"elementor-element elementor-element-2897b2f elementor-widget elementor-widget-icon-box\" data-id=\"2897b2f\" data-element_type=\"widget\" data-e-type=\"widget\" data-widget_type=\"icon-box.default\">\n\t\t\t\t<div class=\"elementor-widget-container\">\n\t\t\t\t\t\t\t<div class=\"elementor-icon-box-wrapper\">\n\n\t\t\t\n\t\t\t\t\t\t<div class=\"elementor-icon-box-content\">\n\n\t\t\t\t\t\t\t\t\t<h3 class=\"elementor-icon-box-title\">\n\t\t\t\t\t\t<span  >\n\t\t\t\t\t\t\tIlmainen pys\u00e4k\u00f6inti\t\t\t\t\t\t<\/span>\n\t\t\t\t\t<\/h3>\n\t\t\t\t\n\t\t\t\t\t\t\t\t\t<p class=\"elementor-icon-box-description\">\n\t\t\t\t\t\tVuokralaisemme voivat pys\u00e4k\u00f6id\u00e4 ilmaiseksi varastorakennuksen eteen.\t\t\t\t\t<\/p>\n\t\t\t\t\n\t\t\t<\/div>\n\t\t\t\n\t\t<\/div>\n\t\t\t\t\t\t<\/div>\n\t\t\t\t<\/div>\n\t\t\t\t\t<\/div>\n\t\t<\/div>\n\t\t\t\t\t<\/div>\n\t\t<\/section>\n\t\t\t\t\t<\/div>\n\t\t<\/div>\n\t\t\t\t\t<\/div>\n\t\t<\/section>\n\t\t\t\t<\/div>\n\t\t","protected":false},"excerpt":{"rendered":"<p>Vuokraa varastotila yritykselle Pienvarasto tarjoaa yrityksille joustavan ja kustannustehokkaan ratkaisun varaston, laitteiden ja arkistotarpeiden hallintaan. Yritysten kasvaessa niiden varastoitavien tavaroiden m\u00e4\u00e4r\u00e4 kasvaa: ylim\u00e4\u00e4r\u00e4isest\u00e4 varastosta, kausituotteista ja myynninedist\u00e4mismateriaaleista t\u00e4rkeisiin asiakirjoihin. Pienvaraston vuokraaminen antaa yrityksille mahdollisuuden hy\u00f6dynt\u00e4\u00e4 tehokkaasti ensisijaista toimisto- tai myym\u00e4l\u00e4tilaansa siirt\u00e4m\u00e4ll\u00e4 ei-t\u00e4rkeit\u00e4 tavaroita turvalliseen paikkaan ja varmistamalla, ett\u00e4 p\u00e4\u00e4tilat pysyv\u00e4t siistein\u00e4 ja optimoituina p\u00e4ivitt\u00e4ist\u00e4 toimintaa [&hellip;]<\/p>\n","protected":false},"author":11,"featured_media":0,"parent":0,"menu_order":0,"comment_status":"closed","ping_status":"closed","template":"","meta":{"_acf_changed":false,"footnotes":""},"class_list":["post-4914","page","type-page","status-publish","hentry"],"acf":[],"aioseo_notices":[],"_links":{"self":[{"href":"https:\/\/nordicministorages.ee\/fi\/wp-json\/wp\/v2\/pages\/4914","targetHints":{"allow":["GET"]}}],"collection":[{"href":"https:\/\/nordicministorages.ee\/fi\/wp-json\/wp\/v2\/pages"}],"about":[{"href":"https:\/\/nordicministorages.ee\/fi\/wp-json\/wp\/v2\/types\/page"}],"author":[{"embeddable":true,"href":"https:\/\/nordicministorages.ee\/fi\/wp-json\/wp\/v2\/users\/11"}],"replies":[{"embeddable":true,"href":"https:\/\/nordicministorages.ee\/fi\/wp-json\/wp\/v2\/comments?post=4914"}],"version-history":[{"count":2,"href":"https:\/\/nordicministorages.ee\/fi\/wp-json\/wp\/v2\/pages\/4914\/revisions"}],"predecessor-version":[{"id":4918,"href":"https:\/\/nordicministorages.ee\/fi\/wp-json\/wp\/v2\/pages\/4914\/revisions\/4918"}],"wp:attachment":[{"href":"https:\/\/nordicministorages.ee\/fi\/wp-json\/wp\/v2\/media?parent=4914"}],"curies":[{"name":"wp","href":"https:\/\/api.w.org\/{rel}","templated":true}]}}