{"id":4919,"date":"2023-10-25T10:57:28","date_gmt":"2023-10-25T07:57:28","guid":{"rendered":"https:\/\/nordicministorages.ee\/miten-vuokraat-pienvaraston\/"},"modified":"2025-03-12T14:56:41","modified_gmt":"2025-03-12T12:56:41","slug":"miten-vuokraat-pienvaraston","status":"publish","type":"page","link":"https:\/\/nordicministorages.ee\/fi\/miten-vuokraat-pienvaraston\/","title":{"rendered":"Miten vuokraat pienvaraston?"},"content":{"rendered":"\t\t<div data-elementor-type=\"wp-page\" data-elementor-id=\"4919\" class=\"elementor elementor-4919 elementor-2539\" data-elementor-post-type=\"page\">\n\t\t\t\t\t\t<section class=\"elementor-section elementor-top-section elementor-element elementor-element-0457416 elementor-section-boxed elementor-section-height-default elementor-section-height-default\" data-id=\"0457416\" data-element_type=\"section\" data-e-type=\"section\">\n\t\t\t\t\t\t<div class=\"elementor-container elementor-column-gap-default\">\n\t\t\t\t\t<div class=\"elementor-column elementor-col-33 elementor-top-column elementor-element elementor-element-87efdae elementor-hidden-mobile\" data-id=\"87efdae\" data-element_type=\"column\" data-e-type=\"column\">\n\t\t\t<div class=\"elementor-widget-wrap\">\n\t\t\t\t\t\t\t<\/div>\n\t\t<\/div>\n\t\t\t\t<div class=\"elementor-column elementor-col-33 elementor-top-column elementor-element elementor-element-28c5e88\" data-id=\"28c5e88\" data-element_type=\"column\" data-e-type=\"column\">\n\t\t\t<div class=\"elementor-widget-wrap elementor-element-populated\">\n\t\t\t\t\t\t<div class=\"elementor-element elementor-element-014ef05 elementor-widget elementor-widget-heading\" data-id=\"014ef05\" data-element_type=\"widget\" data-e-type=\"widget\" data-widget_type=\"heading.default\">\n\t\t\t\t<div class=\"elementor-widget-container\">\n\t\t\t\t\t<h2 class=\"elementor-heading-title elementor-size-default\">Miten vuokraat pienvaraston?<\/h2>\t\t\t\t<\/div>\n\t\t\t\t<\/div>\n\t\t\t\t<div class=\"elementor-element elementor-element-31b6efe elementor-widget elementor-widget-image\" data-id=\"31b6efe\" data-element_type=\"widget\" data-e-type=\"widget\" data-widget_type=\"image.default\">\n\t\t\t\t<div class=\"elementor-widget-container\">\n\t\t\t\t\t\t\t\t\t\t\t\t\t\t\t<img fetchpriority=\"high\" decoding=\"async\" width=\"800\" height=\"800\" src=\"https:\/\/nordicministorages.ee\/wp-content\/uploads\/2023\/10\/galleria_2_04.jpg\" class=\"attachment-large size-large wp-image-2195\" alt=\"\" srcset=\"https:\/\/nordicministorages.ee\/wp-content\/uploads\/2023\/10\/galleria_2_04.jpg 800w, https:\/\/nordicministorages.ee\/wp-content\/uploads\/2023\/10\/galleria_2_04-300x300.jpg 300w, https:\/\/nordicministorages.ee\/wp-content\/uploads\/2023\/10\/galleria_2_04-150x150.jpg 150w, https:\/\/nordicministorages.ee\/wp-content\/uploads\/2023\/10\/galleria_2_04-768x768.jpg 768w, https:\/\/nordicministorages.ee\/wp-content\/uploads\/2023\/10\/galleria_2_04-60x60.jpg 60w, https:\/\/nordicministorages.ee\/wp-content\/uploads\/2023\/10\/galleria_2_04-110x110.jpg 110w, https:\/\/nordicministorages.ee\/wp-content\/uploads\/2023\/10\/galleria_2_04-600x600.jpg 600w, https:\/\/nordicministorages.ee\/wp-content\/uploads\/2023\/10\/galleria_2_04-100x100.jpg 100w\" sizes=\"(max-width: 800px) 100vw, 800px\" \/>\t\t\t\t\t\t\t\t\t\t\t\t\t\t\t<\/div>\n\t\t\t\t<\/div>\n\t\t\t\t<div class=\"elementor-element elementor-element-a91a690 elementor-widget elementor-widget-text-editor\" data-id=\"a91a690\" data-element_type=\"widget\" data-e-type=\"widget\" data-widget_type=\"text-editor.default\">\n\t\t\t\t<div class=\"elementor-widget-container\">\n\t\t\t\t\t\t\t\t\t<p><strong>Olemme laatineet helppok\u00e4ytt\u00f6isen oppaan siit\u00e4, miten voit vuokrata pienvarastosta yksik\u00f6n 7 helpolla askeleella.<\/strong><\/p>\n\t\t\t\t\t\t\t\t<\/div>\n\t\t\t\t<\/div>\n\t\t\t\t<div class=\"elementor-element elementor-element-ad44c13 elementor-widget elementor-widget-text-editor\" data-id=\"ad44c13\" data-element_type=\"widget\" data-e-type=\"widget\" data-widget_type=\"text-editor.default\">\n\t\t\t\t<div class=\"elementor-widget-container\">\n\t\t\t\t\t\t\t\t\t<p><strong>1. Valitse tarvitsemasi varastoyksik\u00f6n koko<\/strong><\/p>\n<p><em>Huom! Muista, ett\u00e4 voit vaihtaa yksikk\u00f6\u00e4 maksutta, jos tarvitset toista kokoa.<\/em><\/p>\n<p><a href=\"https:\/\/nordicministorages.ee\/kaavakuja-6\/rent-a-unit\/\">Klikkaa t\u00e4st\u00e4 n\u00e4hd\u00e4ksesi vapaana olevat varastoyksik\u00f6t.<\/a><\/p>\n<p>Jos napsautat &#8221;Lue lis\u00e4\u00e4&#8221; -painiketta, saat lis\u00e4tietoja yksik\u00f6st\u00e4 ja varastorakennuksesta.<\/p>\n\t\t\t\t\t\t\t\t<\/div>\n\t\t\t\t<\/div>\n\t\t\t\t<div class=\"elementor-element elementor-element-3e1f1c1 elementor-widget elementor-widget-text-editor\" data-id=\"3e1f1c1\" data-element_type=\"widget\" data-e-type=\"widget\" data-widget_type=\"text-editor.default\">\n\t\t\t\t<div class=\"elementor-widget-container\">\n\t\t\t\t\t\t\t\t\t<p><strong>2. Aloita vuokrausprosessi (se tapahtuu kokonaan verkossa).<\/strong><\/p>\n<p>Kun olet p\u00e4\u00e4tt\u00e4nyt haluamasi varastoyksik\u00f6n koon, napsauta &#8221;Vuokraa nyt&#8221; -painiketta.<\/p>\n<p>T\u00e4m\u00e4 vie sinut kassa -sivulle. <\/p>\n\t\t\t\t\t\t\t\t<\/div>\n\t\t\t\t<\/div>\n\t\t\t\t<div class=\"elementor-element elementor-element-2160152 elementor-widget elementor-widget-text-editor\" data-id=\"2160152\" data-element_type=\"widget\" data-e-type=\"widget\" data-widget_type=\"text-editor.default\">\n\t\t\t\t<div class=\"elementor-widget-container\">\n\t\t\t\t\t\t\t\t\t<p><strong>3. T\u00e4yt\u00e4 yhteystietosi<\/strong><\/p>\n<p>Kassasivulla sinun on t\u00e4ytett\u00e4v\u00e4 yhteystietosi vuokrasopimusta ja vuokranmaksua varten.<\/p>\n<p><em>Huom! My\u00f6hemmin maksat ensimm\u00e4isen kuukauden vuokran ja allekirjoitat vuokrasopimuksen digitaalisesti.<\/em> <\/p>\n<p>Sinun on t\u00e4ytett\u00e4v\u00e4:<\/p>\n<ul>\n<li>Nimi<\/li>\n<li>Osoite<\/li>\n<li>Puhelinnumero<\/li>\n<li>S\u00e4hk\u00f6postiosoite<\/li>\n<li>Henkil\u00f6tunnus<\/li>\n<\/ul>\n\t\t\t\t\t\t\t\t<\/div>\n\t\t\t\t<\/div>\n\t\t\t\t<div class=\"elementor-element elementor-element-f5aef7f elementor-widget elementor-widget-text-editor\" data-id=\"f5aef7f\" data-element_type=\"widget\" data-e-type=\"widget\" data-widget_type=\"text-editor.default\">\n\t\t\t\t<div class=\"elementor-widget-container\">\n\t\t\t\t\t\t\t\t\t<p><strong>4. Valitse p\u00e4iv\u00e4m\u00e4\u00e4r\u00e4, jolloin vuokrasopimus alkaa<\/strong><\/p>\n<p>Valitse p\u00e4iv\u00e4m\u00e4\u00e4r\u00e4, jolloin haluat aloittaa varastoyksik\u00f6n vuokraamisen. <\/p>\n<p><em>Voit valita p\u00e4iv\u00e4m\u00e4\u00e4r\u00e4n enint\u00e4\u00e4n 21 p\u00e4iv\u00e4\u00e4 tulevaisuuteen tai valita p\u00e4iv\u00e4m\u00e4\u00e4r\u00e4ksi t\u00e4m\u00e4n p\u00e4iv\u00e4n.<\/em><\/p>\n<p>N\u00e4in et maksa varastoyksik\u00f6st\u00e4 p\u00e4ivist\u00e4, joita et tarvitse.<\/p>\n\t\t\t\t\t\t\t\t<\/div>\n\t\t\t\t<\/div>\n\t\t\t\t<div class=\"elementor-element elementor-element-ec7d052 elementor-widget elementor-widget-text-editor\" data-id=\"ec7d052\" data-element_type=\"widget\" data-e-type=\"widget\" data-widget_type=\"text-editor.default\">\n\t\t\t\t<div class=\"elementor-widget-container\">\n\t\t\t\t\t\t\t\t\t<p><strong>5. Jatka maksutapaan ja maksa ensimm\u00e4isen kuukauden vuokra.<\/strong><\/p>\n<p>Seuraava vaihe on valita maksutapa, jota haluat k\u00e4ytt\u00e4\u00e4.<\/p>\n<p>Tarjoamme maksutapoina luottokorttia, pankkikorttia ja verkkopankkimaksua.<\/p>\n<p><em>Huom! Suosittelemme luotto- tai pankkikortin k\u00e4ytt\u00e4mist\u00e4, jotta kuukausittainen vuokranmaksu tapahtuu automaattisesti. N\u00e4in et unohda maksaa vuokraa.<\/em><\/p>\n<p>Napsauta seuraavaksi haluamaasi maksutapaa ja suorita maksu.<\/p>\n\t\t\t\t\t\t\t\t<\/div>\n\t\t\t\t<\/div>\n\t\t\t\t<div class=\"elementor-element elementor-element-2e79a86 elementor-widget elementor-widget-text-editor\" data-id=\"2e79a86\" data-element_type=\"widget\" data-e-type=\"widget\" data-widget_type=\"text-editor.default\">\n\t\t\t\t<div class=\"elementor-widget-container\">\n\t\t\t\t\t\t\t\t\t<p><strong>6. Allekirjoita vuokrasopimus<\/strong><\/p>\n<p>Noin 2-5 minuutin kuluttua ensimm\u00e4isen kuukauden vuokran maksamisesta saat tekstiviestin ja s\u00e4hk\u00f6postin, jossa on linkki vuokrasopimuksen allekirjoittamiseen.<\/p>\n<p>Napsauta linkki\u00e4 toisesta ja allekirjoita sopimus digitaalisesti verkkopankkitunnuksillasi.<\/p>\n<p>Kun sopimus on allekirjoitettu, valmistelemme sinulle p\u00e4\u00e4syn varastoyksikk\u00f6\u00f6si.<\/p>\n\t\t\t\t\t\t\t\t<\/div>\n\t\t\t\t<\/div>\n\t\t\t\t<div class=\"elementor-element elementor-element-9e778df elementor-widget elementor-widget-text-editor\" data-id=\"9e778df\" data-element_type=\"widget\" data-e-type=\"widget\" data-widget_type=\"text-editor.default\">\n\t\t\t\t<div class=\"elementor-widget-container\">\n\t\t\t\t\t\t\t\t\t<p><strong>7. Lataa Noke-sovellus puhelimeesi varastoyksik\u00f6n k\u00e4ytt\u00f6\u00e4 varten<\/strong><\/p>\n<p>Voit nyt ladata Noke-sovelluksen matkapuhelimeesi.<\/p>\n<p>Sovellusta k\u00e4ytet\u00e4\u00e4n varastorakennuksen ovien ja yksikk\u00f6si oven avaamiseen. N\u00e4in sinulla on p\u00e4\u00e4sy varastoosi 24 tuntia vuorokaudessa.<\/p>\n<p>Voit ladata sovelluksen t\u00e4\u00e4lt\u00e4:<\/p>\n\t\t\t\t\t\t\t\t<\/div>\n\t\t\t\t<\/div>\n\t\t\t\t<section class=\"elementor-section elementor-inner-section elementor-element elementor-element-ec5bf6e elementor-section-boxed elementor-section-height-default elementor-section-height-default\" data-id=\"ec5bf6e\" data-element_type=\"section\" data-e-type=\"section\">\n\t\t\t\t\t\t<div class=\"elementor-container elementor-column-gap-default\">\n\t\t\t\t\t<div class=\"elementor-column elementor-col-50 elementor-inner-column elementor-element elementor-element-3a1a030\" data-id=\"3a1a030\" data-element_type=\"column\" data-e-type=\"column\">\n\t\t\t<div class=\"elementor-widget-wrap elementor-element-populated\">\n\t\t\t\t\t\t<div class=\"elementor-element elementor-element-a4867eb elementor-widget__width-auto elementor-widget elementor-widget-image\" data-id=\"a4867eb\" data-element_type=\"widget\" data-e-type=\"widget\" data-widget_type=\"image.default\">\n\t\t\t\t<div class=\"elementor-widget-container\">\n\t\t\t\t\t\t\t\t\t\t\t\t\t\t\t\t<a href=\"https:\/\/itunes.apple.com\/us\/app\/storage-smart-entry-by-nok%C4%93\/id1241055944?ls=1&#038;mt=8#\">\n\t\t\t\t\t\t\t<img decoding=\"async\" src=\"https:\/\/nordicministorages.ee\/wp-content\/uploads\/elementor\/thumbs\/appstore_dark-q7i9kevbckfcz327aq8p32t646k9m4oz4fssf2swye.png\" title=\"appstore_dark.png\" alt=\"appstore_dark.png\" loading=\"lazy\" \/>\t\t\t\t\t\t\t\t<\/a>\n\t\t\t\t\t\t\t\t\t\t\t\t\t\t\t<\/div>\n\t\t\t\t<\/div>\n\t\t\t\t\t<\/div>\n\t\t<\/div>\n\t\t\t\t<div class=\"elementor-column elementor-col-50 elementor-inner-column elementor-element elementor-element-f886d94\" data-id=\"f886d94\" data-element_type=\"column\" data-e-type=\"column\">\n\t\t\t<div class=\"elementor-widget-wrap elementor-element-populated\">\n\t\t\t\t\t\t<div class=\"elementor-element elementor-element-4249256 elementor-widget__width-auto elementor-widget elementor-widget-image\" data-id=\"4249256\" data-element_type=\"widget\" data-e-type=\"widget\" data-widget_type=\"image.default\">\n\t\t\t\t<div class=\"elementor-widget-container\">\n\t\t\t\t\t\t\t\t\t\t\t\t\t\t\t\t<a href=\"https:\/\/play.google.com\/store\/apps\/details?id=com.noke.nokeaccess\">\n\t\t\t\t\t\t\t<img decoding=\"async\" src=\"https:\/\/nordicministorages.ee\/wp-content\/uploads\/elementor\/thumbs\/googlestore_dark-q7i9jmo5qlv9ohctoe075pc4jgtrx0rqufyqid8oly.png\" title=\"googlestore_dark.png\" alt=\"googlestore_dark.png\" loading=\"lazy\" \/>\t\t\t\t\t\t\t\t<\/a>\n\t\t\t\t\t\t\t\t\t\t\t\t\t\t\t<\/div>\n\t\t\t\t<\/div>\n\t\t\t\t\t<\/div>\n\t\t<\/div>\n\t\t\t\t\t<\/div>\n\t\t<\/section>\n\t\t\t\t<div class=\"elementor-element elementor-element-57d765a elementor-widget elementor-widget-text-editor\" data-id=\"57d765a\" data-element_type=\"widget\" data-e-type=\"widget\" data-widget_type=\"text-editor.default\">\n\t\t\t\t<div class=\"elementor-widget-container\">\n\t\t\t\t\t\t\t\t\t<p>Seuraavaksi saat tekstiviestin, jossa on p\u00e4\u00e4sykoodi, jonka voit sy\u00f6tt\u00e4\u00e4 sovellukseen.<\/p>\n<p>HUOM! Saat p\u00e4\u00e4sykoodin tekstiviestill\u00e4, kun vuokrasopimuksesi alkaa valitsemanasi p\u00e4iv\u00e4n\u00e4. Jos sopimus alkaa t\u00e4n\u00e4\u00e4n, saat tekstiviestin pian.<\/p>\n<p>Kun olet sy\u00f6tt\u00e4nyt sovellukseen p\u00e4\u00e4sykoodin, voit avata varastorakennuksen ja yksikk\u00f6si oven sovelluksen avulla. <\/p>\n\t\t\t\t\t\t\t\t<\/div>\n\t\t\t\t<\/div>\n\t\t\t\t<div class=\"elementor-element elementor-element-17c2760 elementor-position-inline-start elementor-view-default elementor-mobile-position-block-start elementor-widget elementor-widget-icon-box\" data-id=\"17c2760\" data-element_type=\"widget\" data-e-type=\"widget\" data-widget_type=\"icon-box.default\">\n\t\t\t\t<div class=\"elementor-widget-container\">\n\t\t\t\t\t\t\t<div class=\"elementor-icon-box-wrapper\">\n\n\t\t\t\t\t\t<div class=\"elementor-icon-box-icon\">\n\t\t\t\t<a href=\"https:\/\/nordicministorages.ee\/fi\/?page_id=4908\" class=\"elementor-icon\" tabindex=\"-1\" aria-label=\"Kuinka avata ja sulkea ulko-ovi puhelimella?\">\n\t\t\t\t<i aria-hidden=\"true\" class=\"fas fa-info-circle\"><\/i>\t\t\t\t<\/a>\n\t\t\t<\/div>\n\t\t\t\n\t\t\t\t\t\t<div class=\"elementor-icon-box-content\">\n\n\t\t\t\t\t\t\t\t\t<h3 class=\"elementor-icon-box-title\">\n\t\t\t\t\t\t<a href=\"https:\/\/nordicministorages.ee\/fi\/?page_id=4908\" >\n\t\t\t\t\t\t\tKuinka avata ja sulkea ulko-ovi puhelimella?\t\t\t\t\t\t<\/a>\n\t\t\t\t\t<\/h3>\n\t\t\t\t\n\t\t\t\t\n\t\t\t<\/div>\n\t\t\t\n\t\t<\/div>\n\t\t\t\t\t\t<\/div>\n\t\t\t\t<\/div>\n\t\t\t\t<div class=\"elementor-element elementor-element-a56018e elementor-position-inline-start elementor-view-default elementor-mobile-position-block-start elementor-widget elementor-widget-icon-box\" data-id=\"a56018e\" data-element_type=\"widget\" data-e-type=\"widget\" data-widget_type=\"icon-box.default\">\n\t\t\t\t<div class=\"elementor-widget-container\">\n\t\t\t\t\t\t\t<div class=\"elementor-icon-box-wrapper\">\n\n\t\t\t\t\t\t<div class=\"elementor-icon-box-icon\">\n\t\t\t\t<a href=\"https:\/\/nordicministorages.ee\/fi\/?page_id=4913\" class=\"elementor-icon\" tabindex=\"-1\" aria-label=\"Kuinka avata varastoyksik\u00f6n ovi puhelimella\">\n\t\t\t\t<i aria-hidden=\"true\" class=\"fas fa-info-circle\"><\/i>\t\t\t\t<\/a>\n\t\t\t<\/div>\n\t\t\t\n\t\t\t\t\t\t<div class=\"elementor-icon-box-content\">\n\n\t\t\t\t\t\t\t\t\t<h3 class=\"elementor-icon-box-title\">\n\t\t\t\t\t\t<a href=\"https:\/\/nordicministorages.ee\/fi\/?page_id=4913\" >\n\t\t\t\t\t\t\tKuinka avata varastoyksik\u00f6n ovi puhelimella\t\t\t\t\t\t<\/a>\n\t\t\t\t\t<\/h3>\n\t\t\t\t\n\t\t\t\t\n\t\t\t<\/div>\n\t\t\t\n\t\t<\/div>\n\t\t\t\t\t\t<\/div>\n\t\t\t\t<\/div>\n\t\t\t\t\t<\/div>\n\t\t<\/div>\n\t\t\t\t<div class=\"elementor-column elementor-col-33 elementor-top-column elementor-element elementor-element-5e7a763 elementor-hidden-mobile\" data-id=\"5e7a763\" data-element_type=\"column\" data-e-type=\"column\">\n\t\t\t<div class=\"elementor-widget-wrap\">\n\t\t\t\t\t\t\t<\/div>\n\t\t<\/div>\n\t\t\t\t\t<\/div>\n\t\t<\/section>\n\t\t\t\t<\/div>\n\t\t","protected":false},"excerpt":{"rendered":"<p>Miten vuokraat pienvaraston? Olemme laatineet helppok\u00e4ytt\u00f6isen oppaan siit\u00e4, miten voit vuokrata pienvarastosta yksik\u00f6n 7 helpolla askeleella. 1. Valitse tarvitsemasi varastoyksik\u00f6n koko Huom! Muista, ett\u00e4 voit vaihtaa yksikk\u00f6\u00e4 maksutta, jos tarvitset toista kokoa. Klikkaa t\u00e4st\u00e4 n\u00e4hd\u00e4ksesi vapaana olevat varastoyksik\u00f6t. Jos napsautat &#8221;Lue lis\u00e4\u00e4&#8221; -painiketta, saat lis\u00e4tietoja yksik\u00f6st\u00e4 ja varastorakennuksesta. 2. Aloita vuokrausprosessi (se tapahtuu kokonaan verkossa). [&hellip;]<\/p>\n","protected":false},"author":11,"featured_media":0,"parent":0,"menu_order":0,"comment_status":"closed","ping_status":"closed","template":"","meta":{"_acf_changed":false,"footnotes":""},"class_list":["post-4919","page","type-page","status-publish","hentry"],"acf":[],"aioseo_notices":[],"_links":{"self":[{"href":"https:\/\/nordicministorages.ee\/fi\/wp-json\/wp\/v2\/pages\/4919","targetHints":{"allow":["GET"]}}],"collection":[{"href":"https:\/\/nordicministorages.ee\/fi\/wp-json\/wp\/v2\/pages"}],"about":[{"href":"https:\/\/nordicministorages.ee\/fi\/wp-json\/wp\/v2\/types\/page"}],"author":[{"embeddable":true,"href":"https:\/\/nordicministorages.ee\/fi\/wp-json\/wp\/v2\/users\/11"}],"replies":[{"embeddable":true,"href":"https:\/\/nordicministorages.ee\/fi\/wp-json\/wp\/v2\/comments?post=4919"}],"version-history":[{"count":3,"href":"https:\/\/nordicministorages.ee\/fi\/wp-json\/wp\/v2\/pages\/4919\/revisions"}],"predecessor-version":[{"id":4930,"href":"https:\/\/nordicministorages.ee\/fi\/wp-json\/wp\/v2\/pages\/4919\/revisions\/4930"}],"wp:attachment":[{"href":"https:\/\/nordicministorages.ee\/fi\/wp-json\/wp\/v2\/media?parent=4919"}],"curies":[{"name":"wp","href":"https:\/\/api.w.org\/{rel}","templated":true}]}}