{"id":4921,"date":"2023-07-20T10:55:04","date_gmt":"2023-07-20T07:55:04","guid":{"rendered":"https:\/\/nordicministorages.ee\/opas-varastotilan-vuokraamiseen\/"},"modified":"2025-03-12T14:56:40","modified_gmt":"2025-03-12T12:56:40","slug":"opas-varastotilan-vuokraamiseen","status":"publish","type":"page","link":"https:\/\/nordicministorages.ee\/fi\/opas-varastotilan-vuokraamiseen\/","title":{"rendered":"Opas varastotilan vuokraamiseen"},"content":{"rendered":"\t\t<div data-elementor-type=\"wp-page\" data-elementor-id=\"4921\" class=\"elementor elementor-4921 elementor-1767\" data-elementor-post-type=\"page\">\n\t\t\t\t\t\t<section class=\"elementor-section elementor-top-section elementor-element elementor-element-7155608 elementor-section-boxed elementor-section-height-default elementor-section-height-default\" data-id=\"7155608\" data-element_type=\"section\" data-e-type=\"section\">\n\t\t\t\t\t\t<div class=\"elementor-container elementor-column-gap-default\">\n\t\t\t\t\t<div class=\"elementor-column elementor-col-50 elementor-top-column elementor-element elementor-element-6b05f42\" data-id=\"6b05f42\" data-element_type=\"column\" data-e-type=\"column\">\n\t\t\t<div class=\"elementor-widget-wrap elementor-element-populated\">\n\t\t\t\t\t\t<div class=\"elementor-element elementor-element-8ecbed2 elementor-widget elementor-widget-heading\" data-id=\"8ecbed2\" data-element_type=\"widget\" data-e-type=\"widget\" data-widget_type=\"heading.default\">\n\t\t\t\t<div class=\"elementor-widget-container\">\n\t\t\t\t\t<h2 class=\"elementor-heading-title elementor-size-default\">Opas varastoyksik\u00f6n vuokraamiseen<\/h2>\t\t\t\t<\/div>\n\t\t\t\t<\/div>\n\t\t\t\t<div class=\"elementor-element elementor-element-8bae99c elementor-widget elementor-widget-text-editor\" data-id=\"8bae99c\" data-element_type=\"widget\" data-e-type=\"widget\" data-widget_type=\"text-editor.default\">\n\t\t\t\t<div class=\"elementor-widget-container\">\n\t\t\t\t\t\t\t\t\t<p><strong>1. Valitse vapaa yksikk\u00f6 tarvitsemassasi koossa<\/strong><\/p>\n<p>Voit valita 2m\u00b2-10m\u00b2 kokoisen varaston.<\/p>\n<p><a href=\"https:\/\/nordicministorages.ee\/kaavakuja-6\/rent-a-unit\/\">Klikkaa t\u00e4st\u00e4 ja tarkista vapaana olevat varastot!<\/a><\/p>\n\t\t\t\t\t\t\t\t<\/div>\n\t\t\t\t<\/div>\n\t\t\t\t<div class=\"elementor-element elementor-element-5ae5e78 elementor-widget elementor-widget-text-editor\" data-id=\"5ae5e78\" data-element_type=\"widget\" data-e-type=\"widget\" data-widget_type=\"text-editor.default\">\n\t\t\t\t<div class=\"elementor-widget-container\">\n\t\t\t\t\t\t\t\t\t<p><b>2. Aloita vuokrausprosessi<\/b><\/p>\n<p>Paina &#8221;Vuokraa nyt!&#8221; -painiketta ja aloita vuokrausprosessi.<\/p>\n\t\t\t\t\t\t\t\t<\/div>\n\t\t\t\t<\/div>\n\t\t\t\t<div class=\"elementor-element elementor-element-f66114e elementor-widget elementor-widget-text-editor\" data-id=\"f66114e\" data-element_type=\"widget\" data-e-type=\"widget\" data-widget_type=\"text-editor.default\">\n\t\t\t\t<div class=\"elementor-widget-container\">\n\t\t\t\t\t\t\t\t\t<p><b>3. T\u00e4yt\u00e4 yhteystietosi<\/b><\/p>\n<p>Tarvitsemme yhteystietosi vuokrasopimusta ja varastorakennukseen p\u00e4\u00e4sy\u00e4 varten:<\/p>\n\t\t\t\t\t\t\t\t<\/div>\n\t\t\t\t<\/div>\n\t\t\t\t<div class=\"elementor-element elementor-element-fbf3333 elementor-icon-list--layout-traditional elementor-list-item-link-full_width elementor-widget elementor-widget-icon-list\" data-id=\"fbf3333\" data-element_type=\"widget\" data-e-type=\"widget\" data-widget_type=\"icon-list.default\">\n\t\t\t\t<div class=\"elementor-widget-container\">\n\t\t\t\t\t\t\t<ul class=\"elementor-icon-list-items\">\n\t\t\t\t\t\t\t<li class=\"elementor-icon-list-item\">\n\t\t\t\t\t\t\t\t\t\t\t<span class=\"elementor-icon-list-icon\">\n\t\t\t\t\t\t\t<i aria-hidden=\"true\" class=\"fas fa-check\"><\/i>\t\t\t\t\t\t<\/span>\n\t\t\t\t\t\t\t\t\t\t<span class=\"elementor-icon-list-text\">S\u00e4hk\u00f6postiosoite<\/span>\n\t\t\t\t\t\t\t\t\t<\/li>\n\t\t\t\t\t\t\t\t<li class=\"elementor-icon-list-item\">\n\t\t\t\t\t\t\t\t\t\t\t<span class=\"elementor-icon-list-icon\">\n\t\t\t\t\t\t\t<i aria-hidden=\"true\" class=\"fas fa-check\"><\/i>\t\t\t\t\t\t<\/span>\n\t\t\t\t\t\t\t\t\t\t<span class=\"elementor-icon-list-text\">Koko nimi<\/span>\n\t\t\t\t\t\t\t\t\t<\/li>\n\t\t\t\t\t\t\t\t<li class=\"elementor-icon-list-item\">\n\t\t\t\t\t\t\t\t\t\t\t<span class=\"elementor-icon-list-icon\">\n\t\t\t\t\t\t\t<i aria-hidden=\"true\" class=\"fas fa-check\"><\/i>\t\t\t\t\t\t<\/span>\n\t\t\t\t\t\t\t\t\t\t<span class=\"elementor-icon-list-text\">Henkil\u00f6tunnus<\/span>\n\t\t\t\t\t\t\t\t\t<\/li>\n\t\t\t\t\t\t\t\t<li class=\"elementor-icon-list-item\">\n\t\t\t\t\t\t\t\t\t\t\t<span class=\"elementor-icon-list-icon\">\n\t\t\t\t\t\t\t<i aria-hidden=\"true\" class=\"fas fa-check\"><\/i>\t\t\t\t\t\t<\/span>\n\t\t\t\t\t\t\t\t\t\t<span class=\"elementor-icon-list-text\">Yrityksen nimi (jos varastoyksikk\u00f6 on vuokrataan yritykselle).<\/span>\n\t\t\t\t\t\t\t\t\t<\/li>\n\t\t\t\t\t\t\t\t<li class=\"elementor-icon-list-item\">\n\t\t\t\t\t\t\t\t\t\t\t<span class=\"elementor-icon-list-icon\">\n\t\t\t\t\t\t\t<i aria-hidden=\"true\" class=\"fas fa-check\"><\/i>\t\t\t\t\t\t<\/span>\n\t\t\t\t\t\t\t\t\t\t<span class=\"elementor-icon-list-text\">Osoite<\/span>\n\t\t\t\t\t\t\t\t\t<\/li>\n\t\t\t\t\t\t\t\t<li class=\"elementor-icon-list-item\">\n\t\t\t\t\t\t\t\t\t\t\t<span class=\"elementor-icon-list-icon\">\n\t\t\t\t\t\t\t<i aria-hidden=\"true\" class=\"fas fa-check\"><\/i>\t\t\t\t\t\t<\/span>\n\t\t\t\t\t\t\t\t\t\t<span class=\"elementor-icon-list-text\">Puhelinnumero<\/span>\n\t\t\t\t\t\t\t\t\t<\/li>\n\t\t\t\t\t\t\t\t<li class=\"elementor-icon-list-item\">\n\t\t\t\t\t\t\t\t\t\t\t<span class=\"elementor-icon-list-icon\">\n\t\t\t\t\t\t\t<i aria-hidden=\"true\" class=\"fas fa-check\"><\/i>\t\t\t\t\t\t<\/span>\n\t\t\t\t\t\t\t\t\t\t<span class=\"elementor-icon-list-text\">Vuokrasopimuksen alkamisp\u00e4iv\u00e4<\/span>\n\t\t\t\t\t\t\t\t\t<\/li>\n\t\t\t\t\t\t<\/ul>\n\t\t\t\t\t\t<\/div>\n\t\t\t\t<\/div>\n\t\t\t\t<div class=\"elementor-element elementor-element-756b253 elementor-widget elementor-widget-text-editor\" data-id=\"756b253\" data-element_type=\"widget\" data-e-type=\"widget\" data-widget_type=\"text-editor.default\">\n\t\t\t\t<div class=\"elementor-widget-container\">\n\t\t\t\t\t\t\t\t\t<p><b>4. Maksa ensimm\u00e4isen kuukauden vuokra<\/b><\/p>\n<p>Voit maksaa luotto-\/pankkikortilla tai verkkopankin kautta.<\/p>\n\t\t\t\t\t\t\t\t<\/div>\n\t\t\t\t<\/div>\n\t\t\t\t<div class=\"elementor-element elementor-element-40ebf74 elementor-widget elementor-widget-text-editor\" data-id=\"40ebf74\" data-element_type=\"widget\" data-e-type=\"widget\" data-widget_type=\"text-editor.default\">\n\t\t\t\t<div class=\"elementor-widget-container\">\n\t\t\t\t\t\t\t\t\t<p><b>5. Allekirjoita vuokrasopimus<\/b><\/p>\n<p>Kun olet tehnyt maksun, saat muutaman minuutin kuluessa linkin, jolla voit allekirjoittaa vuokrasopimuksen digitaalisesti.<\/p>\n\t\t\t\t\t\t\t\t<\/div>\n\t\t\t\t<\/div>\n\t\t\t\t<div class=\"elementor-element elementor-element-1fc1f15 elementor-widget elementor-widget-text-editor\" data-id=\"1fc1f15\" data-element_type=\"widget\" data-e-type=\"widget\" data-widget_type=\"text-editor.default\">\n\t\t\t\t<div class=\"elementor-widget-container\">\n\t\t\t\t\t\t\t\t\t<p><b>6. Lataa sovellus p\u00e4\u00e4st\u00e4ksesi varastorakennukseen<\/b><\/p>\n<p>Voit k\u00e4ytt\u00e4\u00e4 sovellusta valitsemasi vuokrauksen alkamisp\u00e4iv\u00e4st\u00e4 alkaen puhelinnumerosi avulla.<\/p>\n\t\t\t\t\t\t\t\t<\/div>\n\t\t\t\t<\/div>\n\t\t\t\t\t<\/div>\n\t\t<\/div>\n\t\t\t\t<div class=\"elementor-column elementor-col-50 elementor-top-column elementor-element elementor-element-c7b5190\" data-id=\"c7b5190\" data-element_type=\"column\" data-e-type=\"column\">\n\t\t\t<div class=\"elementor-widget-wrap elementor-element-populated\">\n\t\t\t\t\t\t<div class=\"elementor-element elementor-element-0ae6835 elementor-invisible elementor-widget elementor-widget-image\" data-id=\"0ae6835\" data-element_type=\"widget\" data-e-type=\"widget\" data-settings=\"{&quot;_animation&quot;:&quot;fadeInLeft&quot;,&quot;_animation_delay&quot;:&quot;100&quot;}\" data-widget_type=\"image.default\">\n\t\t\t\t<div class=\"elementor-widget-container\">\n\t\t\t\t\t\t\t\t\t\t\t\t\t\t\t<img fetchpriority=\"high\" decoding=\"async\" width=\"800\" height=\"800\" src=\"https:\/\/nordicministorages.ee\/wp-content\/uploads\/2023\/09\/W_-_2023-09_-_FC_-_01_frame-1024x1024.jpg\" class=\"attachment-large size-large wp-image-1940\" alt=\"\" srcset=\"https:\/\/nordicministorages.ee\/wp-content\/uploads\/2023\/09\/W_-_2023-09_-_FC_-_01_frame-1024x1024.jpg 1024w, https:\/\/nordicministorages.ee\/wp-content\/uploads\/2023\/09\/W_-_2023-09_-_FC_-_01_frame-300x300.jpg 300w, https:\/\/nordicministorages.ee\/wp-content\/uploads\/2023\/09\/W_-_2023-09_-_FC_-_01_frame-150x150.jpg 150w, https:\/\/nordicministorages.ee\/wp-content\/uploads\/2023\/09\/W_-_2023-09_-_FC_-_01_frame-768x768.jpg 768w, https:\/\/nordicministorages.ee\/wp-content\/uploads\/2023\/09\/W_-_2023-09_-_FC_-_01_frame-60x60.jpg 60w, https:\/\/nordicministorages.ee\/wp-content\/uploads\/2023\/09\/W_-_2023-09_-_FC_-_01_frame-110x110.jpg 110w, https:\/\/nordicministorages.ee\/wp-content\/uploads\/2023\/09\/W_-_2023-09_-_FC_-_01_frame-600x600.jpg 600w, https:\/\/nordicministorages.ee\/wp-content\/uploads\/2023\/09\/W_-_2023-09_-_FC_-_01_frame-100x100.jpg 100w, https:\/\/nordicministorages.ee\/wp-content\/uploads\/2023\/09\/W_-_2023-09_-_FC_-_01_frame.jpg 1080w\" sizes=\"(max-width: 800px) 100vw, 800px\" \/>\t\t\t\t\t\t\t\t\t\t\t\t\t\t\t<\/div>\n\t\t\t\t<\/div>\n\t\t\t\t<div class=\"elementor-element elementor-element-c78b021 elementor-widget__width-initial elementor-absolute elementor-widget-tablet__width-initial elementor-invisible elementor-widget elementor-widget-image\" data-id=\"c78b021\" data-element_type=\"widget\" data-e-type=\"widget\" data-settings=\"{&quot;_position&quot;:&quot;absolute&quot;,&quot;_animation&quot;:&quot;zoomIn&quot;,&quot;_animation_delay&quot;:&quot;500&quot;}\" data-widget_type=\"image.default\">\n\t\t\t\t<div class=\"elementor-widget-container\">\n\t\t\t\t\t\t\t\t\t\t\t\t\t\t\t<img decoding=\"async\" width=\"600\" height=\"600\" src=\"https:\/\/nordicministorages.ee\/wp-content\/uploads\/2023\/06\/lines-02.png\" class=\"attachment-large size-large wp-image-1356\" alt=\"\" srcset=\"https:\/\/nordicministorages.ee\/wp-content\/uploads\/2023\/06\/lines-02.png 600w, https:\/\/nordicministorages.ee\/wp-content\/uploads\/2023\/06\/lines-02-300x300.png 300w, https:\/\/nordicministorages.ee\/wp-content\/uploads\/2023\/06\/lines-02-150x150.png 150w, https:\/\/nordicministorages.ee\/wp-content\/uploads\/2023\/06\/lines-02-60x60.png 60w, https:\/\/nordicministorages.ee\/wp-content\/uploads\/2023\/06\/lines-02-110x110.png 110w, https:\/\/nordicministorages.ee\/wp-content\/uploads\/2023\/06\/lines-02-100x100.png 100w\" sizes=\"(max-width: 600px) 100vw, 600px\" \/>\t\t\t\t\t\t\t\t\t\t\t\t\t\t\t<\/div>\n\t\t\t\t<\/div>\n\t\t\t\t\t<\/div>\n\t\t<\/div>\n\t\t\t\t\t<\/div>\n\t\t<\/section>\n\t\t\t\t<\/div>\n\t\t","protected":false},"excerpt":{"rendered":"<p>Opas varastoyksik\u00f6n vuokraamiseen 1. Valitse vapaa yksikk\u00f6 tarvitsemassasi koossa Voit valita 2m\u00b2-10m\u00b2 kokoisen varaston. Klikkaa t\u00e4st\u00e4 ja tarkista vapaana olevat varastot! 2. Aloita vuokrausprosessi Paina &#8221;Vuokraa nyt!&#8221; -painiketta ja aloita vuokrausprosessi. 3. T\u00e4yt\u00e4 yhteystietosi Tarvitsemme yhteystietosi vuokrasopimusta ja varastorakennukseen p\u00e4\u00e4sy\u00e4 varten: S\u00e4hk\u00f6postiosoite Koko nimi Henkil\u00f6tunnus Yrityksen nimi (jos varastoyksikk\u00f6 on vuokrataan yritykselle). Osoite Puhelinnumero Vuokrasopimuksen [&hellip;]<\/p>\n","protected":false},"author":11,"featured_media":0,"parent":0,"menu_order":0,"comment_status":"closed","ping_status":"closed","template":"","meta":{"_acf_changed":false,"footnotes":""},"class_list":["post-4921","page","type-page","status-publish","hentry"],"acf":[],"aioseo_notices":[],"_links":{"self":[{"href":"https:\/\/nordicministorages.ee\/fi\/wp-json\/wp\/v2\/pages\/4921","targetHints":{"allow":["GET"]}}],"collection":[{"href":"https:\/\/nordicministorages.ee\/fi\/wp-json\/wp\/v2\/pages"}],"about":[{"href":"https:\/\/nordicministorages.ee\/fi\/wp-json\/wp\/v2\/types\/page"}],"author":[{"embeddable":true,"href":"https:\/\/nordicministorages.ee\/fi\/wp-json\/wp\/v2\/users\/11"}],"replies":[{"embeddable":true,"href":"https:\/\/nordicministorages.ee\/fi\/wp-json\/wp\/v2\/comments?post=4921"}],"version-history":[{"count":2,"href":"https:\/\/nordicministorages.ee\/fi\/wp-json\/wp\/v2\/pages\/4921\/revisions"}],"predecessor-version":[{"id":4924,"href":"https:\/\/nordicministorages.ee\/fi\/wp-json\/wp\/v2\/pages\/4921\/revisions\/4924"}],"wp:attachment":[{"href":"https:\/\/nordicministorages.ee\/fi\/wp-json\/wp\/v2\/media?parent=4921"}],"curies":[{"name":"wp","href":"https:\/\/api.w.org\/{rel}","templated":true}]}}