{"id":4181,"date":"2025-02-26T11:04:17","date_gmt":"2025-02-26T09:04:17","guid":{"rendered":"https:\/\/nordicministorages.ee\/?post_type=product&#038;p=4181"},"modified":"2025-03-26T16:37:23","modified_gmt":"2025-03-26T14:37:23","slug":"juri-6m%c2%b2","status":"publish","type":"product","link":"https:\/\/nordicministorages.ee\/fi\/storage-unit\/juri-6m%c2%b2\/","title":{"rendered":"J\u00fcri &#8211; 6m\u00b2"},"content":{"rendered":"\t\t<div data-elementor-type=\"product-post\" data-elementor-id=\"4181\" class=\"elementor elementor-4181 elementor-4180\" data-elementor-post-type=\"product\">\n\t\t\t\t\t\t<section class=\"elementor-section elementor-top-section elementor-element elementor-element-b3b7131 elementor-section-boxed elementor-section-height-default elementor-section-height-default\" data-id=\"b3b7131\" data-element_type=\"section\" data-e-type=\"section\">\n\t\t\t\t\t\t<div class=\"elementor-container elementor-column-gap-default\">\n\t\t\t\t\t<div class=\"elementor-column elementor-col-100 elementor-top-column elementor-element elementor-element-460cce2\" data-id=\"460cce2\" data-element_type=\"column\" data-e-type=\"column\">\n\t\t\t<div class=\"elementor-widget-wrap elementor-element-populated\">\n\t\t\t\t\t\t<div class=\"elementor-element elementor-element-4274916 elementor-widget elementor-widget-text-editor\" data-id=\"4274916\" data-element_type=\"widget\" data-e-type=\"widget\" data-widget_type=\"text-editor.default\">\n\t\t\t\t<div class=\"elementor-widget-container\">\n\t\t\t\t\t\t\t\t\t<p><strong>Mit\u00e4 voit s\u00e4ilytt\u00e4\u00e4 varastossa?<\/strong><\/p>\n\t\t\t\t\t\t\t\t<\/div>\n\t\t\t\t<\/div>\n\t\t\t\t<div class=\"elementor-element elementor-element-0c40aa1 elementor-icon-list--layout-traditional elementor-list-item-link-full_width elementor-widget elementor-widget-icon-list\" data-id=\"0c40aa1\" data-element_type=\"widget\" data-e-type=\"widget\" data-widget_type=\"icon-list.default\">\n\t\t\t\t<div class=\"elementor-widget-container\">\n\t\t\t\t\t\t\t<ul class=\"elementor-icon-list-items\">\n\t\t\t\t\t\t\t<li class=\"elementor-icon-list-item\">\n\t\t\t\t\t\t\t\t\t\t\t<span class=\"elementor-icon-list-icon\">\n\t\t\t\t\t\t\t<i aria-hidden=\"true\" class=\"fas fa-check\"><\/i>\t\t\t\t\t\t<\/span>\n\t\t\t\t\t\t\t\t\t\t<span class=\"elementor-icon-list-text\">Kaikki kodin tavarat, huonekalut ja esineet, joita sinulla on kotonasi.<\/span>\n\t\t\t\t\t\t\t\t\t<\/li>\n\t\t\t\t\t\t\t\t<li class=\"elementor-icon-list-item\">\n\t\t\t\t\t\t\t\t\t\t\t<span class=\"elementor-icon-list-icon\">\n\t\t\t\t\t\t\t<i aria-hidden=\"true\" class=\"fas fa-check\"><\/i>\t\t\t\t\t\t<\/span>\n\t\t\t\t\t\t\t\t\t\t<span class=\"elementor-icon-list-text\">Harrastusv\u00e4lineet, terassikalusteet ja puutarhaty\u00f6kalut<\/span>\n\t\t\t\t\t\t\t\t\t<\/li>\n\t\t\t\t\t\t<\/ul>\n\t\t\t\t\t\t<\/div>\n\t\t\t\t<\/div>\n\t\t\t\t\t<\/div>\n\t\t<\/div>\n\t\t\t\t\t<\/div>\n\t\t<\/section>\n\t\t\t\t<\/div>\n\t\t","protected":false},"excerpt":{"rendered":"<p>\ud83d\udd39 T\u00e4ydellinen 2 makuuhuoneen kotiin tai pienyrityksen tarpeisiin.<br \/>\n\ud83d\udd39 Joustava ja edullinen ratkaisu, kun tarvitset s\u00e4ilytystilaa<\/p>\n<p><strong>6 m\u00b2:n varastoyksikk\u00f6\u00f6n mahtuu noin 190 standardikokoista laatikkoa.<\/strong><\/p>\n<p>\u2705 Eritt\u00e4in tilava &#8211; mahtuu jopa 190 muuttolaatikkoa Sopii kahden makuuhuoneen kodin sis\u00e4ll\u00f6lle &#8211; sohva, s\u00e4nky, kodinkoneet, laatikot T\u00e4ydellinen muuttoon, remonttiin tai pitk\u00e4aikaiseen s\u00e4ilytykseen K\u00e4tev\u00e4 yritysk\u00e4ytt\u00f6\u00f6n &#8211; ty\u00f6kalut, laatikot, huonekalut, kansiot ja kansiot<br \/>\n\ud83c\udfe0<br \/>\n\ud83d\ude9b<br \/>\n\ud83d\udce6<\/p>\n<p><strong>Esimerkki: Se on hyv\u00e4n kokoinen yksikk\u00f6 kahden makuuhuoneen asunnon kotitaloustavaroiden s\u00e4ilytykseen.<\/strong><\/p>\n","protected":false},"featured_media":1390,"template":"","meta":{"_acf_changed":false},"product_brand":[],"product_cat":[115,108,107,89],"product_tag":[],"class_list":{"0":"post-4181","1":"product","2":"type-product","3":"status-publish","4":"has-post-thumbnail","6":"product_cat-6m","7":"product_cat-aleviku-poik-6-fi","8":"product_cat-juri-fi","9":"product_cat-lampotilan-saato","11":"first","12":"instock","13":"virtual","14":"sold-individually","15":"taxable","16":"purchasable","17":"product-type-subscription"},"acf":[],"aioseo_notices":[],"_links":{"self":[{"href":"https:\/\/nordicministorages.ee\/fi\/wp-json\/wp\/v2\/product\/4181","targetHints":{"allow":["GET"]}}],"collection":[{"href":"https:\/\/nordicministorages.ee\/fi\/wp-json\/wp\/v2\/product"}],"about":[{"href":"https:\/\/nordicministorages.ee\/fi\/wp-json\/wp\/v2\/types\/product"}],"version-history":[{"count":4,"href":"https:\/\/nordicministorages.ee\/fi\/wp-json\/wp\/v2\/product\/4181\/revisions"}],"predecessor-version":[{"id":5414,"href":"https:\/\/nordicministorages.ee\/fi\/wp-json\/wp\/v2\/product\/4181\/revisions\/5414"}],"wp:featuredmedia":[{"embeddable":true,"href":"https:\/\/nordicministorages.ee\/fi\/wp-json\/wp\/v2\/media\/1390"}],"wp:attachment":[{"href":"https:\/\/nordicministorages.ee\/fi\/wp-json\/wp\/v2\/media?parent=4181"}],"wp:term":[{"taxonomy":"product_brand","embeddable":true,"href":"https:\/\/nordicministorages.ee\/fi\/wp-json\/wp\/v2\/product_brand?post=4181"},{"taxonomy":"product_cat","embeddable":true,"href":"https:\/\/nordicministorages.ee\/fi\/wp-json\/wp\/v2\/product_cat?post=4181"},{"taxonomy":"product_tag","embeddable":true,"href":"https:\/\/nordicministorages.ee\/fi\/wp-json\/wp\/v2\/product_tag?post=4181"}],"curies":[{"name":"wp","href":"https:\/\/api.w.org\/{rel}","templated":true}]}}