{"id":4189,"date":"2025-02-26T11:33:33","date_gmt":"2025-02-26T09:33:33","guid":{"rendered":"https:\/\/nordicministorages.ee\/?post_type=product&#038;p=4189"},"modified":"2025-03-26T16:37:34","modified_gmt":"2025-03-26T14:37:34","slug":"juri-8m%c2%b2","status":"publish","type":"product","link":"https:\/\/nordicministorages.ee\/fi\/storage-unit\/juri-8m%c2%b2\/","title":{"rendered":"J\u00fcri &#8211; 8m\u00b2"},"content":{"rendered":"\t\t<div data-elementor-type=\"product-post\" data-elementor-id=\"4189\" class=\"elementor elementor-4189 elementor-4188\" data-elementor-post-type=\"product\">\n\t\t\t\t\t\t<section class=\"elementor-section elementor-top-section elementor-element elementor-element-afd8cb2 elementor-section-boxed elementor-section-height-default elementor-section-height-default\" data-id=\"afd8cb2\" data-element_type=\"section\" data-e-type=\"section\">\n\t\t\t\t\t\t<div class=\"elementor-container elementor-column-gap-default\">\n\t\t\t\t\t<div class=\"elementor-column elementor-col-100 elementor-top-column elementor-element elementor-element-6c651df\" data-id=\"6c651df\" data-element_type=\"column\" data-e-type=\"column\">\n\t\t\t<div class=\"elementor-widget-wrap elementor-element-populated\">\n\t\t\t\t\t\t<div class=\"elementor-element elementor-element-969200a elementor-widget elementor-widget-text-editor\" data-id=\"969200a\" data-element_type=\"widget\" data-e-type=\"widget\" data-widget_type=\"text-editor.default\">\n\t\t\t\t<div class=\"elementor-widget-container\">\n\t\t\t\t\t\t\t\t\t<p><strong>Mit\u00e4 voit s\u00e4ilytt\u00e4\u00e4 varastossa?<\/strong><\/p>\n\t\t\t\t\t\t\t\t<\/div>\n\t\t\t\t<\/div>\n\t\t\t\t<div class=\"elementor-element elementor-element-5e97e14 elementor-icon-list--layout-traditional elementor-list-item-link-full_width elementor-widget elementor-widget-icon-list\" data-id=\"5e97e14\" data-element_type=\"widget\" data-e-type=\"widget\" data-widget_type=\"icon-list.default\">\n\t\t\t\t<div class=\"elementor-widget-container\">\n\t\t\t\t\t\t\t<ul class=\"elementor-icon-list-items\">\n\t\t\t\t\t\t\t<li class=\"elementor-icon-list-item\">\n\t\t\t\t\t\t\t\t\t\t\t<span class=\"elementor-icon-list-icon\">\n\t\t\t\t\t\t\t<i aria-hidden=\"true\" class=\"fas fa-check\"><\/i>\t\t\t\t\t\t<\/span>\n\t\t\t\t\t\t\t\t\t\t<span class=\"elementor-icon-list-text\">Kaikki kodin tavarat, huonekalut ja esineet, joita sinulla on kotonasi.<\/span>\n\t\t\t\t\t\t\t\t\t<\/li>\n\t\t\t\t\t\t\t\t<li class=\"elementor-icon-list-item\">\n\t\t\t\t\t\t\t\t\t\t\t<span class=\"elementor-icon-list-icon\">\n\t\t\t\t\t\t\t<i aria-hidden=\"true\" class=\"fas fa-check\"><\/i>\t\t\t\t\t\t<\/span>\n\t\t\t\t\t\t\t\t\t\t<span class=\"elementor-icon-list-text\">Harrastusv\u00e4lineet, terassikalusteet ja puutarhaty\u00f6kalut<\/span>\n\t\t\t\t\t\t\t\t\t<\/li>\n\t\t\t\t\t\t<\/ul>\n\t\t\t\t\t\t<\/div>\n\t\t\t\t<\/div>\n\t\t\t\t\t<\/div>\n\t\t<\/div>\n\t\t\t\t\t<\/div>\n\t\t<\/section>\n\t\t\t\t<\/div>\n\t\t","protected":false},"excerpt":{"rendered":"<p>\ud83d\udd39 T\u00e4ydellinen 3 makuuhuoneen kotiin tai liiketoiminnan tarpeisiin<br \/>\n\ud83d\udd39 Joustava ja edullinen ratkaisu, kun tarvitset s\u00e4ilytystilaa<\/p>\n<p><strong>8 m\u00b2:n varastoyksikk\u00f6\u00f6n mahtuu noin 280 normaalikokoista laatikkoa.<\/strong><\/p>\n<p>\u2705 Iso s\u00e4ilytystila &#8211; mahtuu jopa 280 muuttolaatikkoa Sopii kolmen makuuhuoneen kodin sis\u00e4ll\u00f6lle &#8211; sohva, s\u00e4ngyt, kodinkoneet, laatikot T\u00e4ydellinen muuttoon, remonttiin tai pitk\u00e4aikaiseen s\u00e4ilytykseen K\u00e4tev\u00e4 yritysk\u00e4ytt\u00f6\u00f6n &#8211; ty\u00f6kalut, laitteet, laatikot, huonekalut, kansiot ja kansiot Erinomaisen kokoinen, jotta sinne mahtuu kolmen makuuhuoneen kodin sisustus.<br \/>\n\ud83c\udfe0<br \/>\n\ud83d\ude9b<br \/>\n\ud83d\udce6<\/p>\n<p><strong>Esimerkki: 2 s\u00e4nky\u00e4, kaksi sohvaa, 50 laatikkoa, p\u00f6yti\u00e4, tuoleja, sekalaista tavaraa, 4 py\u00f6r\u00e4\u00e4.<\/strong><\/p>\n","protected":false},"featured_media":1468,"template":"","meta":{"_acf_changed":false},"product_brand":[],"product_cat":[91,108,107,89],"product_tag":[],"class_list":{"0":"post-4189","1":"product","2":"type-product","3":"status-publish","4":"has-post-thumbnail","6":"product_cat-8m-fi","7":"product_cat-aleviku-poik-6-fi","8":"product_cat-juri-fi","9":"product_cat-lampotilan-saato","11":"first","12":"instock","13":"virtual","14":"taxable","15":"purchasable","16":"product-type-subscription"},"acf":[],"aioseo_notices":[],"_links":{"self":[{"href":"https:\/\/nordicministorages.ee\/fi\/wp-json\/wp\/v2\/product\/4189","targetHints":{"allow":["GET"]}}],"collection":[{"href":"https:\/\/nordicministorages.ee\/fi\/wp-json\/wp\/v2\/product"}],"about":[{"href":"https:\/\/nordicministorages.ee\/fi\/wp-json\/wp\/v2\/types\/product"}],"version-history":[{"count":4,"href":"https:\/\/nordicministorages.ee\/fi\/wp-json\/wp\/v2\/product\/4189\/revisions"}],"predecessor-version":[{"id":5415,"href":"https:\/\/nordicministorages.ee\/fi\/wp-json\/wp\/v2\/product\/4189\/revisions\/5415"}],"wp:featuredmedia":[{"embeddable":true,"href":"https:\/\/nordicministorages.ee\/fi\/wp-json\/wp\/v2\/media\/1468"}],"wp:attachment":[{"href":"https:\/\/nordicministorages.ee\/fi\/wp-json\/wp\/v2\/media?parent=4189"}],"wp:term":[{"taxonomy":"product_brand","embeddable":true,"href":"https:\/\/nordicministorages.ee\/fi\/wp-json\/wp\/v2\/product_brand?post=4189"},{"taxonomy":"product_cat","embeddable":true,"href":"https:\/\/nordicministorages.ee\/fi\/wp-json\/wp\/v2\/product_cat?post=4189"},{"taxonomy":"product_tag","embeddable":true,"href":"https:\/\/nordicministorages.ee\/fi\/wp-json\/wp\/v2\/product_tag?post=4189"}],"curies":[{"name":"wp","href":"https:\/\/api.w.org\/{rel}","templated":true}]}}