{"id":4224,"date":"2025-02-26T12:15:20","date_gmt":"2025-02-26T10:15:20","guid":{"rendered":"https:\/\/nordicministorages.ee\/?post_type=product&#038;p=4224"},"modified":"2026-02-21T11:23:39","modified_gmt":"2026-02-21T09:23:39","slug":"kaavakuja-2m%c2%b2-copy-copy-2__trashed","status":"publish","type":"product","link":"https:\/\/nordicministorages.ee\/fi\/storage-unit\/kaavakuja-2m%c2%b2-copy-copy-2__trashed\/","title":{"rendered":"P\u00e4rnu &#8211; 2m\u00b2"},"content":{"rendered":"\t\t<div data-elementor-type=\"product-post\" data-elementor-id=\"4224\" class=\"elementor elementor-4224 elementor-4223\" data-elementor-post-type=\"product\">\n\t\t\t\t\t\t<section class=\"elementor-section elementor-top-section elementor-element elementor-element-f4a1a8a elementor-section-boxed elementor-section-height-default elementor-section-height-default\" data-id=\"f4a1a8a\" data-element_type=\"section\" data-e-type=\"section\">\n\t\t\t\t\t\t<div class=\"elementor-container elementor-column-gap-default\">\n\t\t\t\t\t<div class=\"elementor-column elementor-col-100 elementor-top-column elementor-element elementor-element-b4198f6\" data-id=\"b4198f6\" data-element_type=\"column\" data-e-type=\"column\">\n\t\t\t<div class=\"elementor-widget-wrap elementor-element-populated\">\n\t\t\t\t\t\t<div class=\"elementor-element elementor-element-000ec28 elementor-widget elementor-widget-text-editor\" data-id=\"000ec28\" data-element_type=\"widget\" data-e-type=\"widget\" data-widget_type=\"text-editor.default\">\n\t\t\t\t<div class=\"elementor-widget-container\">\n\t\t\t\t\t\t\t\t\t<p><strong>Mit\u00e4 voit s\u00e4ilytt\u00e4\u00e4 varastossa?<\/strong><\/p>\t\t\t\t\t\t\t\t<\/div>\n\t\t\t\t<\/div>\n\t\t\t\t<div class=\"elementor-element elementor-element-e12f98a elementor-icon-list--layout-traditional elementor-list-item-link-full_width elementor-widget elementor-widget-icon-list\" data-id=\"e12f98a\" data-element_type=\"widget\" data-e-type=\"widget\" data-widget_type=\"icon-list.default\">\n\t\t\t\t<div class=\"elementor-widget-container\">\n\t\t\t\t\t\t\t<ul class=\"elementor-icon-list-items\">\n\t\t\t\t\t\t\t<li class=\"elementor-icon-list-item\">\n\t\t\t\t\t\t\t\t\t\t\t<span class=\"elementor-icon-list-icon\">\n\t\t\t\t\t\t\t<i aria-hidden=\"true\" class=\"fas fa-check\"><\/i>\t\t\t\t\t\t<\/span>\n\t\t\t\t\t\t\t\t\t\t<span class=\"elementor-icon-list-text\">Kaikki kodin tavarat, huonekalut ja esineet, joita sinulla on kotonasi.<\/span>\n\t\t\t\t\t\t\t\t\t<\/li>\n\t\t\t\t\t\t\t\t<li class=\"elementor-icon-list-item\">\n\t\t\t\t\t\t\t\t\t\t\t<span class=\"elementor-icon-list-icon\">\n\t\t\t\t\t\t\t<i aria-hidden=\"true\" class=\"fas fa-check\"><\/i>\t\t\t\t\t\t<\/span>\n\t\t\t\t\t\t\t\t\t\t<span class=\"elementor-icon-list-text\">Harrastusv\u00e4lineet, terassikalusteet ja puutarhaty\u00f6kalut<\/span>\n\t\t\t\t\t\t\t\t\t<\/li>\n\t\t\t\t\t\t<\/ul>\n\t\t\t\t\t\t<\/div>\n\t\t\t\t<\/div>\n\t\t\t\t\t<\/div>\n\t\t<\/div>\n\t\t\t\t\t<\/div>\n\t\t<\/section>\n\t\t\t\t<\/div>\n\t\t","protected":false},"excerpt":{"rendered":"<p>\ud83d\udd39 T\u00e4ydellinen pienille esineille ja kausis\u00e4ilytykseen<br \/>\n\ud83d\udd39 <em>Helppo ja edullinen ratkaisu, kun tarvitset lis\u00e4tilaa.<\/em><\/p>\n<p><strong>2 m\u00b2:n varastoyksikk\u00f6\u00f6n mahtuu noin 50 tavallisen kokoista laatikkoa.<\/strong><\/p>\n<p>\u2705 Muuttolaatikoille &#8211; mahtuu yli 50 laatikkoa<br \/>\n\ud83d\udeb2 Polkupy\u00f6rille ja urheiluv\u00e4lineille &#8211; sukset, golfmailat, retkeilyvarusteet<br \/>\n\ud83d\udd27 Autonrenkaille ja ty\u00f6kaluille<br \/>\n\ud83c\udf84 Sesonkitavaroille &#8211; joulukoristeet, kes\u00e4huonekalut, harrastusv\u00e4lineet<\/p>\n<p>Jotkin sohvat, s\u00e4ngyt jne. voidaan sijoittaa pystysuoraan t\u00e4h\u00e4n varastoyksikk\u00f6\u00f6n.<\/p>\n<p><strong>Esimerkki: 20 laatikkoa, <\/strong><strong>sekalaista tavaraa, py\u00f6r\u00e4.<\/strong><\/p>\n","protected":false},"featured_media":1466,"template":"","meta":{"_acf_changed":false},"product_brand":[],"product_cat":[86,89,119,118],"product_tag":[],"class_list":{"0":"post-4224","1":"product","2":"type-product","3":"status-publish","4":"has-post-thumbnail","6":"product_cat-2m-fi","7":"product_cat-lampotilan-saato","8":"product_cat-oja-114-fi","9":"product_cat-parnu-fi","11":"first","12":"instock","13":"virtual","14":"sold-individually","15":"taxable","16":"purchasable","17":"product-type-subscription"},"acf":[],"aioseo_notices":[],"_links":{"self":[{"href":"https:\/\/nordicministorages.ee\/fi\/wp-json\/wp\/v2\/product\/4224","targetHints":{"allow":["GET"]}}],"collection":[{"href":"https:\/\/nordicministorages.ee\/fi\/wp-json\/wp\/v2\/product"}],"about":[{"href":"https:\/\/nordicministorages.ee\/fi\/wp-json\/wp\/v2\/types\/product"}],"version-history":[{"count":5,"href":"https:\/\/nordicministorages.ee\/fi\/wp-json\/wp\/v2\/product\/4224\/revisions"}],"predecessor-version":[{"id":7124,"href":"https:\/\/nordicministorages.ee\/fi\/wp-json\/wp\/v2\/product\/4224\/revisions\/7124"}],"wp:featuredmedia":[{"embeddable":true,"href":"https:\/\/nordicministorages.ee\/fi\/wp-json\/wp\/v2\/media\/1466"}],"wp:attachment":[{"href":"https:\/\/nordicministorages.ee\/fi\/wp-json\/wp\/v2\/media?parent=4224"}],"wp:term":[{"taxonomy":"product_brand","embeddable":true,"href":"https:\/\/nordicministorages.ee\/fi\/wp-json\/wp\/v2\/product_brand?post=4224"},{"taxonomy":"product_cat","embeddable":true,"href":"https:\/\/nordicministorages.ee\/fi\/wp-json\/wp\/v2\/product_cat?post=4224"},{"taxonomy":"product_tag","embeddable":true,"href":"https:\/\/nordicministorages.ee\/fi\/wp-json\/wp\/v2\/product_tag?post=4224"}],"curies":[{"name":"wp","href":"https:\/\/api.w.org\/{rel}","templated":true}]}}