{"id":4241,"date":"2025-02-26T12:22:49","date_gmt":"2025-02-26T10:22:49","guid":{"rendered":"https:\/\/nordicministorages.ee\/?post_type=product&#038;p=4241"},"modified":"2026-02-21T11:23:04","modified_gmt":"2026-02-21T09:23:04","slug":"kaavakuja-10m%c2%b2-copy-copy-2__trashed","status":"publish","type":"product","link":"https:\/\/nordicministorages.ee\/fi\/storage-unit\/kaavakuja-10m%c2%b2-copy-copy-2__trashed\/","title":{"rendered":"P\u00e4rnu &#8211; 10m\u00b2"},"content":{"rendered":"\t\t<div data-elementor-type=\"product-post\" data-elementor-id=\"4241\" class=\"elementor elementor-4241 elementor-4240\" data-elementor-post-type=\"product\">\n\t\t\t\t\t\t<section class=\"elementor-section elementor-top-section elementor-element elementor-element-e12c498 elementor-section-boxed elementor-section-height-default elementor-section-height-default\" data-id=\"e12c498\" data-element_type=\"section\" data-e-type=\"section\">\n\t\t\t\t\t\t<div class=\"elementor-container elementor-column-gap-default\">\n\t\t\t\t\t<div class=\"elementor-column elementor-col-100 elementor-top-column elementor-element elementor-element-1b0803d\" data-id=\"1b0803d\" data-element_type=\"column\" data-e-type=\"column\">\n\t\t\t<div class=\"elementor-widget-wrap elementor-element-populated\">\n\t\t\t\t\t\t<div class=\"elementor-element elementor-element-b3ecc69 elementor-widget elementor-widget-text-editor\" data-id=\"b3ecc69\" data-element_type=\"widget\" data-e-type=\"widget\" data-widget_type=\"text-editor.default\">\n\t\t\t\t<div class=\"elementor-widget-container\">\n\t\t\t\t\t\t\t\t\t<p><strong>Mit\u00e4 voit s\u00e4ilytt\u00e4\u00e4 varastossa?<\/strong><\/p>\t\t\t\t\t\t\t\t<\/div>\n\t\t\t\t<\/div>\n\t\t\t\t<div class=\"elementor-element elementor-element-577a75f elementor-icon-list--layout-traditional elementor-list-item-link-full_width elementor-widget elementor-widget-icon-list\" data-id=\"577a75f\" data-element_type=\"widget\" data-e-type=\"widget\" data-widget_type=\"icon-list.default\">\n\t\t\t\t<div class=\"elementor-widget-container\">\n\t\t\t\t\t\t\t<ul class=\"elementor-icon-list-items\">\n\t\t\t\t\t\t\t<li class=\"elementor-icon-list-item\">\n\t\t\t\t\t\t\t\t\t\t\t<span class=\"elementor-icon-list-icon\">\n\t\t\t\t\t\t\t<i aria-hidden=\"true\" class=\"fas fa-check\"><\/i>\t\t\t\t\t\t<\/span>\n\t\t\t\t\t\t\t\t\t\t<span class=\"elementor-icon-list-text\">Kaikki kodin tavarat, huonekalut ja esineet, joita sinulla on kotonasi.<\/span>\n\t\t\t\t\t\t\t\t\t<\/li>\n\t\t\t\t\t\t\t\t<li class=\"elementor-icon-list-item\">\n\t\t\t\t\t\t\t\t\t\t\t<span class=\"elementor-icon-list-icon\">\n\t\t\t\t\t\t\t<i aria-hidden=\"true\" class=\"fas fa-check\"><\/i>\t\t\t\t\t\t<\/span>\n\t\t\t\t\t\t\t\t\t\t<span class=\"elementor-icon-list-text\">Harrastusv\u00e4lineet, terassikalusteet ja puutarhaty\u00f6kalut<\/span>\n\t\t\t\t\t\t\t\t\t<\/li>\n\t\t\t\t\t\t<\/ul>\n\t\t\t\t\t\t<\/div>\n\t\t\t\t<\/div>\n\t\t\t\t\t<\/div>\n\t\t<\/div>\n\t\t\t\t\t<\/div>\n\t\t<\/section>\n\t\t\t\t<\/div>\n\t\t","protected":false},"excerpt":{"rendered":"<p>\ud83d\udd39 T\u00e4ydellinen 4-5 makuuhuoneen kotiin tai yrityksen tarpeisiin<br \/>\n\ud83d\udd39 Joustava ja edullinen ratkaisu, kun tarvitset s\u00e4ilytystilaa<\/p>\n<p><strong>10 m\u00b2:n varastoyksikk\u00f6\u00f6n mahtuu noin 360 standardikokoista laatikkoa.<\/strong><\/p>\n<p>\u2705 Eritt\u00e4in suuri s\u00e4ilytystila &#8211; mahtuu jopa 360 muuttolaatikkoa  Sopii 4-5 makuuhuoneen kodin sis\u00e4ll\u00f6lle &#8211; sohva, s\u00e4ngyt, kodinkoneet, laatikot  T\u00e4ydellinen muuttoon, remonttiin tai pitk\u00e4aikaiseen s\u00e4ilytykseen  K\u00e4tev\u00e4 yritysk\u00e4ytt\u00f6\u00f6n &#8211; ty\u00f6kalut, laitteet, laatikot, huonekalut, kansiot ja kansiot Erinomaisen kokoinen, jotta sinne mahtuu my\u00f6s kolmen makuuhuoneen kodin sisustus.<br \/>\n\ud83c\udfe0<br \/>\n\ud83d\ude9b<br \/>\n\ud83d\udce6<\/p>\n<p><strong>Esimerkki: 4 s\u00e4nky\u00e4, kaksi sohvaa, 80 laatikkoa, p\u00f6yti\u00e4, tuoleja, sekalaista tavaraa, kaksi polkupy\u00f6r\u00e4\u00e4.<\/strong><\/p>\n","protected":false},"featured_media":2195,"template":"","meta":{"_acf_changed":false},"product_brand":[],"product_cat":[90,89,119,118],"product_tag":[],"class_list":{"0":"post-4241","1":"product","2":"type-product","3":"status-publish","4":"has-post-thumbnail","6":"product_cat-10m-fi","7":"product_cat-lampotilan-saato","8":"product_cat-oja-114-fi","9":"product_cat-parnu-fi","11":"first","12":"instock","13":"virtual","14":"sold-individually","15":"taxable","16":"purchasable","17":"product-type-subscription"},"acf":[],"aioseo_notices":[],"_links":{"self":[{"href":"https:\/\/nordicministorages.ee\/fi\/wp-json\/wp\/v2\/product\/4241","targetHints":{"allow":["GET"]}}],"collection":[{"href":"https:\/\/nordicministorages.ee\/fi\/wp-json\/wp\/v2\/product"}],"about":[{"href":"https:\/\/nordicministorages.ee\/fi\/wp-json\/wp\/v2\/types\/product"}],"version-history":[{"count":5,"href":"https:\/\/nordicministorages.ee\/fi\/wp-json\/wp\/v2\/product\/4241\/revisions"}],"predecessor-version":[{"id":7120,"href":"https:\/\/nordicministorages.ee\/fi\/wp-json\/wp\/v2\/product\/4241\/revisions\/7120"}],"wp:featuredmedia":[{"embeddable":true,"href":"https:\/\/nordicministorages.ee\/fi\/wp-json\/wp\/v2\/media\/2195"}],"wp:attachment":[{"href":"https:\/\/nordicministorages.ee\/fi\/wp-json\/wp\/v2\/media?parent=4241"}],"wp:term":[{"taxonomy":"product_brand","embeddable":true,"href":"https:\/\/nordicministorages.ee\/fi\/wp-json\/wp\/v2\/product_brand?post=4241"},{"taxonomy":"product_cat","embeddable":true,"href":"https:\/\/nordicministorages.ee\/fi\/wp-json\/wp\/v2\/product_cat?post=4241"},{"taxonomy":"product_tag","embeddable":true,"href":"https:\/\/nordicministorages.ee\/fi\/wp-json\/wp\/v2\/product_tag?post=4241"}],"curies":[{"name":"wp","href":"https:\/\/api.w.org\/{rel}","templated":true}]}}